{"id":3119,"date":"2023-01-11T15:20:43","date_gmt":"2023-01-11T15:20:43","guid":{"rendered":"https:\/\/medposnonwoven.com\/product\/cubrebota-de-plastico-desechable\/"},"modified":"2023-04-10T10:15:05","modified_gmt":"2023-04-10T10:15:05","slug":"cubrebota-de-plastico-desechable","status":"publish","type":"product","link":"https:\/\/medposnonwoven.com\/es\/producto\/cubrebota-de-plastico-desechable\/","title":{"rendered":"Cubrebota de pl\u00e1stico desechable"},"content":{"rendered":"<ul>\n<li>Los cubrebotas evitan que se arrastren sustancias por el edificio o el lugar de trabajo, lo que podr\u00eda da\u00f1ar el suelo, suponer un riesgo de ca\u00edda o perjudicar la esterilidad y limpieza de las salas. Contratistas como electricistas y fontaneros pueden utilizar cubrezapatos desechables para evitar la propagaci\u00f3n de la suciedad y la mugre habituales al entrar y salir de la casa de un cliente.<\/li>\n<li>Los cubrebotas desechables son fant\u00e1sticos para proteger el calzado de las sustancias acuosas. Los cubrebotas para lluvia vienen en varios colores y tienen suela antideslizante. Est\u00e1n fabricadas con una pel\u00edcula de polietileno pl\u00e1smico de alta calidad y durabilidad. El material presenta una excelente resistencia al desgarro. En el borde y el tobillo de los botines hay dos bandas el\u00e1sticas que garantizan un ajuste seguro a las piernas. Esta caracter\u00edstica ayuda a llevar r\u00e1pida y f\u00e1cilmente cubrezapatos impermeables sin necesidad de fijarlos.<\/li>\n<\/ul>\n<p>&nbsp;<\/p>\n","protected":false},"excerpt":{"rendered":"<ul>\n<li>Estos cubrebotas impermeables est\u00e1n hechos de material pl\u00e1stico PE, espesado y fiable de usar, ligero y desechable, se puede plegar f\u00e1cilmente y poner en una mochila o bolso para viajar.<\/li>\n<li>Ampliamente utilizado en hogares, hoteles, industria alimentaria, tratamiento m\u00e9dico, f\u00e1bricas, limpieza de laboratorios y otros lugares aplicables.<\/li>\n<\/ul>\n<h4>Caracter\u00edsticas<\/h4>\n<p>Material: Polietileno PE<\/p>\n<p>Tama\u00f1o: 40x50cm,45X38cm o personalizado<\/p>\n<p>Color:Blanco, Azul<\/p>\n<p>Tipo:Parte superior el\u00e1stica, superficie en relieve<\/p>\n<p>Embalaje: 100pcs\/bag, 10 bags\/carton<\/p>\n<p>&nbsp;<\/p>\n<p>&nbsp;<\/p>\n","protected":false},"featured_media":2796,"template":"","meta":{"site-sidebar-layout":"default","site-content-layout":"default","ast-site-content-layout":"default","site-content-style":"default","site-sidebar-style":"default","ast-global-header-display":"","ast-banner-title-visibility":"","ast-main-header-display":"","ast-hfb-above-header-display":"","ast-hfb-below-header-display":"","ast-hfb-mobile-header-display":"","site-post-title":"","ast-breadcrumbs-content":"","ast-featured-img":"","footer-sml-layout":"","ast-disable-related-posts":"","theme-transparent-header-meta":"default","adv-header-id-meta":"","stick-header-meta":"","header-above-stick-meta":"","header-main-stick-meta":"","header-below-stick-meta":"","astra-migrate-meta-layouts":"default","ast-page-background-enabled":"default","ast-page-background-meta":{"desktop":{"background-color":"","background-image":"","background-repeat":"repeat","background-position":"center center","background-size":"auto","background-attachment":"scroll","background-type":"","background-media":"","overlay-type":"","overlay-color":"","overlay-opacity":"","overlay-gradient":""},"tablet":{"background-color":"","background-image":"","background-repeat":"repeat","background-position":"center center","background-size":"auto","background-attachment":"scroll","background-type":"","background-media":"","overlay-type":"","overlay-color":"","overlay-opacity":"","overlay-gradient":""},"mobile":{"background-color":"","background-image":"","background-repeat":"repeat","background-position":"center center","background-size":"auto","background-attachment":"scroll","background-type":"","background-media":"","overlay-type":"","overlay-color":"","overlay-opacity":"","overlay-gradient":""}},"ast-content-background-meta":{"desktop":{"background-color":"var(--ast-global-color-5)","background-image":"","background-repeat":"repeat","background-position":"center center","background-size":"auto","background-attachment":"scroll","background-type":"","background-media":"","overlay-type":"","overlay-color":"","overlay-opacity":"","overlay-gradient":""},"tablet":{"background-color":"var(--ast-global-color-5)","background-image":"","background-repeat":"repeat","background-position":"center center","background-size":"auto","background-attachment":"scroll","background-type":"","background-media":"","overlay-type":"","overlay-color":"","overlay-opacity":"","overlay-gradient":""},"mobile":{"background-color":"var(--ast-global-color-5)","background-image":"","background-repeat":"repeat","background-position":"center center","background-size":"auto","background-attachment":"scroll","background-type":"","background-media":"","overlay-type":"","overlay-color":"","overlay-opacity":"","overlay-gradient":""}}},"product_brand":[],"product_cat":[69],"product_tag":[],"class_list":{"0":"post-3119","1":"product","2":"type-product","3":"status-publish","4":"has-post-thumbnail","6":"product_cat-cubrezapatos-y-cubrebotas-2","7":"desktop-align-center","8":"tablet-align-left","9":"mobile-align-left","11":"first","12":"instock","13":"shipping-taxable","14":"product-type-simple"},"_links":{"self":[{"href":"https:\/\/medposnonwoven.com\/es\/wp-json\/wp\/v2\/product\/3119","targetHints":{"allow":["GET"]}}],"collection":[{"href":"https:\/\/medposnonwoven.com\/es\/wp-json\/wp\/v2\/product"}],"about":[{"href":"https:\/\/medposnonwoven.com\/es\/wp-json\/wp\/v2\/types\/product"}],"wp:featuredmedia":[{"embeddable":true,"href":"https:\/\/medposnonwoven.com\/es\/wp-json\/wp\/v2\/media\/2796"}],"wp:attachment":[{"href":"https:\/\/medposnonwoven.com\/es\/wp-json\/wp\/v2\/media?parent=3119"}],"wp:term":[{"taxonomy":"product_brand","embeddable":true,"href":"https:\/\/medposnonwoven.com\/es\/wp-json\/wp\/v2\/product_brand?post=3119"},{"taxonomy":"product_cat","embeddable":true,"href":"https:\/\/medposnonwoven.com\/es\/wp-json\/wp\/v2\/product_cat?post=3119"},{"taxonomy":"product_tag","embeddable":true,"href":"https:\/\/medposnonwoven.com\/es\/wp-json\/wp\/v2\/product_tag?post=3119"}],"curies":[{"name":"wp","href":"https:\/\/api.w.org\/{rel}","templated":true}]}}