{"id":3120,"date":"2023-01-11T14:46:32","date_gmt":"2023-01-11T14:46:32","guid":{"rendered":"https:\/\/medposnonwoven.com\/product\/cubrebotas-microporoso\/"},"modified":"2023-04-10T10:15:51","modified_gmt":"2023-04-10T10:15:51","slug":"cubrebotas-microporoso","status":"publish","type":"product","link":"https:\/\/medposnonwoven.com\/es\/producto\/cubrebotas-microporoso\/","title":{"rendered":"Cubrebotas microporoso"},"content":{"rendered":"<ul>\n<li>Los cubrebotas desechables pueden desecharse tras su uso. Esto puede reducir en gran medida la posibilidad de contaminaci\u00f3n cruzada y evitar que el personal sanitario propague posibles contaminantes a otras zonas.<\/li>\n<li>Los cubrebotas desechables son fant\u00e1sticos para proteger el calzado de las sustancias acuosas. Los cubrebotas para lluvia vienen en una gran variedad de colores y tienen lazos laterales que fijan los escarpines desmontables a la pierna. Est\u00e1n fabricadas con una mezcla de 2 tejidos: tela no tejida y pel\u00edcula de PE transpirable. El material de doble capa ofrece una excelente resistencia al desgarro. En el borde y el tobillo de los botines hay dos bandas el\u00e1sticas que garantizan un ajuste seguro a las piernas. Esta caracter\u00edstica ayuda a llevar r\u00e1pida y f\u00e1cilmente cubrezapatos impermeables sin necesidad de fijarlos.<\/li>\n<\/ul>\n<p>&nbsp;<\/p>\n","protected":false},"excerpt":{"rendered":"<ul>\n<li>Fabricado en polipropileno y polietileno, impermeable, antideslizante, c\u00f3modo y transpirable.<\/li>\n<li>Ampliamente utilizado en hogares, hoteles, industria alimentaria, tratamiento m\u00e9dico, f\u00e1bricas, limpieza de laboratorios y otros lugares aplicables.<\/li>\n<\/ul>\n<h4>Caracter\u00edsticas<\/h4>\n<p>Material: Polipropileno (PP) + pel\u00edcula microporosa<\/p>\n<p>Tama\u00f1o: 40x50cm o personalizado<\/p>\n<p>Color:Blanco, Azul<\/p>\n<p>Tipo:Top el\u00e1stico, con cinta azul<\/p>\n<p>Embalaje: 100pcs\/bag, 10 bags\/carton<\/p>\n<p>&nbsp;<\/p>\n<p>&nbsp;<\/p>\n","protected":false},"featured_media":2793,"template":"","meta":{"site-sidebar-layout":"default","site-content-layout":"default","ast-site-content-layout":"default","site-content-style":"default","site-sidebar-style":"default","ast-global-header-display":"","ast-banner-title-visibility":"","ast-main-header-display":"","ast-hfb-above-header-display":"","ast-hfb-below-header-display":"","ast-hfb-mobile-header-display":"","site-post-title":"","ast-breadcrumbs-content":"","ast-featured-img":"","footer-sml-layout":"","ast-disable-related-posts":"","theme-transparent-header-meta":"default","adv-header-id-meta":"","stick-header-meta":"","header-above-stick-meta":"","header-main-stick-meta":"","header-below-stick-meta":"","astra-migrate-meta-layouts":"default","ast-page-background-enabled":"default","ast-page-background-meta":{"desktop":{"background-color":"","background-image":"","background-repeat":"repeat","background-position":"center center","background-size":"auto","background-attachment":"scroll","background-type":"","background-media":"","overlay-type":"","overlay-color":"","overlay-opacity":"","overlay-gradient":""},"tablet":{"background-color":"","background-image":"","background-repeat":"repeat","background-position":"center center","background-size":"auto","background-attachment":"scroll","background-type":"","background-media":"","overlay-type":"","overlay-color":"","overlay-opacity":"","overlay-gradient":""},"mobile":{"background-color":"","background-image":"","background-repeat":"repeat","background-position":"center center","background-size":"auto","background-attachment":"scroll","background-type":"","background-media":"","overlay-type":"","overlay-color":"","overlay-opacity":"","overlay-gradient":""}},"ast-content-background-meta":{"desktop":{"background-color":"var(--ast-global-color-5)","background-image":"","background-repeat":"repeat","background-position":"center center","background-size":"auto","background-attachment":"scroll","background-type":"","background-media":"","overlay-type":"","overlay-color":"","overlay-opacity":"","overlay-gradient":""},"tablet":{"background-color":"var(--ast-global-color-5)","background-image":"","background-repeat":"repeat","background-position":"center center","background-size":"auto","background-attachment":"scroll","background-type":"","background-media":"","overlay-type":"","overlay-color":"","overlay-opacity":"","overlay-gradient":""},"mobile":{"background-color":"var(--ast-global-color-5)","background-image":"","background-repeat":"repeat","background-position":"center center","background-size":"auto","background-attachment":"scroll","background-type":"","background-media":"","overlay-type":"","overlay-color":"","overlay-opacity":"","overlay-gradient":""}}},"product_brand":[],"product_cat":[69],"product_tag":[],"class_list":{"0":"post-3120","1":"product","2":"type-product","3":"status-publish","4":"has-post-thumbnail","6":"product_cat-cubrezapatos-y-cubrebotas-2","7":"desktop-align-center","8":"tablet-align-left","9":"mobile-align-left","11":"first","12":"instock","13":"shipping-taxable","14":"product-type-simple"},"_links":{"self":[{"href":"https:\/\/medposnonwoven.com\/es\/wp-json\/wp\/v2\/product\/3120","targetHints":{"allow":["GET"]}}],"collection":[{"href":"https:\/\/medposnonwoven.com\/es\/wp-json\/wp\/v2\/product"}],"about":[{"href":"https:\/\/medposnonwoven.com\/es\/wp-json\/wp\/v2\/types\/product"}],"wp:featuredmedia":[{"embeddable":true,"href":"https:\/\/medposnonwoven.com\/es\/wp-json\/wp\/v2\/media\/2793"}],"wp:attachment":[{"href":"https:\/\/medposnonwoven.com\/es\/wp-json\/wp\/v2\/media?parent=3120"}],"wp:term":[{"taxonomy":"product_brand","embeddable":true,"href":"https:\/\/medposnonwoven.com\/es\/wp-json\/wp\/v2\/product_brand?post=3120"},{"taxonomy":"product_cat","embeddable":true,"href":"https:\/\/medposnonwoven.com\/es\/wp-json\/wp\/v2\/product_cat?post=3120"},{"taxonomy":"product_tag","embeddable":true,"href":"https:\/\/medposnonwoven.com\/es\/wp-json\/wp\/v2\/product_tag?post=3120"}],"curies":[{"name":"wp","href":"https:\/\/api.w.org\/{rel}","templated":true}]}}