{"id":3121,"date":"2023-01-03T16:07:11","date_gmt":"2023-01-03T16:07:11","guid":{"rendered":"https:\/\/medposnonwoven.com\/product\/mono-medico-microporoso\/"},"modified":"2023-04-10T11:12:30","modified_gmt":"2023-04-10T11:12:30","slug":"mono-medico-microporoso","status":"publish","type":"product","link":"https:\/\/medposnonwoven.com\/es\/producto\/mono-medico-microporoso\/","title":{"rendered":"Mono m\u00e9dico microporoso"},"content":{"rendered":"<ul>\n<li>Los requisitos de alto nivel del mono m\u00e9dico.<br \/>\n1.Resistencia a la permeabilidad al agua<br \/>\nLa presi\u00f3n hidrost\u00e1tica de las partes clave de la ropa de protecci\u00f3n no debe ser inferior a 167 KPA (17 CMH20).<br \/>\n2. Penetraci\u00f3n sangu\u00ednea antisint\u00e9tica<br \/>\nLa resistencia a la penetraci\u00f3n de sangre sint\u00e9tica de la ropa de protecci\u00f3n no debe ser inferior a los requisitos del nivel 2 de la norma GB19082-2009.<br \/>\n3.Resistencia a la fractura<br \/>\nLa resistencia a la fractura de las piezas clave del material de la ropa de protecci\u00f3n no debe ser inferior a 45 N.<br \/>\n4. Eficacia de filtraci\u00f3n<br \/>\nLa tasa de filtraci\u00f3n de part\u00edculas no aceitosas en las partes clave del material y las costuras de la ropa de protecci\u00f3n no debe ser inferior al 70%.<\/li>\n<li>Mano de obra de producci\u00f3n.<br \/>\n1. Dise\u00f1o del cap\u00f3<br \/>\nLa capucha est\u00e1 dise\u00f1ada con elasticidad para mantener alejados el polvo y los microorganismos.<br \/>\n2. Dise\u00f1o de cremallera<br \/>\nCremallera de una sola pieza para facilitar el encendido y apagado y proteger la solapa.<br \/>\n3. Dise\u00f1o del manguito<br \/>\nEncogimiento de mu\u00f1ecas y tobillos para evitar la entrada de polvo y bacterias.<br \/>\n4. Dise\u00f1o de la cintura<br \/>\nEl\u00e1stico en la cintura para adaptarse a las diferentes formas del cuerpo.<br \/>\n5. Cinta termosellable<br \/>\nCinta adhesiva en el interior de la solapa para evitar a\u00fan m\u00e1s la invasi\u00f3n de microorganismos para desempe\u00f1ar un doble papel de protecci\u00f3n.<\/li>\n<\/ul>\n<p>&nbsp;<\/p>\n","protected":false},"excerpt":{"rendered":"<ul>\n<li>El mono m\u00e9dico MICROPOROUS es para uso en algunos entornos cr\u00edticos y \u00e1reas de aplicaci\u00f3n general. El traje Hazmat es ideal para grafitis, limpieza, laboratorio, etc.<\/li>\n<\/ul>\n<h4>Caracter\u00edsticas<\/h4>\n<p>Material: Polipropileno + Film Microporoso Transpirable<\/p>\n<p>Talla: S, M, L, XL, XXL, 3XL, 4XL<\/p>\n<p>Color:Blanco, Azul, Azul oscuro<\/p>\n<p>Tipo:Con capucha, pu\u00f1os el\u00e1sticos y cierre con cremallera delante.<\/p>\n<p>Embalaje: 1 unidad\/bolsa, 50 bolsas\/caja<\/p>\n<p>&nbsp;<\/p>\n<p>&nbsp;<\/p>\n","protected":false},"featured_media":2747,"template":"","meta":{"site-sidebar-layout":"default","site-content-layout":"default","ast-site-content-layout":"default","site-content-style":"default","site-sidebar-style":"default","ast-global-header-display":"","ast-banner-title-visibility":"","ast-main-header-display":"","ast-hfb-above-header-display":"","ast-hfb-below-header-display":"","ast-hfb-mobile-header-display":"","site-post-title":"","ast-breadcrumbs-content":"","ast-featured-img":"","footer-sml-layout":"","ast-disable-related-posts":"","theme-transparent-header-meta":"default","adv-header-id-meta":"","stick-header-meta":"","header-above-stick-meta":"","header-main-stick-meta":"","header-below-stick-meta":"","astra-migrate-meta-layouts":"default","ast-page-background-enabled":"default","ast-page-background-meta":{"desktop":{"background-color":"","background-image":"","background-repeat":"repeat","background-position":"center center","background-size":"auto","background-attachment":"scroll","background-type":"","background-media":"","overlay-type":"","overlay-color":"","overlay-opacity":"","overlay-gradient":""},"tablet":{"background-color":"","background-image":"","background-repeat":"repeat","background-position":"center center","background-size":"auto","background-attachment":"scroll","background-type":"","background-media":"","overlay-type":"","overlay-color":"","overlay-opacity":"","overlay-gradient":""},"mobile":{"background-color":"","background-image":"","background-repeat":"repeat","background-position":"center center","background-size":"auto","background-attachment":"scroll","background-type":"","background-media":"","overlay-type":"","overlay-color":"","overlay-opacity":"","overlay-gradient":""}},"ast-content-background-meta":{"desktop":{"background-color":"var(--ast-global-color-5)","background-image":"","background-repeat":"repeat","background-position":"center center","background-size":"auto","background-attachment":"scroll","background-type":"","background-media":"","overlay-type":"","overlay-color":"","overlay-opacity":"","overlay-gradient":""},"tablet":{"background-color":"var(--ast-global-color-5)","background-image":"","background-repeat":"repeat","background-position":"center center","background-size":"auto","background-attachment":"scroll","background-type":"","background-media":"","overlay-type":"","overlay-color":"","overlay-opacity":"","overlay-gradient":""},"mobile":{"background-color":"var(--ast-global-color-5)","background-image":"","background-repeat":"repeat","background-position":"center center","background-size":"auto","background-attachment":"scroll","background-type":"","background-media":"","overlay-type":"","overlay-color":"","overlay-opacity":"","overlay-gradient":""}}},"product_brand":[],"product_cat":[70],"product_tag":[],"class_list":{"0":"post-3121","1":"product","2":"type-product","3":"status-publish","4":"has-post-thumbnail","6":"product_cat-batas-de-proteccion","7":"desktop-align-center","8":"tablet-align-left","9":"mobile-align-left","11":"first","12":"instock","13":"shipping-taxable","14":"product-type-simple"},"_links":{"self":[{"href":"https:\/\/medposnonwoven.com\/es\/wp-json\/wp\/v2\/product\/3121","targetHints":{"allow":["GET"]}}],"collection":[{"href":"https:\/\/medposnonwoven.com\/es\/wp-json\/wp\/v2\/product"}],"about":[{"href":"https:\/\/medposnonwoven.com\/es\/wp-json\/wp\/v2\/types\/product"}],"wp:featuredmedia":[{"embeddable":true,"href":"https:\/\/medposnonwoven.com\/es\/wp-json\/wp\/v2\/media\/2747"}],"wp:attachment":[{"href":"https:\/\/medposnonwoven.com\/es\/wp-json\/wp\/v2\/media?parent=3121"}],"wp:term":[{"taxonomy":"product_brand","embeddable":true,"href":"https:\/\/medposnonwoven.com\/es\/wp-json\/wp\/v2\/product_brand?post=3121"},{"taxonomy":"product_cat","embeddable":true,"href":"https:\/\/medposnonwoven.com\/es\/wp-json\/wp\/v2\/product_cat?post=3121"},{"taxonomy":"product_tag","embeddable":true,"href":"https:\/\/medposnonwoven.com\/es\/wp-json\/wp\/v2\/product_tag?post=3121"}],"curies":[{"name":"wp","href":"https:\/\/api.w.org\/{rel}","templated":true}]}}