{"id":3122,"date":"2023-01-05T15:23:58","date_gmt":"2023-01-05T15:23:58","guid":{"rendered":"https:\/\/medposnonwoven.com\/product\/delantal-de-plastico-desechable\/"},"modified":"2023-04-10T11:06:49","modified_gmt":"2023-04-10T11:06:49","slug":"delantal-de-plastico-desechable","status":"publish","type":"product","link":"https:\/\/medposnonwoven.com\/es\/producto\/delantal-de-plastico-desechable\/","title":{"rendered":"Delantal de pl\u00e1stico desechable"},"content":{"rendered":"<ul>\n<li>Los delantales de pl\u00e1stico desechables se utilizan cada vez m\u00e1s debido a su comodidad y asequibilidad, con el r\u00e1pido desarrollo de la tecnolog\u00eda y de las industrias farmac\u00e9utica y de restauraci\u00f3n en todo el mundo. Los delantales de pl\u00e1stico desechables pueden dividirse en delantales de pl\u00e1stico de polietileno (PE) y delantales de pl\u00e1stico de cloruro de polivinilo (PVC) en funci\u00f3n de su material, aunque tambi\u00e9n existen otros materiales. Los delantales desechables de polietileno (PE) son ligeros, impermeables y est\u00e1n disponibles en una amplia gama de tama\u00f1os. Estos delantales son resistentes a los l\u00edquidos y a las manchas de grasa y aceite, y se utilizan habitualmente en aplicaciones de procesamiento de alimentos, catering, panader\u00eda y farmacia. Los delantales desechables de pl\u00e1stico de cloruro de polivinilo (PVC) son duraderos y pueden limpiarse con toallitas h\u00famedas. Este producto suele ser ajustable en longitud para adaptarse a diferentes tipos de cuerpo; combina resistencia al agua, la grasa, la corrosi\u00f3n y el polvo, y es adecuado para uso comercial y profesional, como carpinteros, peluqueros, pintores, cocineros, camareros, etc. Adem\u00e1s, algunos productos est\u00e1n dise\u00f1ados con bolsillos para llevar cosas, lo que aumenta su practicidad. Actualmente, los m\u00e1s utilizados son los delantales de pl\u00e1stico de polietileno<\/li>\n<\/ul>\n<p>&nbsp;<\/p>\n","protected":false},"excerpt":{"rendered":"<ul>\n<li>El delantal desechable crea una barrera fiable entre su ropa y el entorno de trabajo. Nuestro delantal azul de pl\u00e1stico impermeable ser\u00e1 un excelente sustituto de los caros uniformes.<\/li>\n<li>Ampliamente utilizado en el servicio de alimentos, procesamiento de carne, cocina, manipulaci\u00f3n de alimentos, sala limpia, jardiner\u00eda e impresi\u00f3n.<\/li>\n<\/ul>\n<h4>Caracter\u00edsticas<\/h4>\n<p>Material: Polietileno HDPE o LDPE<\/p>\n<p>Tama\u00f1o:27\u00d742\u2033(69x107cm), 28\u00d746\u2033(71x117cm), 32\u2033x49\u2033(80x125cm)<\/p>\n<p>Color:Azul, Blanco<\/p>\n<p>Tipo:De una sola pieza, con lazos en la parte trasera, superficie gofrada o lisa<\/p>\n<p>Embalaje: 100 unidades\/bolsa, 10 bolsas\/caja de cart\u00f3n<\/p>\n<p>&nbsp;<\/p>\n<p>&nbsp;<\/p>\n","protected":false},"featured_media":2762,"template":"","meta":{"site-sidebar-layout":"default","site-content-layout":"default","ast-site-content-layout":"default","site-content-style":"default","site-sidebar-style":"default","ast-global-header-display":"","ast-banner-title-visibility":"","ast-main-header-display":"","ast-hfb-above-header-display":"","ast-hfb-below-header-display":"","ast-hfb-mobile-header-display":"","site-post-title":"","ast-breadcrumbs-content":"","ast-featured-img":"","footer-sml-layout":"","ast-disable-related-posts":"","theme-transparent-header-meta":"default","adv-header-id-meta":"","stick-header-meta":"","header-above-stick-meta":"","header-main-stick-meta":"","header-below-stick-meta":"","astra-migrate-meta-layouts":"default","ast-page-background-enabled":"default","ast-page-background-meta":{"desktop":{"background-color":"","background-image":"","background-repeat":"repeat","background-position":"center center","background-size":"auto","background-attachment":"scroll","background-type":"","background-media":"","overlay-type":"","overlay-color":"","overlay-opacity":"","overlay-gradient":""},"tablet":{"background-color":"","background-image":"","background-repeat":"repeat","background-position":"center center","background-size":"auto","background-attachment":"scroll","background-type":"","background-media":"","overlay-type":"","overlay-color":"","overlay-opacity":"","overlay-gradient":""},"mobile":{"background-color":"","background-image":"","background-repeat":"repeat","background-position":"center center","background-size":"auto","background-attachment":"scroll","background-type":"","background-media":"","overlay-type":"","overlay-color":"","overlay-opacity":"","overlay-gradient":""}},"ast-content-background-meta":{"desktop":{"background-color":"var(--ast-global-color-5)","background-image":"","background-repeat":"repeat","background-position":"center center","background-size":"auto","background-attachment":"scroll","background-type":"","background-media":"","overlay-type":"","overlay-color":"","overlay-opacity":"","overlay-gradient":""},"tablet":{"background-color":"var(--ast-global-color-5)","background-image":"","background-repeat":"repeat","background-position":"center center","background-size":"auto","background-attachment":"scroll","background-type":"","background-media":"","overlay-type":"","overlay-color":"","overlay-opacity":"","overlay-gradient":""},"mobile":{"background-color":"var(--ast-global-color-5)","background-image":"","background-repeat":"repeat","background-position":"center center","background-size":"auto","background-attachment":"scroll","background-type":"","background-media":"","overlay-type":"","overlay-color":"","overlay-opacity":"","overlay-gradient":""}}},"product_brand":[],"product_cat":[67],"product_tag":[],"class_list":{"0":"post-3122","1":"product","2":"type-product","3":"status-publish","4":"has-post-thumbnail","6":"product_cat-delantales-desechables","7":"desktop-align-center","8":"tablet-align-left","9":"mobile-align-left","11":"first","12":"instock","13":"shipping-taxable","14":"product-type-simple"},"_links":{"self":[{"href":"https:\/\/medposnonwoven.com\/es\/wp-json\/wp\/v2\/product\/3122","targetHints":{"allow":["GET"]}}],"collection":[{"href":"https:\/\/medposnonwoven.com\/es\/wp-json\/wp\/v2\/product"}],"about":[{"href":"https:\/\/medposnonwoven.com\/es\/wp-json\/wp\/v2\/types\/product"}],"wp:featuredmedia":[{"embeddable":true,"href":"https:\/\/medposnonwoven.com\/es\/wp-json\/wp\/v2\/media\/2762"}],"wp:attachment":[{"href":"https:\/\/medposnonwoven.com\/es\/wp-json\/wp\/v2\/media?parent=3122"}],"wp:term":[{"taxonomy":"product_brand","embeddable":true,"href":"https:\/\/medposnonwoven.com\/es\/wp-json\/wp\/v2\/product_brand?post=3122"},{"taxonomy":"product_cat","embeddable":true,"href":"https:\/\/medposnonwoven.com\/es\/wp-json\/wp\/v2\/product_cat?post=3122"},{"taxonomy":"product_tag","embeddable":true,"href":"https:\/\/medposnonwoven.com\/es\/wp-json\/wp\/v2\/product_tag?post=3122"}],"curies":[{"name":"wp","href":"https:\/\/api.w.org\/{rel}","templated":true}]}}