{"id":3123,"date":"2023-01-07T15:44:39","date_gmt":"2023-01-07T15:44:39","guid":{"rendered":"https:\/\/medposnonwoven.com\/product\/cubrezapato-cpe-desechable\/"},"modified":"2023-04-10T10:26:38","modified_gmt":"2023-04-10T10:26:38","slug":"cubrezapato-cpe-desechable","status":"publish","type":"product","link":"https:\/\/medposnonwoven.com\/es\/producto\/cubrezapato-cpe-desechable\/","title":{"rendered":"Cubrezapato CPE desechable"},"content":{"rendered":"<ul>\n<li>Los cubrezapatos desechables est\u00e1n fabricados con materiales CPE 100% reciclables de alta calidad, extragruesos, resistentes y duraderos. Tambi\u00e9n son impermeables, antideslizantes y resistentes al desgarro, y tienen una superficie antideslizante. En diversos entornos interiores y exteriores, como los relacionados con la familia, los viajes, las fiestas, los jardines, los museos, los lugares de trabajo, los suelos de moqueta interiores, los autom\u00f3viles, etc., los cubrezapatos multiusos son apropiados para zapatos, botas, botines, calzado deportivo o zapatillas de deporte. Ideal para turistas, invitados, pintores, profesionales de la infancia, agentes inmobiliarios y proyectos familiares.<\/li>\n<li>Los cubrezapatos evitan que las sustancias se deslicen por el edificio o el lugar de trabajo, lo que podr\u00eda da\u00f1ar el suelo, suponer un riesgo de ca\u00edda o perjudicar la esterilidad y limpieza de las salas. Los contratistas, como electricistas y fontaneros, pueden utilizar cubrezapatos desechables para evitar la propagaci\u00f3n de suciedad ordinaria al entrar y salir de la casa de un cliente.<\/li>\n<li>Numerosas profesiones requieren tareas que pueden exponer a los trabajadores a sustancias que da\u00f1an o manchan el calzado. El calzado individual se mantiene m\u00e1s limpio porque los cubrezapatos crean una barrera f\u00edsica entre estos materiales.<\/li>\n<\/ul>\n<p>&nbsp;<\/p>\n","protected":false},"excerpt":{"rendered":"<ul>\n<li>En comparaci\u00f3n con los cubrezapatos de LDPE, los cubrezapatos de CPE tienen mejor resistencia a la intemperie, resistencia al ozono, resistencia qu\u00edmica y resistencia al envejecimiento, y una excelente resistencia al aceite, retardancia de llama y funci\u00f3n de coloraci\u00f3n.<\/li>\n<li>Ampliamente utilizado en hogares, hoteles, industria alimentaria, tratamiento m\u00e9dico, f\u00e1bricas, limpieza de laboratorios y otros lugares aplicables.<\/li>\n<\/ul>\n<h4>Caracter\u00edsticas<\/h4>\n<p>Material: CPE (polietileno clorado)<\/p>\n<p>Tama\u00f1o:15*41cm,16*40cm o Personalizado<\/p>\n<p>Color: azul, verde o personalizado<\/p>\n<p>Tipo:Correa el\u00e1stica en el tobillo, superficie en relieve<\/p>\n<p>Embalaje: 100pcs\/bag, 20 bags\/carton<\/p>\n<p>&nbsp;<\/p>\n<p>&nbsp;<\/p>\n","protected":false},"featured_media":2779,"template":"","meta":{"site-sidebar-layout":"default","site-content-layout":"default","ast-site-content-layout":"default","site-content-style":"default","site-sidebar-style":"default","ast-global-header-display":"","ast-banner-title-visibility":"","ast-main-header-display":"","ast-hfb-above-header-display":"","ast-hfb-below-header-display":"","ast-hfb-mobile-header-display":"","site-post-title":"","ast-breadcrumbs-content":"","ast-featured-img":"","footer-sml-layout":"","ast-disable-related-posts":"","theme-transparent-header-meta":"default","adv-header-id-meta":"","stick-header-meta":"","header-above-stick-meta":"","header-main-stick-meta":"","header-below-stick-meta":"","astra-migrate-meta-layouts":"default","ast-page-background-enabled":"default","ast-page-background-meta":{"desktop":{"background-color":"","background-image":"","background-repeat":"repeat","background-position":"center center","background-size":"auto","background-attachment":"scroll","background-type":"","background-media":"","overlay-type":"","overlay-color":"","overlay-opacity":"","overlay-gradient":""},"tablet":{"background-color":"","background-image":"","background-repeat":"repeat","background-position":"center center","background-size":"auto","background-attachment":"scroll","background-type":"","background-media":"","overlay-type":"","overlay-color":"","overlay-opacity":"","overlay-gradient":""},"mobile":{"background-color":"","background-image":"","background-repeat":"repeat","background-position":"center center","background-size":"auto","background-attachment":"scroll","background-type":"","background-media":"","overlay-type":"","overlay-color":"","overlay-opacity":"","overlay-gradient":""}},"ast-content-background-meta":{"desktop":{"background-color":"var(--ast-global-color-5)","background-image":"","background-repeat":"repeat","background-position":"center center","background-size":"auto","background-attachment":"scroll","background-type":"","background-media":"","overlay-type":"","overlay-color":"","overlay-opacity":"","overlay-gradient":""},"tablet":{"background-color":"var(--ast-global-color-5)","background-image":"","background-repeat":"repeat","background-position":"center center","background-size":"auto","background-attachment":"scroll","background-type":"","background-media":"","overlay-type":"","overlay-color":"","overlay-opacity":"","overlay-gradient":""},"mobile":{"background-color":"var(--ast-global-color-5)","background-image":"","background-repeat":"repeat","background-position":"center center","background-size":"auto","background-attachment":"scroll","background-type":"","background-media":"","overlay-type":"","overlay-color":"","overlay-opacity":"","overlay-gradient":""}}},"product_brand":[],"product_cat":[69],"product_tag":[],"class_list":{"0":"post-3123","1":"product","2":"type-product","3":"status-publish","4":"has-post-thumbnail","6":"product_cat-cubrezapatos-y-cubrebotas-2","7":"desktop-align-center","8":"tablet-align-left","9":"mobile-align-left","11":"first","12":"instock","13":"shipping-taxable","14":"product-type-simple"},"_links":{"self":[{"href":"https:\/\/medposnonwoven.com\/es\/wp-json\/wp\/v2\/product\/3123","targetHints":{"allow":["GET"]}}],"collection":[{"href":"https:\/\/medposnonwoven.com\/es\/wp-json\/wp\/v2\/product"}],"about":[{"href":"https:\/\/medposnonwoven.com\/es\/wp-json\/wp\/v2\/types\/product"}],"wp:featuredmedia":[{"embeddable":true,"href":"https:\/\/medposnonwoven.com\/es\/wp-json\/wp\/v2\/media\/2779"}],"wp:attachment":[{"href":"https:\/\/medposnonwoven.com\/es\/wp-json\/wp\/v2\/media?parent=3123"}],"wp:term":[{"taxonomy":"product_brand","embeddable":true,"href":"https:\/\/medposnonwoven.com\/es\/wp-json\/wp\/v2\/product_brand?post=3123"},{"taxonomy":"product_cat","embeddable":true,"href":"https:\/\/medposnonwoven.com\/es\/wp-json\/wp\/v2\/product_cat?post=3123"},{"taxonomy":"product_tag","embeddable":true,"href":"https:\/\/medposnonwoven.com\/es\/wp-json\/wp\/v2\/product_tag?post=3123"}],"curies":[{"name":"wp","href":"https:\/\/api.w.org\/{rel}","templated":true}]}}