{"id":3124,"date":"2023-01-03T15:57:21","date_gmt":"2023-01-03T15:57:21","guid":{"rendered":"https:\/\/medposnonwoven.com\/product\/mono-microporoso-pppe\/"},"modified":"2023-04-10T11:15:32","modified_gmt":"2023-04-10T11:15:32","slug":"mono-microporoso-pppe","status":"publish","type":"product","link":"https:\/\/medposnonwoven.com\/es\/producto\/mono-microporoso-pppe\/","title":{"rendered":"Mono microporoso PP+PE"},"content":{"rendered":"<ul>\n<li>El mono microporoso tiene un dise\u00f1o exclusivo con dos materiales: una capa interior de polipropileno no tejido hilado y una capa exterior de pel\u00edcula microporosa. Adecuado para uso en \u00e1reas peligrosas, puede prevenir eficazmente el polvo, las part\u00edculas nocivas y la pulverizaci\u00f3n limitada de l\u00edquidos qu\u00edmicos de bajo riesgo.<\/li>\n<li>Caracter\u00edstica:<br \/>\n1.Excelente barrera qu\u00edmica frontal sin ca\u00edda de fibras. Todo el abrigo est\u00e1 fabricado con un material de pel\u00edcula transpirable que puede bloquear los l\u00edquidos \u00e1cidos y corrosivos a la vez que permite una penetraci\u00f3n de aire de gran comodidad.<br \/>\n2.Material de protecci\u00f3n antiest\u00e1tica adecuado para su uso en electr\u00f3nica y otros campos que requieren control est\u00e1tico<br \/>\n3. Dise\u00f1o el\u00e1stico en capucha, cintura, mu\u00f1ecas y tobillos, f\u00e1cil de llevar y mover.<br \/>\n4.Dise\u00f1o de la cremallera, amplia cubierta plana de protecci\u00f3n de m\u00faltiples capas en la solapa, lo que permite la comodidad de desgaste frontal.<br \/>\n5.Puede utilizarse junto con otros equipos de protecci\u00f3n individual para mejorar significativamente la seguridad.<\/li>\n<\/ul>\n<p>&nbsp;<\/p>\n","protected":false},"excerpt":{"rendered":"<ul>\n<li>Los trajes desechables est\u00e1n fabricados con tejido no tejido 100% resistente a los fluidos, lo que les confiere una durabilidad perfecta y, al mismo tiempo, ligereza y transpirabilidad suficientes para su comodidad.<\/li>\n<li>Ampliamente utilizado para jardiner\u00eda, pintura, pulverizaci\u00f3n, fabricaci\u00f3n, limpieza, mantenimiento de veh\u00edculos y m\u00e1quinas o para realizar trabajos de jardiner\u00eda.<\/li>\n<\/ul>\n<h4>Caracter\u00edsticas<\/h4>\n<p>Material: Polipropileno + Film Microporoso Transpirable<\/p>\n<p>Talla: S, M, L, XL, XXL, 3XL, 4XL<\/p>\n<p>Color:Blanco, Azul, Azul oscuro<\/p>\n<p>Tipo:Con capucha, pu\u00f1os el\u00e1sticos y cremallera delante.<\/p>\n<p>Embalaje: 1 unidad\/bolsa, 50 bolsas\/caja<\/p>\n<p>&nbsp;<\/p>\n<p>&nbsp;<\/p>\n","protected":false},"featured_media":2743,"template":"","meta":{"site-sidebar-layout":"default","site-content-layout":"default","ast-site-content-layout":"default","site-content-style":"default","site-sidebar-style":"default","ast-global-header-display":"","ast-banner-title-visibility":"","ast-main-header-display":"","ast-hfb-above-header-display":"","ast-hfb-below-header-display":"","ast-hfb-mobile-header-display":"","site-post-title":"","ast-breadcrumbs-content":"","ast-featured-img":"","footer-sml-layout":"","ast-disable-related-posts":"","theme-transparent-header-meta":"default","adv-header-id-meta":"","stick-header-meta":"","header-above-stick-meta":"","header-main-stick-meta":"","header-below-stick-meta":"","astra-migrate-meta-layouts":"default","ast-page-background-enabled":"default","ast-page-background-meta":{"desktop":{"background-color":"","background-image":"","background-repeat":"repeat","background-position":"center center","background-size":"auto","background-attachment":"scroll","background-type":"","background-media":"","overlay-type":"","overlay-color":"","overlay-opacity":"","overlay-gradient":""},"tablet":{"background-color":"","background-image":"","background-repeat":"repeat","background-position":"center center","background-size":"auto","background-attachment":"scroll","background-type":"","background-media":"","overlay-type":"","overlay-color":"","overlay-opacity":"","overlay-gradient":""},"mobile":{"background-color":"","background-image":"","background-repeat":"repeat","background-position":"center center","background-size":"auto","background-attachment":"scroll","background-type":"","background-media":"","overlay-type":"","overlay-color":"","overlay-opacity":"","overlay-gradient":""}},"ast-content-background-meta":{"desktop":{"background-color":"var(--ast-global-color-5)","background-image":"","background-repeat":"repeat","background-position":"center center","background-size":"auto","background-attachment":"scroll","background-type":"","background-media":"","overlay-type":"","overlay-color":"","overlay-opacity":"","overlay-gradient":""},"tablet":{"background-color":"var(--ast-global-color-5)","background-image":"","background-repeat":"repeat","background-position":"center center","background-size":"auto","background-attachment":"scroll","background-type":"","background-media":"","overlay-type":"","overlay-color":"","overlay-opacity":"","overlay-gradient":""},"mobile":{"background-color":"var(--ast-global-color-5)","background-image":"","background-repeat":"repeat","background-position":"center center","background-size":"auto","background-attachment":"scroll","background-type":"","background-media":"","overlay-type":"","overlay-color":"","overlay-opacity":"","overlay-gradient":""}}},"product_brand":[],"product_cat":[70],"product_tag":[],"class_list":{"0":"post-3124","1":"product","2":"type-product","3":"status-publish","4":"has-post-thumbnail","6":"product_cat-batas-de-proteccion","7":"desktop-align-center","8":"tablet-align-left","9":"mobile-align-left","11":"first","12":"instock","13":"shipping-taxable","14":"product-type-simple"},"_links":{"self":[{"href":"https:\/\/medposnonwoven.com\/es\/wp-json\/wp\/v2\/product\/3124","targetHints":{"allow":["GET"]}}],"collection":[{"href":"https:\/\/medposnonwoven.com\/es\/wp-json\/wp\/v2\/product"}],"about":[{"href":"https:\/\/medposnonwoven.com\/es\/wp-json\/wp\/v2\/types\/product"}],"wp:featuredmedia":[{"embeddable":true,"href":"https:\/\/medposnonwoven.com\/es\/wp-json\/wp\/v2\/media\/2743"}],"wp:attachment":[{"href":"https:\/\/medposnonwoven.com\/es\/wp-json\/wp\/v2\/media?parent=3124"}],"wp:term":[{"taxonomy":"product_brand","embeddable":true,"href":"https:\/\/medposnonwoven.com\/es\/wp-json\/wp\/v2\/product_brand?post=3124"},{"taxonomy":"product_cat","embeddable":true,"href":"https:\/\/medposnonwoven.com\/es\/wp-json\/wp\/v2\/product_cat?post=3124"},{"taxonomy":"product_tag","embeddable":true,"href":"https:\/\/medposnonwoven.com\/es\/wp-json\/wp\/v2\/product_tag?post=3124"}],"curies":[{"name":"wp","href":"https:\/\/api.w.org\/{rel}","templated":true}]}}