{"id":3125,"date":"2023-01-10T16:12:24","date_gmt":"2023-01-10T16:12:24","guid":{"rendered":"https:\/\/medposnonwoven.com\/product\/cubrebotas-desechables-de-tejido-sin-tejer\/"},"modified":"2023-04-10T10:18:49","modified_gmt":"2023-04-10T10:18:49","slug":"cubrebotas-desechables-de-tejido-sin-tejer","status":"publish","type":"product","link":"https:\/\/medposnonwoven.com\/es\/producto\/cubrebotas-desechables-de-tejido-sin-tejer\/","title":{"rendered":"Cubrebotas desechables de tejido sin tejer"},"content":{"rendered":"<ul>\n<li>Los cubrebotas desechables son una soluci\u00f3n pr\u00e1ctica e higi\u00e9nica para los consumidores que buscan un calzado c\u00f3modo y elegante porque est\u00e1n fabricados con materiales ligeros e impermeables, como los textiles no tejidos. De dise\u00f1o sencillo, tienen una banda el\u00e1stica en el tobillo para un ajuste seguro y un estilo slip-on.<\/li>\n<li>Para el personal que trabaja en hospitales, f\u00e1bricas y otros lugares donde se necesita un alto nivel de higiene, elegir cubrebotas desechables no es una mala idea. Te protegen perfectamente del barro y otros elementos peligrosos con una capa adicional. lo que las convierte en una buena elecci\u00f3n para las personas que trabajan en el exterior. Hay alguien que quiere mantener sus zapatos limpios, puede elegir cubrebotas desechables que en una variedad de tama\u00f1os y colores. Son rentables, f\u00e1ciles de almacenar y c\u00f3modos de usar.<\/li>\n<\/ul>\n<p>&nbsp;<\/p>\n","protected":false},"excerpt":{"rendered":"<ul>\n<li>Para fabricar los escarpines desechables se utiliza tela no tejida de polipropileno de alta calidad. A diferencia de otros cubrezapatos de pl\u00e1stico, el tejido del cubrezapatos impermeable es resistente a los desgarros y no cruje.<\/li>\n<li>Ampliamente utilizado en hogares, hoteles, industria alimentaria, tratamiento m\u00e9dico, f\u00e1bricas, limpieza de laboratorios y otros lugares aplicables.<\/li>\n<\/ul>\n<h4>Caracter\u00edsticas<\/h4>\n<p>Material: Tela no tejida de polipropileno<\/p>\n<p>Tama\u00f1o:42x39cm, 40x50cm o personalizado<\/p>\n<p>Color:Blanco, Azul<\/p>\n<p>Tipo:Parte superior el\u00e1stica, con dos lazos, con o sin suela antideslizante<\/p>\n<p>Embalaje: 100pcs\/bag, 10 bags\/carton<\/p>\n<p>&nbsp;<\/p>\n<p>&nbsp;<\/p>\n","protected":false},"featured_media":2790,"template":"","meta":{"site-sidebar-layout":"default","site-content-layout":"default","ast-site-content-layout":"default","site-content-style":"default","site-sidebar-style":"default","ast-global-header-display":"","ast-banner-title-visibility":"","ast-main-header-display":"","ast-hfb-above-header-display":"","ast-hfb-below-header-display":"","ast-hfb-mobile-header-display":"","site-post-title":"","ast-breadcrumbs-content":"","ast-featured-img":"","footer-sml-layout":"","ast-disable-related-posts":"","theme-transparent-header-meta":"default","adv-header-id-meta":"","stick-header-meta":"","header-above-stick-meta":"","header-main-stick-meta":"","header-below-stick-meta":"","astra-migrate-meta-layouts":"default","ast-page-background-enabled":"default","ast-page-background-meta":{"desktop":{"background-color":"","background-image":"","background-repeat":"repeat","background-position":"center center","background-size":"auto","background-attachment":"scroll","background-type":"","background-media":"","overlay-type":"","overlay-color":"","overlay-opacity":"","overlay-gradient":""},"tablet":{"background-color":"","background-image":"","background-repeat":"repeat","background-position":"center center","background-size":"auto","background-attachment":"scroll","background-type":"","background-media":"","overlay-type":"","overlay-color":"","overlay-opacity":"","overlay-gradient":""},"mobile":{"background-color":"","background-image":"","background-repeat":"repeat","background-position":"center center","background-size":"auto","background-attachment":"scroll","background-type":"","background-media":"","overlay-type":"","overlay-color":"","overlay-opacity":"","overlay-gradient":""}},"ast-content-background-meta":{"desktop":{"background-color":"var(--ast-global-color-5)","background-image":"","background-repeat":"repeat","background-position":"center center","background-size":"auto","background-attachment":"scroll","background-type":"","background-media":"","overlay-type":"","overlay-color":"","overlay-opacity":"","overlay-gradient":""},"tablet":{"background-color":"var(--ast-global-color-5)","background-image":"","background-repeat":"repeat","background-position":"center center","background-size":"auto","background-attachment":"scroll","background-type":"","background-media":"","overlay-type":"","overlay-color":"","overlay-opacity":"","overlay-gradient":""},"mobile":{"background-color":"var(--ast-global-color-5)","background-image":"","background-repeat":"repeat","background-position":"center center","background-size":"auto","background-attachment":"scroll","background-type":"","background-media":"","overlay-type":"","overlay-color":"","overlay-opacity":"","overlay-gradient":""}}},"product_brand":[],"product_cat":[69],"product_tag":[],"class_list":{"0":"post-3125","1":"product","2":"type-product","3":"status-publish","4":"has-post-thumbnail","6":"product_cat-cubrezapatos-y-cubrebotas-2","7":"desktop-align-center","8":"tablet-align-left","9":"mobile-align-left","11":"first","12":"instock","13":"shipping-taxable","14":"product-type-simple"},"_links":{"self":[{"href":"https:\/\/medposnonwoven.com\/es\/wp-json\/wp\/v2\/product\/3125","targetHints":{"allow":["GET"]}}],"collection":[{"href":"https:\/\/medposnonwoven.com\/es\/wp-json\/wp\/v2\/product"}],"about":[{"href":"https:\/\/medposnonwoven.com\/es\/wp-json\/wp\/v2\/types\/product"}],"wp:featuredmedia":[{"embeddable":true,"href":"https:\/\/medposnonwoven.com\/es\/wp-json\/wp\/v2\/media\/2790"}],"wp:attachment":[{"href":"https:\/\/medposnonwoven.com\/es\/wp-json\/wp\/v2\/media?parent=3125"}],"wp:term":[{"taxonomy":"product_brand","embeddable":true,"href":"https:\/\/medposnonwoven.com\/es\/wp-json\/wp\/v2\/product_brand?post=3125"},{"taxonomy":"product_cat","embeddable":true,"href":"https:\/\/medposnonwoven.com\/es\/wp-json\/wp\/v2\/product_cat?post=3125"},{"taxonomy":"product_tag","embeddable":true,"href":"https:\/\/medposnonwoven.com\/es\/wp-json\/wp\/v2\/product_tag?post=3125"}],"curies":[{"name":"wp","href":"https:\/\/api.w.org\/{rel}","templated":true}]}}