{"id":3126,"date":"2023-01-04T16:03:51","date_gmt":"2023-01-04T16:03:51","guid":{"rendered":"https:\/\/medposnonwoven.com\/product\/trajes-medicos-desechables\/"},"modified":"2023-04-10T11:07:41","modified_gmt":"2023-04-10T11:07:41","slug":"trajes-medicos-desechables","status":"publish","type":"product","link":"https:\/\/medposnonwoven.com\/es\/producto\/trajes-medicos-desechables\/","title":{"rendered":"Trajes m\u00e9dicos desechables"},"content":{"rendered":"<ul>\n<li>Trajes m\u00e9dicos desechables de un solo uso que suelen llevar enfermeras, cirujanos y otro personal m\u00e9dico durante los procedimientos m\u00e9dicos. Los trajes m\u00e9dicos desechables suelen ser una o dos piezas de ropa, un traje de cuerpo entero o una camisa y un pantal\u00f3n, y suelen estar fabricados con papel no tejido o materiales pl\u00e1sticos. Los trajes m\u00e9dicos desechables est\u00e1n destinados principalmente a proporcionar una barrera de limpieza en entornos est\u00e9riles y otros entornos de tratamiento cl\u00ednico, como salas de urgencias, \u00e1reas de parto y unidades de cuidados intensivos. Para evitar que las personas lleven materiales infecciosos en su ropa a estos entornos, a menudo se exige al personal m\u00e9dico y de las instalaciones, as\u00ed como a los visitantes, que se pongan trajes de fregar limpios antes de entrar en la zona. Algunos centros sanitarios tambi\u00e9n exigen que el usuario se cambie el traje usado antes de abandonar determinadas zonas del centro para ayudar a evitar la propagaci\u00f3n de materiales infecciosos fuera de esas zonas. Los trajes desechables suelen utilizarse durante una intervenci\u00f3n y despu\u00e9s se desechan.<\/li>\n<\/ul>\n","protected":false},"excerpt":{"rendered":"<ul>\n<li>Fabricada con tela SMS no tejida, resistente a los fluidos, 100% polipropileno, muy resistente y transpirable.<\/li>\n<li>Pantal\u00f3n + Bata son las prendas de protecci\u00f3n ideales para proteger a trabajadores y pacientes de cualquier transferencia de part\u00edculas y fluidos.<\/li>\n<\/ul>\n<h4>Caracter\u00edsticas<\/h4>\n<p>Material: Polipropileno Spunbond, SMS<\/p>\n<p>Talla: S, M, L, XL, XXL, 3XL, 4XL<\/p>\n<p>Color:Azul, Verde<\/p>\n<p>Tipo:Cuello en V o cuello redondo<\/p>\n<p>Embalaje: 1 unidad\/bolsa, 50 bolsas\/caja<\/p>\n<p>&nbsp;<\/p>\n","protected":false},"featured_media":2761,"template":"","meta":{"site-sidebar-layout":"default","site-content-layout":"default","ast-site-content-layout":"default","site-content-style":"default","site-sidebar-style":"default","ast-global-header-display":"","ast-banner-title-visibility":"","ast-main-header-display":"","ast-hfb-above-header-display":"","ast-hfb-below-header-display":"","ast-hfb-mobile-header-display":"","site-post-title":"","ast-breadcrumbs-content":"","ast-featured-img":"","footer-sml-layout":"","ast-disable-related-posts":"","theme-transparent-header-meta":"default","adv-header-id-meta":"","stick-header-meta":"","header-above-stick-meta":"","header-main-stick-meta":"","header-below-stick-meta":"","astra-migrate-meta-layouts":"default","ast-page-background-enabled":"default","ast-page-background-meta":{"desktop":{"background-color":"","background-image":"","background-repeat":"repeat","background-position":"center center","background-size":"auto","background-attachment":"scroll","background-type":"","background-media":"","overlay-type":"","overlay-color":"","overlay-opacity":"","overlay-gradient":""},"tablet":{"background-color":"","background-image":"","background-repeat":"repeat","background-position":"center center","background-size":"auto","background-attachment":"scroll","background-type":"","background-media":"","overlay-type":"","overlay-color":"","overlay-opacity":"","overlay-gradient":""},"mobile":{"background-color":"","background-image":"","background-repeat":"repeat","background-position":"center center","background-size":"auto","background-attachment":"scroll","background-type":"","background-media":"","overlay-type":"","overlay-color":"","overlay-opacity":"","overlay-gradient":""}},"ast-content-background-meta":{"desktop":{"background-color":"var(--ast-global-color-5)","background-image":"","background-repeat":"repeat","background-position":"center center","background-size":"auto","background-attachment":"scroll","background-type":"","background-media":"","overlay-type":"","overlay-color":"","overlay-opacity":"","overlay-gradient":""},"tablet":{"background-color":"var(--ast-global-color-5)","background-image":"","background-repeat":"repeat","background-position":"center center","background-size":"auto","background-attachment":"scroll","background-type":"","background-media":"","overlay-type":"","overlay-color":"","overlay-opacity":"","overlay-gradient":""},"mobile":{"background-color":"var(--ast-global-color-5)","background-image":"","background-repeat":"repeat","background-position":"center center","background-size":"auto","background-attachment":"scroll","background-type":"","background-media":"","overlay-type":"","overlay-color":"","overlay-opacity":"","overlay-gradient":""}}},"product_brand":[],"product_cat":[70],"product_tag":[],"class_list":{"0":"post-3126","1":"product","2":"type-product","3":"status-publish","4":"has-post-thumbnail","6":"product_cat-batas-de-proteccion","7":"desktop-align-center","8":"tablet-align-left","9":"mobile-align-left","11":"first","12":"instock","13":"shipping-taxable","14":"product-type-simple"},"_links":{"self":[{"href":"https:\/\/medposnonwoven.com\/es\/wp-json\/wp\/v2\/product\/3126","targetHints":{"allow":["GET"]}}],"collection":[{"href":"https:\/\/medposnonwoven.com\/es\/wp-json\/wp\/v2\/product"}],"about":[{"href":"https:\/\/medposnonwoven.com\/es\/wp-json\/wp\/v2\/types\/product"}],"wp:featuredmedia":[{"embeddable":true,"href":"https:\/\/medposnonwoven.com\/es\/wp-json\/wp\/v2\/media\/2761"}],"wp:attachment":[{"href":"https:\/\/medposnonwoven.com\/es\/wp-json\/wp\/v2\/media?parent=3126"}],"wp:term":[{"taxonomy":"product_brand","embeddable":true,"href":"https:\/\/medposnonwoven.com\/es\/wp-json\/wp\/v2\/product_brand?post=3126"},{"taxonomy":"product_cat","embeddable":true,"href":"https:\/\/medposnonwoven.com\/es\/wp-json\/wp\/v2\/product_cat?post=3126"},{"taxonomy":"product_tag","embeddable":true,"href":"https:\/\/medposnonwoven.com\/es\/wp-json\/wp\/v2\/product_tag?post=3126"}],"curies":[{"name":"wp","href":"https:\/\/api.w.org\/{rel}","templated":true}]}}