{"id":3128,"date":"2023-01-10T15:43:33","date_gmt":"2023-01-10T15:43:33","guid":{"rendered":"https:\/\/medposnonwoven.com\/product\/cubrezapatos-antideslizantes-pppe\/"},"modified":"2023-04-10T10:20:37","modified_gmt":"2023-04-10T10:20:37","slug":"cubrezapatos-antideslizantes-pppe","status":"publish","type":"product","link":"https:\/\/medposnonwoven.com\/es\/producto\/cubrezapatos-antideslizantes-pppe\/","title":{"rendered":"Cubrezapatos antideslizantes PP+PE"},"content":{"rendered":"<ul>\n<li>Los cubrezapatos desechables pueden desecharse tras su uso. Esto puede reducir en gran medida la posibilidad de contaminaci\u00f3n cruzada y evitar que el personal sanitario propague posibles contaminantes a otras zonas.<\/li>\n<li>Los cubrezapatos evitan que las sustancias se deslicen por el edificio o el lugar de trabajo, lo que podr\u00eda da\u00f1ar el suelo, suponer un riesgo de ca\u00edda o perjudicar la esterilidad y limpieza de las salas. Los contratistas, como electricistas y fontaneros, pueden utilizar cubrezapatos desechables para evitar la propagaci\u00f3n de la suciedad habitual al entrar y salir de la casa de un cliente.<\/li>\n<li>Numerosas profesiones requieren tareas que pueden exponer a los trabajadores a sustancias que da\u00f1an o manchan el calzado. El calzado individual se mantiene m\u00e1s limpio porque los cubrezapatos crean una barrera f\u00edsica entre estos materiales.<\/li>\n<\/ul>\n","protected":false},"excerpt":{"rendered":"<ul>\n<li>Para fabricar cubrezapatos desechables impermeables y antideslizantes. Hemos desarrollado el concepto HYBRID, una doble capa que combina suelas no tejidas con un material pl\u00e1stico antideslizante.<\/li>\n<li>Ampliamente utilizado en hogares, hoteles, industria alimentaria, tratamiento m\u00e9dico, f\u00e1bricas, limpieza de laboratorios y otros lugares aplicables.<\/li>\n<\/ul>\n<h4>Caracter\u00edsticas<\/h4>\n<p>Material: PP+PE Recubierto<\/p>\n<p>Tama\u00f1o:16\u00d740, 17x41cm, 17x42cm<\/p>\n<p>Color:Exterior PP blanco + Suela CPE azul<\/p>\n<p>Tipo:Correa el\u00e1stica en el tobillo, superficie en relieve<\/p>\n<p>Embalaje: 100pcs\/bag, 10 bags\/carton<\/p>\n<p>&nbsp;<\/p>\n","protected":false},"featured_media":2787,"template":"","meta":{"site-sidebar-layout":"default","site-content-layout":"default","ast-site-content-layout":"default","site-content-style":"default","site-sidebar-style":"default","ast-global-header-display":"","ast-banner-title-visibility":"","ast-main-header-display":"","ast-hfb-above-header-display":"","ast-hfb-below-header-display":"","ast-hfb-mobile-header-display":"","site-post-title":"","ast-breadcrumbs-content":"","ast-featured-img":"","footer-sml-layout":"","ast-disable-related-posts":"","theme-transparent-header-meta":"default","adv-header-id-meta":"","stick-header-meta":"","header-above-stick-meta":"","header-main-stick-meta":"","header-below-stick-meta":"","astra-migrate-meta-layouts":"default","ast-page-background-enabled":"default","ast-page-background-meta":{"desktop":{"background-color":"","background-image":"","background-repeat":"repeat","background-position":"center center","background-size":"auto","background-attachment":"scroll","background-type":"","background-media":"","overlay-type":"","overlay-color":"","overlay-opacity":"","overlay-gradient":""},"tablet":{"background-color":"","background-image":"","background-repeat":"repeat","background-position":"center center","background-size":"auto","background-attachment":"scroll","background-type":"","background-media":"","overlay-type":"","overlay-color":"","overlay-opacity":"","overlay-gradient":""},"mobile":{"background-color":"","background-image":"","background-repeat":"repeat","background-position":"center center","background-size":"auto","background-attachment":"scroll","background-type":"","background-media":"","overlay-type":"","overlay-color":"","overlay-opacity":"","overlay-gradient":""}},"ast-content-background-meta":{"desktop":{"background-color":"var(--ast-global-color-5)","background-image":"","background-repeat":"repeat","background-position":"center center","background-size":"auto","background-attachment":"scroll","background-type":"","background-media":"","overlay-type":"","overlay-color":"","overlay-opacity":"","overlay-gradient":""},"tablet":{"background-color":"var(--ast-global-color-5)","background-image":"","background-repeat":"repeat","background-position":"center center","background-size":"auto","background-attachment":"scroll","background-type":"","background-media":"","overlay-type":"","overlay-color":"","overlay-opacity":"","overlay-gradient":""},"mobile":{"background-color":"var(--ast-global-color-5)","background-image":"","background-repeat":"repeat","background-position":"center center","background-size":"auto","background-attachment":"scroll","background-type":"","background-media":"","overlay-type":"","overlay-color":"","overlay-opacity":"","overlay-gradient":""}}},"product_brand":[],"product_cat":[69],"product_tag":[],"class_list":{"0":"post-3128","1":"product","2":"type-product","3":"status-publish","4":"has-post-thumbnail","6":"product_cat-cubrezapatos-y-cubrebotas-2","7":"desktop-align-center","8":"tablet-align-left","9":"mobile-align-left","11":"first","12":"instock","13":"shipping-taxable","14":"product-type-simple"},"_links":{"self":[{"href":"https:\/\/medposnonwoven.com\/es\/wp-json\/wp\/v2\/product\/3128","targetHints":{"allow":["GET"]}}],"collection":[{"href":"https:\/\/medposnonwoven.com\/es\/wp-json\/wp\/v2\/product"}],"about":[{"href":"https:\/\/medposnonwoven.com\/es\/wp-json\/wp\/v2\/types\/product"}],"wp:featuredmedia":[{"embeddable":true,"href":"https:\/\/medposnonwoven.com\/es\/wp-json\/wp\/v2\/media\/2787"}],"wp:attachment":[{"href":"https:\/\/medposnonwoven.com\/es\/wp-json\/wp\/v2\/media?parent=3128"}],"wp:term":[{"taxonomy":"product_brand","embeddable":true,"href":"https:\/\/medposnonwoven.com\/es\/wp-json\/wp\/v2\/product_brand?post=3128"},{"taxonomy":"product_cat","embeddable":true,"href":"https:\/\/medposnonwoven.com\/es\/wp-json\/wp\/v2\/product_cat?post=3128"},{"taxonomy":"product_tag","embeddable":true,"href":"https:\/\/medposnonwoven.com\/es\/wp-json\/wp\/v2\/product_tag?post=3128"}],"curies":[{"name":"wp","href":"https:\/\/api.w.org\/{rel}","templated":true}]}}