{"id":3129,"date":"2023-01-03T15:19:08","date_gmt":"2023-01-03T15:19:08","guid":{"rendered":"https:\/\/medposnonwoven.com\/product\/mono-desechable-sms\/"},"modified":"2023-04-10T11:17:45","modified_gmt":"2023-04-10T11:17:45","slug":"mono-desechable-sms","status":"publish","type":"product","link":"https:\/\/medposnonwoven.com\/es\/producto\/mono-desechable-sms\/","title":{"rendered":"Mono desechable SMS"},"content":{"rendered":"<ul>\n<li>El mono est\u00e1 fabricado con tres capas de tejido no tejido compuesto, la capa intermedia es una capa repelente al agua y la capa exterior de puntos de s\u00e9samo es un tejido no tejido de PP resistente y duradero. Con el aislamiento de bacterias e impermeable, funci\u00f3n transpirable, generalmente utilizado para el control de polvo, pintura al aire libre, la cr\u00eda de granja, el aislamiento, el cultivo de laboratorio sala est\u00e9ril y otro uso del medio ambiente de purificaci\u00f3n.<\/li>\n<li>Nuestro mono de protecci\u00f3n desechable tiene las siguientes caracter\u00edsticas.<br \/>\n1. Capucha de tipo el\u00e1stico, se ajusta a la cara y es adecuada para una variedad de formas de cara, previene eficazmente la entrada de polvo.<br \/>\n2. Los pu\u00f1os tienen gran elasticidad, pueden ajustarse eficazmente a la mu\u00f1eca, no quedan sueltos ni apretados y son eficaces para la protecci\u00f3n.<br \/>\n3. Ajuste al tobillo con banda el\u00e1stica, f\u00e1cil de llevar, prevenci\u00f3n eficaz de la infiltraci\u00f3n de polvo.<br \/>\n4. Faja el\u00e1stica en la espalda, se adapta a su tipo de cuerpo, m\u00e1s conveniente para trabajar.<br \/>\n5. Puntadas uniformes en las costuras, mediante el proceso de cierre, bien cosidas y sin hilo.<\/li>\n<\/ul>\n","protected":false},"excerpt":{"rendered":"<ul>\n<li>Los trajes desechables est\u00e1n fabricados con tejido no tejido SMS 100% polipropileno, repelente al agua, resistente al aceite y al desgarro. Proporcionan una protecci\u00f3n total del cuerpo en entornos peligrosos.<\/li>\n<li>Ampliamente utilizado para jardiner\u00eda, pintura, pulverizaci\u00f3n, fabricaci\u00f3n, limpieza, mantenimiento de veh\u00edculos y m\u00e1quinas o para realizar trabajos de jardiner\u00eda.<\/li>\n<\/ul>\n<h4>Caracter\u00edsticas<\/h4>\n<p>Material: Tela no tejida de polipropileno SMS<\/p>\n<p>Talla: S, M, L, XL, XXL, 3XL, 4XL<\/p>\n<p>Color:Blanco, Azul, Azul oscuro<\/p>\n<p>Tipo:Con capucha, pu\u00f1os el\u00e1sticos y cremallera delante.<\/p>\n<p>Embalaje: 1 unidad\/bolsa, 50 bolsas\/caja<\/p>\n<p>&nbsp;<\/p>\n<p>&nbsp;<\/p>\n","protected":false},"featured_media":2740,"template":"","meta":{"site-sidebar-layout":"default","site-content-layout":"default","ast-site-content-layout":"default","site-content-style":"default","site-sidebar-style":"default","ast-global-header-display":"","ast-banner-title-visibility":"","ast-main-header-display":"","ast-hfb-above-header-display":"","ast-hfb-below-header-display":"","ast-hfb-mobile-header-display":"","site-post-title":"","ast-breadcrumbs-content":"","ast-featured-img":"","footer-sml-layout":"","ast-disable-related-posts":"","theme-transparent-header-meta":"default","adv-header-id-meta":"","stick-header-meta":"","header-above-stick-meta":"","header-main-stick-meta":"","header-below-stick-meta":"","astra-migrate-meta-layouts":"default","ast-page-background-enabled":"default","ast-page-background-meta":{"desktop":{"background-color":"","background-image":"","background-repeat":"repeat","background-position":"center center","background-size":"auto","background-attachment":"scroll","background-type":"","background-media":"","overlay-type":"","overlay-color":"","overlay-opacity":"","overlay-gradient":""},"tablet":{"background-color":"","background-image":"","background-repeat":"repeat","background-position":"center center","background-size":"auto","background-attachment":"scroll","background-type":"","background-media":"","overlay-type":"","overlay-color":"","overlay-opacity":"","overlay-gradient":""},"mobile":{"background-color":"","background-image":"","background-repeat":"repeat","background-position":"center center","background-size":"auto","background-attachment":"scroll","background-type":"","background-media":"","overlay-type":"","overlay-color":"","overlay-opacity":"","overlay-gradient":""}},"ast-content-background-meta":{"desktop":{"background-color":"var(--ast-global-color-5)","background-image":"","background-repeat":"repeat","background-position":"center center","background-size":"auto","background-attachment":"scroll","background-type":"","background-media":"","overlay-type":"","overlay-color":"","overlay-opacity":"","overlay-gradient":""},"tablet":{"background-color":"var(--ast-global-color-5)","background-image":"","background-repeat":"repeat","background-position":"center center","background-size":"auto","background-attachment":"scroll","background-type":"","background-media":"","overlay-type":"","overlay-color":"","overlay-opacity":"","overlay-gradient":""},"mobile":{"background-color":"var(--ast-global-color-5)","background-image":"","background-repeat":"repeat","background-position":"center center","background-size":"auto","background-attachment":"scroll","background-type":"","background-media":"","overlay-type":"","overlay-color":"","overlay-opacity":"","overlay-gradient":""}}},"product_brand":[],"product_cat":[70],"product_tag":[],"class_list":{"0":"post-3129","1":"product","2":"type-product","3":"status-publish","4":"has-post-thumbnail","6":"product_cat-batas-de-proteccion","7":"desktop-align-center","8":"tablet-align-left","9":"mobile-align-left","11":"first","12":"instock","13":"shipping-taxable","14":"product-type-simple"},"_links":{"self":[{"href":"https:\/\/medposnonwoven.com\/es\/wp-json\/wp\/v2\/product\/3129","targetHints":{"allow":["GET"]}}],"collection":[{"href":"https:\/\/medposnonwoven.com\/es\/wp-json\/wp\/v2\/product"}],"about":[{"href":"https:\/\/medposnonwoven.com\/es\/wp-json\/wp\/v2\/types\/product"}],"wp:featuredmedia":[{"embeddable":true,"href":"https:\/\/medposnonwoven.com\/es\/wp-json\/wp\/v2\/media\/2740"}],"wp:attachment":[{"href":"https:\/\/medposnonwoven.com\/es\/wp-json\/wp\/v2\/media?parent=3129"}],"wp:term":[{"taxonomy":"product_brand","embeddable":true,"href":"https:\/\/medposnonwoven.com\/es\/wp-json\/wp\/v2\/product_brand?post=3129"},{"taxonomy":"product_cat","embeddable":true,"href":"https:\/\/medposnonwoven.com\/es\/wp-json\/wp\/v2\/product_cat?post=3129"},{"taxonomy":"product_tag","embeddable":true,"href":"https:\/\/medposnonwoven.com\/es\/wp-json\/wp\/v2\/product_tag?post=3129"}],"curies":[{"name":"wp","href":"https:\/\/api.w.org\/{rel}","templated":true}]}}