{"id":3130,"date":"2023-01-04T15:33:13","date_gmt":"2023-01-04T15:33:13","guid":{"rendered":"https:\/\/medposnonwoven.com\/product\/bata-desechable-para-pacientes\/"},"modified":"2023-04-10T11:08:48","modified_gmt":"2023-04-10T11:08:48","slug":"bata-desechable-para-pacientes","status":"publish","type":"product","link":"https:\/\/medposnonwoven.com\/es\/producto\/bata-desechable-para-pacientes\/","title":{"rendered":"Bata desechable para pacientes"},"content":{"rendered":"<ul>\n<li>La bata desechable para pacientes es un tipo de ropa que utilizan los pacientes en hospitales, cl\u00ednicas y otros entornos m\u00e9dicos. Estas batas est\u00e1n dise\u00f1adas para proporcionar un nivel de pudor e intimidad al paciente, al tiempo que permiten a los profesionales sanitarios un f\u00e1cil acceso al cuerpo del paciente para su examen, tratamiento y otros procedimientos m\u00e9dicos. Las batas desechables para pacientes suelen estar fabricadas con materiales ligeros y transpirables, como papel o telas no tejidas, y est\u00e1n pensadas para usarse una vez antes de desecharse. Algunas batas desechables para pacientes tienen lazos en la espalda para poder abrocharlas con seguridad, mientras que otras tienen el\u00e1sticos en las mu\u00f1ecas y los tobillos para ayudar a mantenerlas en su sitio. Las batas desechables se utilizan a menudo en situaciones en las que no resulta pr\u00e1ctico lavar las batas de tela tradicionales, o cuando el riesgo de infecci\u00f3n o contaminaci\u00f3n es elevado.<\/li>\n<\/ul>\n","protected":false},"excerpt":{"rendered":"<ul>\n<li>Las batas azul oscuro est\u00e1n destinadas a proporcionar a los pacientes ropa temporal cuando se someten a procedimientos de cualquier tipo.<\/li>\n<li>Las batas azules desechables est\u00e1n fabricadas con polipropileno spunbonded. Estas c\u00f3modas batas para adultos ofrecen el mismo alto nivel de intimidad incluso durante ex\u00e1menes breves.<\/li>\n<\/ul>\n<h4>Caracter\u00edsticas<\/h4>\n<p>Material: Polipropileno Spunbond, SMS<\/p>\n<p>Talla: S, M, L, XL, XXL, 3XL, 4XL<\/p>\n<p>Color:Azul, Verde<\/p>\n<p>Tipo:Sin mangas o manga corta.<\/p>\n<p>Embalaje: 10 unidades\/bolsa, 10 bolsas\/caja<\/p>\n<p>&nbsp;<\/p>\n","protected":false},"featured_media":2757,"template":"","meta":{"site-sidebar-layout":"default","site-content-layout":"default","ast-site-content-layout":"default","site-content-style":"default","site-sidebar-style":"default","ast-global-header-display":"","ast-banner-title-visibility":"","ast-main-header-display":"","ast-hfb-above-header-display":"","ast-hfb-below-header-display":"","ast-hfb-mobile-header-display":"","site-post-title":"","ast-breadcrumbs-content":"","ast-featured-img":"","footer-sml-layout":"","ast-disable-related-posts":"","theme-transparent-header-meta":"default","adv-header-id-meta":"","stick-header-meta":"","header-above-stick-meta":"","header-main-stick-meta":"","header-below-stick-meta":"","astra-migrate-meta-layouts":"default","ast-page-background-enabled":"default","ast-page-background-meta":{"desktop":{"background-color":"","background-image":"","background-repeat":"repeat","background-position":"center center","background-size":"auto","background-attachment":"scroll","background-type":"","background-media":"","overlay-type":"","overlay-color":"","overlay-opacity":"","overlay-gradient":""},"tablet":{"background-color":"","background-image":"","background-repeat":"repeat","background-position":"center center","background-size":"auto","background-attachment":"scroll","background-type":"","background-media":"","overlay-type":"","overlay-color":"","overlay-opacity":"","overlay-gradient":""},"mobile":{"background-color":"","background-image":"","background-repeat":"repeat","background-position":"center center","background-size":"auto","background-attachment":"scroll","background-type":"","background-media":"","overlay-type":"","overlay-color":"","overlay-opacity":"","overlay-gradient":""}},"ast-content-background-meta":{"desktop":{"background-color":"var(--ast-global-color-5)","background-image":"","background-repeat":"repeat","background-position":"center center","background-size":"auto","background-attachment":"scroll","background-type":"","background-media":"","overlay-type":"","overlay-color":"","overlay-opacity":"","overlay-gradient":""},"tablet":{"background-color":"var(--ast-global-color-5)","background-image":"","background-repeat":"repeat","background-position":"center center","background-size":"auto","background-attachment":"scroll","background-type":"","background-media":"","overlay-type":"","overlay-color":"","overlay-opacity":"","overlay-gradient":""},"mobile":{"background-color":"var(--ast-global-color-5)","background-image":"","background-repeat":"repeat","background-position":"center center","background-size":"auto","background-attachment":"scroll","background-type":"","background-media":"","overlay-type":"","overlay-color":"","overlay-opacity":"","overlay-gradient":""}}},"product_brand":[],"product_cat":[70],"product_tag":[],"class_list":{"0":"post-3130","1":"product","2":"type-product","3":"status-publish","4":"has-post-thumbnail","6":"product_cat-batas-de-proteccion","7":"desktop-align-center","8":"tablet-align-left","9":"mobile-align-left","11":"first","12":"instock","13":"shipping-taxable","14":"product-type-simple"},"_links":{"self":[{"href":"https:\/\/medposnonwoven.com\/es\/wp-json\/wp\/v2\/product\/3130","targetHints":{"allow":["GET"]}}],"collection":[{"href":"https:\/\/medposnonwoven.com\/es\/wp-json\/wp\/v2\/product"}],"about":[{"href":"https:\/\/medposnonwoven.com\/es\/wp-json\/wp\/v2\/types\/product"}],"wp:featuredmedia":[{"embeddable":true,"href":"https:\/\/medposnonwoven.com\/es\/wp-json\/wp\/v2\/media\/2757"}],"wp:attachment":[{"href":"https:\/\/medposnonwoven.com\/es\/wp-json\/wp\/v2\/media?parent=3130"}],"wp:term":[{"taxonomy":"product_brand","embeddable":true,"href":"https:\/\/medposnonwoven.com\/es\/wp-json\/wp\/v2\/product_brand?post=3130"},{"taxonomy":"product_cat","embeddable":true,"href":"https:\/\/medposnonwoven.com\/es\/wp-json\/wp\/v2\/product_cat?post=3130"},{"taxonomy":"product_tag","embeddable":true,"href":"https:\/\/medposnonwoven.com\/es\/wp-json\/wp\/v2\/product_tag?post=3130"}],"curies":[{"name":"wp","href":"https:\/\/api.w.org\/{rel}","templated":true}]}}