{"id":3131,"date":"2023-01-06T15:43:50","date_gmt":"2023-01-06T15:43:50","guid":{"rendered":"https:\/\/medposnonwoven.com\/product\/delantal-desechable-para-baristas\/"},"modified":"2023-04-10T10:29:39","modified_gmt":"2023-04-10T10:29:39","slug":"delantal-desechable-para-baristas","status":"publish","type":"product","link":"https:\/\/medposnonwoven.com\/es\/producto\/delantal-desechable-para-baristas\/","title":{"rendered":"Delantal desechable para baristas"},"content":{"rendered":"<ul>\n<li>El delantal desechable es un tipo de prenda de protecci\u00f3n que se utiliza para cubrir la parte delantera del cuerpo y suele estar fabricado con un material ligero de un solo uso, como el tejido no tejido o el pl\u00e1stico. Los delantales desechables suelen utilizarse en entornos con riesgo de contaminaci\u00f3n, como hospitales, laboratorios o servicios de restauraci\u00f3n. Est\u00e1n dise\u00f1ados para desecharse tras un solo uso, lo que ayuda a evitar la propagaci\u00f3n de g\u00e9rmenes y otros contaminantes. Los delantales desechables son c\u00f3modos y f\u00e1ciles de usar, y pueden ayudar a reducir el riesgo de infecci\u00f3n y otros peligros para la salud.<\/li>\n<\/ul>\n<p>&nbsp;<\/p>\n","protected":false},"excerpt":{"rendered":"<ul>\n<li>Nuestro delantal de caf\u00e9 est\u00e1 hecho de poli\u00e9ster de calidad, suave y c\u00f3modo al tacto. La impresi\u00f3n es vibrante y clara.<\/li>\n<li>Ampliamente utilizado en el servicio de alimentos, procesamiento de carne, cocina, manipulaci\u00f3n de alimentos, sala limpia, jardiner\u00eda e impresi\u00f3n.<\/li>\n<\/ul>\n<h4>Caracter\u00edsticas<\/h4>\n<p>Material: Polipropileno no tejido<\/p>\n<p>Tama\u00f1o: 70*50 cm o personalizado<\/p>\n<p>Color: azul, verde o personalizado<\/p>\n<p>Tipo:De una sola pieza, con lazos en la espalda y borde dentado<\/p>\n<p>Embalaje: 10pcs\/bag, 20 bags\/carton<\/p>\n<p>&nbsp;<\/p>\n<p>&nbsp;<\/p>\n","protected":false},"featured_media":2774,"template":"","meta":{"site-sidebar-layout":"default","site-content-layout":"default","ast-site-content-layout":"default","site-content-style":"default","site-sidebar-style":"default","ast-global-header-display":"","ast-banner-title-visibility":"","ast-main-header-display":"","ast-hfb-above-header-display":"","ast-hfb-below-header-display":"","ast-hfb-mobile-header-display":"","site-post-title":"","ast-breadcrumbs-content":"","ast-featured-img":"","footer-sml-layout":"","ast-disable-related-posts":"","theme-transparent-header-meta":"default","adv-header-id-meta":"","stick-header-meta":"","header-above-stick-meta":"","header-main-stick-meta":"","header-below-stick-meta":"","astra-migrate-meta-layouts":"default","ast-page-background-enabled":"default","ast-page-background-meta":{"desktop":{"background-color":"","background-image":"","background-repeat":"repeat","background-position":"center center","background-size":"auto","background-attachment":"scroll","background-type":"","background-media":"","overlay-type":"","overlay-color":"","overlay-opacity":"","overlay-gradient":""},"tablet":{"background-color":"","background-image":"","background-repeat":"repeat","background-position":"center center","background-size":"auto","background-attachment":"scroll","background-type":"","background-media":"","overlay-type":"","overlay-color":"","overlay-opacity":"","overlay-gradient":""},"mobile":{"background-color":"","background-image":"","background-repeat":"repeat","background-position":"center center","background-size":"auto","background-attachment":"scroll","background-type":"","background-media":"","overlay-type":"","overlay-color":"","overlay-opacity":"","overlay-gradient":""}},"ast-content-background-meta":{"desktop":{"background-color":"var(--ast-global-color-5)","background-image":"","background-repeat":"repeat","background-position":"center center","background-size":"auto","background-attachment":"scroll","background-type":"","background-media":"","overlay-type":"","overlay-color":"","overlay-opacity":"","overlay-gradient":""},"tablet":{"background-color":"var(--ast-global-color-5)","background-image":"","background-repeat":"repeat","background-position":"center center","background-size":"auto","background-attachment":"scroll","background-type":"","background-media":"","overlay-type":"","overlay-color":"","overlay-opacity":"","overlay-gradient":""},"mobile":{"background-color":"var(--ast-global-color-5)","background-image":"","background-repeat":"repeat","background-position":"center center","background-size":"auto","background-attachment":"scroll","background-type":"","background-media":"","overlay-type":"","overlay-color":"","overlay-opacity":"","overlay-gradient":""}}},"product_brand":[],"product_cat":[67],"product_tag":[],"class_list":{"0":"post-3131","1":"product","2":"type-product","3":"status-publish","4":"has-post-thumbnail","6":"product_cat-delantales-desechables","7":"desktop-align-center","8":"tablet-align-left","9":"mobile-align-left","11":"first","12":"instock","13":"shipping-taxable","14":"product-type-simple"},"_links":{"self":[{"href":"https:\/\/medposnonwoven.com\/es\/wp-json\/wp\/v2\/product\/3131","targetHints":{"allow":["GET"]}}],"collection":[{"href":"https:\/\/medposnonwoven.com\/es\/wp-json\/wp\/v2\/product"}],"about":[{"href":"https:\/\/medposnonwoven.com\/es\/wp-json\/wp\/v2\/types\/product"}],"wp:featuredmedia":[{"embeddable":true,"href":"https:\/\/medposnonwoven.com\/es\/wp-json\/wp\/v2\/media\/2774"}],"wp:attachment":[{"href":"https:\/\/medposnonwoven.com\/es\/wp-json\/wp\/v2\/media?parent=3131"}],"wp:term":[{"taxonomy":"product_brand","embeddable":true,"href":"https:\/\/medposnonwoven.com\/es\/wp-json\/wp\/v2\/product_brand?post=3131"},{"taxonomy":"product_cat","embeddable":true,"href":"https:\/\/medposnonwoven.com\/es\/wp-json\/wp\/v2\/product_cat?post=3131"},{"taxonomy":"product_tag","embeddable":true,"href":"https:\/\/medposnonwoven.com\/es\/wp-json\/wp\/v2\/product_tag?post=3131"}],"curies":[{"name":"wp","href":"https:\/\/api.w.org\/{rel}","templated":true}]}}