{"id":3133,"date":"2023-01-04T14:46:42","date_gmt":"2023-01-04T14:46:42","guid":{"rendered":"https:\/\/medposnonwoven.com\/product\/bata-de-laboratorio-no-tejida-bata-de-visita-cierre-a-presion\/"},"modified":"2023-04-10T11:09:31","modified_gmt":"2023-04-10T11:09:31","slug":"bata-de-laboratorio-no-tejida-bata-de-visita-cierre-a-presion","status":"publish","type":"product","link":"https:\/\/medposnonwoven.com\/es\/producto\/bata-de-laboratorio-no-tejida-bata-de-visita-cierre-a-presion\/","title":{"rendered":"Bata de laboratorio no tejida (bata de visita) &#8211; Cierre a presi\u00f3n"},"content":{"rendered":"<ul>\n<li>Nuestras batas de laboratorio desechables est\u00e1n fabricadas con tela no tejida de alta calidad, normalmente spunbond, SMS o pel\u00edcula de PE laminada con material no tejido. El tejido es fuerte y duradero, resistente al desgarro y la abrasi\u00f3n, c\u00f3modo de llevar, suave y transpirable, resistente a la suciedad y las manchas. Dise\u00f1o de botones, bonito y generoso.<\/li>\n<li>\u00c1mbito de aplicaci\u00f3n:<br \/>\n1. Pintura y tratamiento de superficies<br \/>\nPintura, recubrimiento de pintura en aerosol, dorado, tratamiento de superficies, pedal, coche, cami\u00f3n, barco, tratamiento de escarchado de superficies de madera.<br \/>\n2.Sala limpia<br \/>\nComo la producci\u00f3n de obleas, pruebas de paquetes y otras industrias de semiconductores, discos duros de ordenador, montaje de equipos \u00f3pticos de precisi\u00f3n, investigaci\u00f3n y desinfecci\u00f3n de minerales bioqu\u00edmicos y manipulaci\u00f3n de materiales peligrosos y fabricaci\u00f3n de materiales t\u00f3xicos o corrosivos, eliminaci\u00f3n de vertidos l\u00edquidos, fugas y desbordamientos, limpieza, lavado, purificaci\u00f3n de tuber\u00edas y dep\u00f3sitos de petr\u00f3leo.<br \/>\n3. 3. Procesado de alimentos<br \/>\nManipulaci\u00f3n y procesamiento de alimentos, incluida la preparaci\u00f3n, cocci\u00f3n, modificaci\u00f3n, encuadernaci\u00f3n y envasado de diversos alimentos.<\/li>\n<\/ul>\n<p>&nbsp;<\/p>\n<p>&nbsp;<\/p>\n","protected":false},"excerpt":{"rendered":"<ul>\n<li>Estos abrigos de visita equipados con cierre a presi\u00f3n parecen m\u00e1s elegantes. Son excelentes prendas de protecci\u00f3n para proteger a los pacientes y al personal de la transferencia de cualquier part\u00edcula y fluido.<\/li>\n<li>Ampliamente utilizado en aplicaciones industriales generales y en la vida cotidiana. Perfecto para proyectos de ciencias en laboratorios o universidades, mantenimiento general, procesamiento de alimentos, servicio de comidas, pintura y limpieza, etc.<\/li>\n<\/ul>\n<h4>Caracter\u00edsticas<\/h4>\n<p>Material: Spunbond, SMS, PP+PE<\/p>\n<p>Talla: S, M, L, XL, XXL, 3XL, 4XL<\/p>\n<p>Color:Blanco, Azul, Azul oscuro<\/p>\n<p>Tipo:Con cuello, pu\u00f1os el\u00e1sticos\/de punto, cierre con botones a presi\u00f3n.<\/p>\n<p>Embalaje: 10 unidades\/bolsa, 10 bolsas\/caja<\/p>\n<p>&nbsp;<\/p>\n<p>&nbsp;<\/p>\n<p>&nbsp;<\/p>\n","protected":false},"featured_media":2754,"template":"","meta":{"site-sidebar-layout":"default","site-content-layout":"default","ast-site-content-layout":"default","site-content-style":"default","site-sidebar-style":"default","ast-global-header-display":"","ast-banner-title-visibility":"","ast-main-header-display":"","ast-hfb-above-header-display":"","ast-hfb-below-header-display":"","ast-hfb-mobile-header-display":"","site-post-title":"","ast-breadcrumbs-content":"","ast-featured-img":"","footer-sml-layout":"","ast-disable-related-posts":"","theme-transparent-header-meta":"default","adv-header-id-meta":"","stick-header-meta":"","header-above-stick-meta":"","header-main-stick-meta":"","header-below-stick-meta":"","astra-migrate-meta-layouts":"default","ast-page-background-enabled":"default","ast-page-background-meta":{"desktop":{"background-color":"","background-image":"","background-repeat":"repeat","background-position":"center center","background-size":"auto","background-attachment":"scroll","background-type":"","background-media":"","overlay-type":"","overlay-color":"","overlay-opacity":"","overlay-gradient":""},"tablet":{"background-color":"","background-image":"","background-repeat":"repeat","background-position":"center center","background-size":"auto","background-attachment":"scroll","background-type":"","background-media":"","overlay-type":"","overlay-color":"","overlay-opacity":"","overlay-gradient":""},"mobile":{"background-color":"","background-image":"","background-repeat":"repeat","background-position":"center center","background-size":"auto","background-attachment":"scroll","background-type":"","background-media":"","overlay-type":"","overlay-color":"","overlay-opacity":"","overlay-gradient":""}},"ast-content-background-meta":{"desktop":{"background-color":"var(--ast-global-color-5)","background-image":"","background-repeat":"repeat","background-position":"center center","background-size":"auto","background-attachment":"scroll","background-type":"","background-media":"","overlay-type":"","overlay-color":"","overlay-opacity":"","overlay-gradient":""},"tablet":{"background-color":"var(--ast-global-color-5)","background-image":"","background-repeat":"repeat","background-position":"center center","background-size":"auto","background-attachment":"scroll","background-type":"","background-media":"","overlay-type":"","overlay-color":"","overlay-opacity":"","overlay-gradient":""},"mobile":{"background-color":"var(--ast-global-color-5)","background-image":"","background-repeat":"repeat","background-position":"center center","background-size":"auto","background-attachment":"scroll","background-type":"","background-media":"","overlay-type":"","overlay-color":"","overlay-opacity":"","overlay-gradient":""}}},"product_brand":[],"product_cat":[70],"product_tag":[],"class_list":{"0":"post-3133","1":"product","2":"type-product","3":"status-publish","4":"has-post-thumbnail","6":"product_cat-batas-de-proteccion","7":"desktop-align-center","8":"tablet-align-left","9":"mobile-align-left","11":"first","12":"instock","13":"shipping-taxable","14":"product-type-simple"},"_links":{"self":[{"href":"https:\/\/medposnonwoven.com\/es\/wp-json\/wp\/v2\/product\/3133","targetHints":{"allow":["GET"]}}],"collection":[{"href":"https:\/\/medposnonwoven.com\/es\/wp-json\/wp\/v2\/product"}],"about":[{"href":"https:\/\/medposnonwoven.com\/es\/wp-json\/wp\/v2\/types\/product"}],"wp:featuredmedia":[{"embeddable":true,"href":"https:\/\/medposnonwoven.com\/es\/wp-json\/wp\/v2\/media\/2754"}],"wp:attachment":[{"href":"https:\/\/medposnonwoven.com\/es\/wp-json\/wp\/v2\/media?parent=3133"}],"wp:term":[{"taxonomy":"product_brand","embeddable":true,"href":"https:\/\/medposnonwoven.com\/es\/wp-json\/wp\/v2\/product_brand?post=3133"},{"taxonomy":"product_cat","embeddable":true,"href":"https:\/\/medposnonwoven.com\/es\/wp-json\/wp\/v2\/product_cat?post=3133"},{"taxonomy":"product_tag","embeddable":true,"href":"https:\/\/medposnonwoven.com\/es\/wp-json\/wp\/v2\/product_tag?post=3133"}],"curies":[{"name":"wp","href":"https:\/\/api.w.org\/{rel}","templated":true}]}}