{"id":3134,"date":"2023-01-06T15:24:58","date_gmt":"2023-01-06T15:24:58","guid":{"rendered":"https:\/\/medposnonwoven.com\/product\/delantal-no-tejido-desechable\/"},"modified":"2023-04-10T11:02:51","modified_gmt":"2023-04-10T11:02:51","slug":"delantal-no-tejido-desechable","status":"publish","type":"product","link":"https:\/\/medposnonwoven.com\/es\/producto\/delantal-no-tejido-desechable\/","title":{"rendered":"Delantal no tejido desechable"},"content":{"rendered":"<ul>\n<li>El delantal desechable de tela no tejida est\u00e1 hecho de tela no tejida spunbond de alta calidad, que es transpirable, impermeable y a prueba de grasa, para una c\u00f3moda experiencia de uso. Los lazos de la cintura son f\u00e1ciles de poner y quitar, y la longitud de los lazos se adapta a distintos tipos de cuerpo.<\/li>\n<li>Los delantales desechables de tela no tejida, como veh\u00edculo publicitario moderno y novedoso, tienen las ventajas de su bajo coste, colores vivos y buenos efectos visuales, dise\u00f1o de patrones sin restricciones, adem\u00e1s de ser bonitos y duraderos y de buena calidad a buen precio, etc. Se han convertido en una importante forma de publicidad corporativa. Tiene las ventajas incomparables de otros anuncios. El producto tiene un gran espacio publicitario y puede imprimirse con logotipos\/direcciones\/tel\u00e9fonos\/productos\/propaganda de la empresa y otra informaci\u00f3n promocional, lo que lo convierte en un producto ideal para regalos promocionales.<\/li>\n<\/ul>\n<p>&nbsp;<\/p>\n","protected":false},"excerpt":{"rendered":"<ul>\n<li>Las prendas de protecci\u00f3n est\u00e1n pensadas para entornos con presencia de sustancias qu\u00edmicas l\u00edquidas y secas.<\/li>\n<li>Ampliamente utilizado en el servicio de alimentos, procesamiento de carne, cocina, manipulaci\u00f3n de alimentos, sala limpia, jardiner\u00eda e impresi\u00f3n.<\/li>\n<\/ul>\n<h4>Caracter\u00edsticas<\/h4>\n<p>Material: Polipropileno no tejido<\/p>\n<p>Tama\u00f1o:40*70cm \/38*73cm o personalizado<\/p>\n<p>Color: azul, verde o personalizado<\/p>\n<p>Tipo:De una sola pieza, con lazos en la espalda.<\/p>\n<p>Embalaje: 50pcs\/bag, 20 bags\/carton<\/p>\n<p>&nbsp;<\/p>\n<p>&nbsp;<\/p>\n","protected":false},"featured_media":2771,"template":"","meta":{"site-sidebar-layout":"default","site-content-layout":"default","ast-site-content-layout":"default","site-content-style":"default","site-sidebar-style":"default","ast-global-header-display":"","ast-banner-title-visibility":"","ast-main-header-display":"","ast-hfb-above-header-display":"","ast-hfb-below-header-display":"","ast-hfb-mobile-header-display":"","site-post-title":"","ast-breadcrumbs-content":"","ast-featured-img":"","footer-sml-layout":"","ast-disable-related-posts":"","theme-transparent-header-meta":"default","adv-header-id-meta":"","stick-header-meta":"","header-above-stick-meta":"","header-main-stick-meta":"","header-below-stick-meta":"","astra-migrate-meta-layouts":"default","ast-page-background-enabled":"default","ast-page-background-meta":{"desktop":{"background-color":"","background-image":"","background-repeat":"repeat","background-position":"center center","background-size":"auto","background-attachment":"scroll","background-type":"","background-media":"","overlay-type":"","overlay-color":"","overlay-opacity":"","overlay-gradient":""},"tablet":{"background-color":"","background-image":"","background-repeat":"repeat","background-position":"center center","background-size":"auto","background-attachment":"scroll","background-type":"","background-media":"","overlay-type":"","overlay-color":"","overlay-opacity":"","overlay-gradient":""},"mobile":{"background-color":"","background-image":"","background-repeat":"repeat","background-position":"center center","background-size":"auto","background-attachment":"scroll","background-type":"","background-media":"","overlay-type":"","overlay-color":"","overlay-opacity":"","overlay-gradient":""}},"ast-content-background-meta":{"desktop":{"background-color":"var(--ast-global-color-5)","background-image":"","background-repeat":"repeat","background-position":"center center","background-size":"auto","background-attachment":"scroll","background-type":"","background-media":"","overlay-type":"","overlay-color":"","overlay-opacity":"","overlay-gradient":""},"tablet":{"background-color":"var(--ast-global-color-5)","background-image":"","background-repeat":"repeat","background-position":"center center","background-size":"auto","background-attachment":"scroll","background-type":"","background-media":"","overlay-type":"","overlay-color":"","overlay-opacity":"","overlay-gradient":""},"mobile":{"background-color":"var(--ast-global-color-5)","background-image":"","background-repeat":"repeat","background-position":"center center","background-size":"auto","background-attachment":"scroll","background-type":"","background-media":"","overlay-type":"","overlay-color":"","overlay-opacity":"","overlay-gradient":""}}},"product_brand":[],"product_cat":[67],"product_tag":[],"class_list":{"0":"post-3134","1":"product","2":"type-product","3":"status-publish","4":"has-post-thumbnail","6":"product_cat-delantales-desechables","7":"desktop-align-center","8":"tablet-align-left","9":"mobile-align-left","11":"first","12":"instock","13":"shipping-taxable","14":"product-type-simple"},"_links":{"self":[{"href":"https:\/\/medposnonwoven.com\/es\/wp-json\/wp\/v2\/product\/3134","targetHints":{"allow":["GET"]}}],"collection":[{"href":"https:\/\/medposnonwoven.com\/es\/wp-json\/wp\/v2\/product"}],"about":[{"href":"https:\/\/medposnonwoven.com\/es\/wp-json\/wp\/v2\/types\/product"}],"wp:featuredmedia":[{"embeddable":true,"href":"https:\/\/medposnonwoven.com\/es\/wp-json\/wp\/v2\/media\/2771"}],"wp:attachment":[{"href":"https:\/\/medposnonwoven.com\/es\/wp-json\/wp\/v2\/media?parent=3134"}],"wp:term":[{"taxonomy":"product_brand","embeddable":true,"href":"https:\/\/medposnonwoven.com\/es\/wp-json\/wp\/v2\/product_brand?post=3134"},{"taxonomy":"product_cat","embeddable":true,"href":"https:\/\/medposnonwoven.com\/es\/wp-json\/wp\/v2\/product_cat?post=3134"},{"taxonomy":"product_tag","embeddable":true,"href":"https:\/\/medposnonwoven.com\/es\/wp-json\/wp\/v2\/product_tag?post=3134"}],"curies":[{"name":"wp","href":"https:\/\/api.w.org\/{rel}","templated":true}]}}