{"id":3135,"date":"2023-01-06T14:27:26","date_gmt":"2023-01-06T14:27:26","guid":{"rendered":"https:\/\/medposnonwoven.com\/product\/bata-desechable-cpe\/"},"modified":"2023-04-10T11:03:34","modified_gmt":"2023-04-10T11:03:34","slug":"bata-desechable-cpe","status":"publish","type":"product","link":"https:\/\/medposnonwoven.com\/es\/producto\/bata-desechable-cpe\/","title":{"rendered":"Bata desechable CPE"},"content":{"rendered":"<ul>\n<li>Nuestras batas CPE desechables est\u00e1n fabricadas con pel\u00edcula CPE de alta calidad, resistente al desgarro y a la sangre, impermeable, resistente al aceite, con efecto barrera contra el polvo y no irritante para la piel. Las propiedades envolventes son buenas y el polvo no penetra f\u00e1cilmente en la bata protectora. Suaves al tacto y fabricadas con CPE engrosado para una larga duraci\u00f3n. A\u00edsla los l\u00edquidos externos y filtra los gases vol\u00e1tiles para evitar el contacto directo.<\/li>\n<li>Moldeado integrado totalmente autom\u00e1tico, bordes sin rebabas, c\u00f3modo y sencillo, bello y generoso. Dise\u00f1o de pu\u00f1o humanizado, moldeado integrado, no es f\u00e1cil que se caiga, mantiene las mejores condiciones de trabajo. Cord\u00f3n tradicional, integrado en la propia bata, CPE nuevo material con mejor resistencia a la tracci\u00f3n, no es f\u00e1cil de romper. Manga del cuerpo proceso de prensado t\u00e9rmico, somos extremadamente estrictos con el \u00fanico proceso de laminaci\u00f3n t\u00e9rmica manual para batas CPE, con m\u00e1s de 10 a\u00f1os de experiencia de los trabajadores, para evitar que se caiga.<\/li>\n<\/ul>\n<p>&nbsp;<\/p>\n","protected":false},"excerpt":{"rendered":"<ul>\n<li>Cada bata est\u00e1 dise\u00f1ada con orificios para los pulgares, de modo que se ajustan perfectamente siempre que se llevan puestas. Los orificios para los pulgares facilitan el uso de guantes sin que las mangas se deslicen hacia arriba para una mayor protecci\u00f3n.<\/li>\n<li>Ampliamente utilizado en el servicio de alimentos, procesamiento de carne, cocina, manipulaci\u00f3n de alimentos, sala limpia, jardiner\u00eda e impresi\u00f3n.<\/li>\n<\/ul>\n<h4>Caracter\u00edsticas<\/h4>\n<p>Material: Polietileno CPE<\/p>\n<p>Tama\u00f1o:112*117cm\/90*122cm\/100*121cm o Personalizado<\/p>\n<p>Color: azul o personalizado<\/p>\n<p>Tipo:De una sola pieza, con gancho para el pulgar y espalda abierta.<\/p>\n<p>Embalaje: 1 unidad\/paquete, 200 paquetes\/caja<\/p>\n<p>&nbsp;<\/p>\n<p>&nbsp;<\/p>\n","protected":false},"featured_media":2768,"template":"","meta":{"site-sidebar-layout":"default","site-content-layout":"default","ast-site-content-layout":"default","site-content-style":"default","site-sidebar-style":"default","ast-global-header-display":"","ast-banner-title-visibility":"","ast-main-header-display":"","ast-hfb-above-header-display":"","ast-hfb-below-header-display":"","ast-hfb-mobile-header-display":"","site-post-title":"","ast-breadcrumbs-content":"","ast-featured-img":"","footer-sml-layout":"","ast-disable-related-posts":"","theme-transparent-header-meta":"default","adv-header-id-meta":"","stick-header-meta":"","header-above-stick-meta":"","header-main-stick-meta":"","header-below-stick-meta":"","astra-migrate-meta-layouts":"default","ast-page-background-enabled":"default","ast-page-background-meta":{"desktop":{"background-color":"","background-image":"","background-repeat":"repeat","background-position":"center center","background-size":"auto","background-attachment":"scroll","background-type":"","background-media":"","overlay-type":"","overlay-color":"","overlay-opacity":"","overlay-gradient":""},"tablet":{"background-color":"","background-image":"","background-repeat":"repeat","background-position":"center center","background-size":"auto","background-attachment":"scroll","background-type":"","background-media":"","overlay-type":"","overlay-color":"","overlay-opacity":"","overlay-gradient":""},"mobile":{"background-color":"","background-image":"","background-repeat":"repeat","background-position":"center center","background-size":"auto","background-attachment":"scroll","background-type":"","background-media":"","overlay-type":"","overlay-color":"","overlay-opacity":"","overlay-gradient":""}},"ast-content-background-meta":{"desktop":{"background-color":"var(--ast-global-color-5)","background-image":"","background-repeat":"repeat","background-position":"center center","background-size":"auto","background-attachment":"scroll","background-type":"","background-media":"","overlay-type":"","overlay-color":"","overlay-opacity":"","overlay-gradient":""},"tablet":{"background-color":"var(--ast-global-color-5)","background-image":"","background-repeat":"repeat","background-position":"center center","background-size":"auto","background-attachment":"scroll","background-type":"","background-media":"","overlay-type":"","overlay-color":"","overlay-opacity":"","overlay-gradient":""},"mobile":{"background-color":"var(--ast-global-color-5)","background-image":"","background-repeat":"repeat","background-position":"center center","background-size":"auto","background-attachment":"scroll","background-type":"","background-media":"","overlay-type":"","overlay-color":"","overlay-opacity":"","overlay-gradient":""}}},"product_brand":[],"product_cat":[67],"product_tag":[],"class_list":{"0":"post-3135","1":"product","2":"type-product","3":"status-publish","4":"has-post-thumbnail","6":"product_cat-delantales-desechables","7":"desktop-align-center","8":"tablet-align-left","9":"mobile-align-left","11":"first","12":"instock","13":"shipping-taxable","14":"product-type-simple"},"_links":{"self":[{"href":"https:\/\/medposnonwoven.com\/es\/wp-json\/wp\/v2\/product\/3135","targetHints":{"allow":["GET"]}}],"collection":[{"href":"https:\/\/medposnonwoven.com\/es\/wp-json\/wp\/v2\/product"}],"about":[{"href":"https:\/\/medposnonwoven.com\/es\/wp-json\/wp\/v2\/types\/product"}],"wp:featuredmedia":[{"embeddable":true,"href":"https:\/\/medposnonwoven.com\/es\/wp-json\/wp\/v2\/media\/2768"}],"wp:attachment":[{"href":"https:\/\/medposnonwoven.com\/es\/wp-json\/wp\/v2\/media?parent=3135"}],"wp:term":[{"taxonomy":"product_brand","embeddable":true,"href":"https:\/\/medposnonwoven.com\/es\/wp-json\/wp\/v2\/product_brand?post=3135"},{"taxonomy":"product_cat","embeddable":true,"href":"https:\/\/medposnonwoven.com\/es\/wp-json\/wp\/v2\/product_cat?post=3135"},{"taxonomy":"product_tag","embeddable":true,"href":"https:\/\/medposnonwoven.com\/es\/wp-json\/wp\/v2\/product_tag?post=3135"}],"curies":[{"name":"wp","href":"https:\/\/api.w.org\/{rel}","templated":true}]}}