{"id":3136,"date":"2023-01-03T14:26:10","date_gmt":"2023-01-03T14:26:10","guid":{"rendered":"https:\/\/medposnonwoven.com\/product\/mono-de-pp-no-tejido\/"},"modified":"2023-04-10T11:19:50","modified_gmt":"2023-04-10T11:19:50","slug":"mono-de-pp-no-tejido","status":"publish","type":"product","link":"https:\/\/medposnonwoven.com\/es\/producto\/mono-de-pp-no-tejido\/","title":{"rendered":"Mono de PP no tejido"},"content":{"rendered":"<ul>\n<li>Los monos desechables est\u00e1n dise\u00f1ados para cubrir todo el cuerpo y otras prendas de protecci\u00f3n contra la suciedad u otros contaminantes externos. Los monos son de una sola pieza y holgados para facilitar el movimiento, con mangas, perneras completas y, a menudo, una capucha para cubrir la cabeza. Tambi\u00e9n pueden incluir piezas de sobrecalzado para cubrir el calzado y protegerlo de la contaminaci\u00f3n.<\/li>\n<li>Cuando se trabaja muchas horas, la seguridad y la comodidad deben ir de la mano. Por eso desarrollamos, dise\u00f1amos, probamos -y volvemos a probar- nuestro equipo de protecci\u00f3n corporal l\u00edder en el sector, para que pueda trabajar con tranquilidad incluso en los entornos m\u00e1s duros. Cuando necesite protecci\u00f3n contra productos qu\u00edmicos, part\u00edculas, llamas, riesgos biol\u00f3gicos y otros contaminantes, nuestras prendas y accesorios de protecci\u00f3n est\u00e1n dise\u00f1ados para resistir su jornada laboral.<\/li>\n<\/ul>\n<p>&nbsp;<\/p>\n","protected":false},"excerpt":{"rendered":"<ul>\n<li>Los trajes desechables est\u00e1n fabricados con tejido sin tejer spunbond, son ligeros, a prueba de polvo y mantienen la ropa limpia durante el trabajo.<\/li>\n<li>Ampliamente utilizado para jardiner\u00eda, pintura, pulverizaci\u00f3n, fabricaci\u00f3n, limpieza, mantenimiento de veh\u00edculos y m\u00e1quinas o para realizar trabajos de jardiner\u00eda.<\/li>\n<\/ul>\n<h4>Caracter\u00edsticas<\/h4>\n<p>Material: Tela no tejida de polipropileno<\/p>\n<p>Talla: S, M, L, XL, XXL, 3XL, 4XL<\/p>\n<p>Color:Blanco, Azul, Azul oscuro<\/p>\n<p>Tipo:Con capucha, pu\u00f1os el\u00e1sticos y cierre con cremallera delante.<\/p>\n<p>Embalaje: 1 unidad\/bolsa, 50 bolsas\/caja<\/p>\n<p>&nbsp;<\/p>\n<p>&nbsp;<\/p>\n","protected":false},"featured_media":2736,"template":"","meta":{"site-sidebar-layout":"default","site-content-layout":"default","ast-site-content-layout":"default","site-content-style":"default","site-sidebar-style":"default","ast-global-header-display":"","ast-banner-title-visibility":"","ast-main-header-display":"","ast-hfb-above-header-display":"","ast-hfb-below-header-display":"","ast-hfb-mobile-header-display":"","site-post-title":"","ast-breadcrumbs-content":"","ast-featured-img":"","footer-sml-layout":"","ast-disable-related-posts":"","theme-transparent-header-meta":"default","adv-header-id-meta":"","stick-header-meta":"","header-above-stick-meta":"","header-main-stick-meta":"","header-below-stick-meta":"","astra-migrate-meta-layouts":"default","ast-page-background-enabled":"default","ast-page-background-meta":{"desktop":{"background-color":"","background-image":"","background-repeat":"repeat","background-position":"center center","background-size":"auto","background-attachment":"scroll","background-type":"","background-media":"","overlay-type":"","overlay-color":"","overlay-opacity":"","overlay-gradient":""},"tablet":{"background-color":"","background-image":"","background-repeat":"repeat","background-position":"center center","background-size":"auto","background-attachment":"scroll","background-type":"","background-media":"","overlay-type":"","overlay-color":"","overlay-opacity":"","overlay-gradient":""},"mobile":{"background-color":"","background-image":"","background-repeat":"repeat","background-position":"center center","background-size":"auto","background-attachment":"scroll","background-type":"","background-media":"","overlay-type":"","overlay-color":"","overlay-opacity":"","overlay-gradient":""}},"ast-content-background-meta":{"desktop":{"background-color":"var(--ast-global-color-5)","background-image":"","background-repeat":"repeat","background-position":"center center","background-size":"auto","background-attachment":"scroll","background-type":"","background-media":"","overlay-type":"","overlay-color":"","overlay-opacity":"","overlay-gradient":""},"tablet":{"background-color":"var(--ast-global-color-5)","background-image":"","background-repeat":"repeat","background-position":"center center","background-size":"auto","background-attachment":"scroll","background-type":"","background-media":"","overlay-type":"","overlay-color":"","overlay-opacity":"","overlay-gradient":""},"mobile":{"background-color":"var(--ast-global-color-5)","background-image":"","background-repeat":"repeat","background-position":"center center","background-size":"auto","background-attachment":"scroll","background-type":"","background-media":"","overlay-type":"","overlay-color":"","overlay-opacity":"","overlay-gradient":""}}},"product_brand":[],"product_cat":[70],"product_tag":[],"class_list":{"0":"post-3136","1":"product","2":"type-product","3":"status-publish","4":"has-post-thumbnail","6":"product_cat-batas-de-proteccion","7":"desktop-align-center","8":"tablet-align-left","9":"mobile-align-left","11":"first","12":"instock","13":"shipping-taxable","14":"product-type-simple"},"_links":{"self":[{"href":"https:\/\/medposnonwoven.com\/es\/wp-json\/wp\/v2\/product\/3136","targetHints":{"allow":["GET"]}}],"collection":[{"href":"https:\/\/medposnonwoven.com\/es\/wp-json\/wp\/v2\/product"}],"about":[{"href":"https:\/\/medposnonwoven.com\/es\/wp-json\/wp\/v2\/types\/product"}],"wp:featuredmedia":[{"embeddable":true,"href":"https:\/\/medposnonwoven.com\/es\/wp-json\/wp\/v2\/media\/2736"}],"wp:attachment":[{"href":"https:\/\/medposnonwoven.com\/es\/wp-json\/wp\/v2\/media?parent=3136"}],"wp:term":[{"taxonomy":"product_brand","embeddable":true,"href":"https:\/\/medposnonwoven.com\/es\/wp-json\/wp\/v2\/product_brand?post=3136"},{"taxonomy":"product_cat","embeddable":true,"href":"https:\/\/medposnonwoven.com\/es\/wp-json\/wp\/v2\/product_cat?post=3136"},{"taxonomy":"product_tag","embeddable":true,"href":"https:\/\/medposnonwoven.com\/es\/wp-json\/wp\/v2\/product_tag?post=3136"}],"curies":[{"name":"wp","href":"https:\/\/api.w.org\/{rel}","templated":true}]}}