{"id":3138,"date":"2022-12-30T13:29:48","date_gmt":"2022-12-30T13:29:48","guid":{"rendered":"https:\/\/medposnonwoven.com\/product\/gorro-no-tejido-para-mob-gorro-con-clip\/"},"modified":"2023-04-10T11:31:37","modified_gmt":"2023-04-10T11:31:37","slug":"gorro-no-tejido-para-mob-gorro-con-clip","status":"publish","type":"product","link":"https:\/\/medposnonwoven.com\/es\/producto\/gorro-no-tejido-para-mob-gorro-con-clip\/","title":{"rendered":"Gorro no tejido para mob (gorro con clip)"},"content":{"rendered":"<ul>\n<li><span data-offset-key=\"107rj-10-0\">Dis<\/span><span data-offset-key=\"107rj-11-0\">pos<\/span><span data-offset-key=\"107rj-12-0\">able<\/span><span data-offset-key=\"107rj-13-0\"> clip<\/span><span data-offset-key=\"107rj-14-0\"> tapas<\/span><span data-offset-key=\"107rj-15-0\">,<\/span><span data-offset-key=\"107rj-16-0\"> tambi\u00e9n<\/span><span data-offset-key=\"107rj-17-0\"> conocido<\/span><span data-offset-key=\"107rj-18-0\"> como<\/span><span data-offset-key=\"107rj-19-0\"> bou<\/span><span data-offset-key=\"107rj-20-0\">ff<\/span><span data-offset-key=\"107rj-21-0\">hormiga<\/span><span data-offset-key=\"107rj-22-0\"> tapas<\/span><span data-offset-key=\"107rj-23-0\">,<\/span><span data-offset-key=\"107rj-24-0\"> Est\u00e1n fabricadas con un tejido no tejido ligero y transpirable, dise\u00f1ado para evitar que se caiga el pelo mientras se trabaja en lugares con altos requisitos de higiene. <\/span><span data-offset-key=\"107rj-56-0\"> Estos<\/span><span data-offset-key=\"107rj-57-0\"> tapas<\/span><span data-offset-key=\"107rj-58-0\"> son<\/span><span data-offset-key=\"107rj-59-0\"> previsto<\/span><span data-offset-key=\"107rj-60-0\"> a<\/span><span data-offset-key=\"107rj-61-0\"> sea<\/span><span data-offset-key=\"107rj-62-0\"> usado<\/span><span data-offset-key=\"107rj-63-0\"> s\u00f3lo<\/span><span data-offset-key=\"107rj-64-0\"> una vez<\/span><span data-offset-key=\"107rj-65-0\"> y<\/span><span data-offset-key=\"107rj-66-0\"> entonces<\/span><span data-offset-key=\"107rj-67-0\"> eliminado<\/span><span data-offset-key=\"107rj-68-0\"> de<\/span><span data-offset-key=\"107rj-69-0\">,<\/span><span data-offset-key=\"107rj-70-0\"> como<\/span><span data-offset-key=\"107rj-71-0\"> ellos<\/span><span data-offset-key=\"107rj-72-0\"> son<\/span><span data-offset-key=\"107rj-73-0\"> no<\/span><span data-offset-key=\"107rj-74-0\"> quer\u00eda decir<\/span><span data-offset-key=\"107rj-75-0\"> a<\/span><span data-offset-key=\"107rj-76-0\"> sea<\/span><span data-offset-key=\"107rj-77-0\"> reutilizado<\/span><span data-offset-key=\"107rj-78-0\">.<\/span><span data-offset-key=\"107rj-79-0\"> Un gorro de clip desechable suele tener un capuch\u00f3n esf\u00e9rico en forma de c\u00fapula con una banda el\u00e1stica que rodea la cabeza de forma segura. Normalmente, esta banda se cubre con una tela fina no tejida que se abrocha f\u00e1cilmente alrededor de la cabeza. La parte posterior del gorro de clip desechable tambi\u00e9n puede incluir un cierre de clip, que permite un ajuste ce\u00f1ido y c\u00f3modo.<\/span><\/li>\n<li>Para garantizar la comodidad de uso durante todo el d\u00eda, materiales como el polipropileno 100% no tejido son conocidos por ser ligeros y transpirables, mientras que la cabeza permanece c\u00f3moda y protegida. Una cinta el\u00e1stica envuelve la cabeza con seguridad y suavidad para un ajuste perfecto. Adem\u00e1s, mantienen eficazmente el pelo alejado de los ojos y de la zona de trabajo.<\/li>\n<\/ul>\n<p>&nbsp;<\/p>\n<p>&nbsp;<\/p>\n","protected":false},"excerpt":{"rendered":"<ul>\n<li>Las gorras desechables son ligeras y transpirables, por lo que nunca dejar\u00e1n la cabeza h\u00fameda.<\/li>\n<li>Ampliamente utilizado para el hogar, hospital, spa, sal\u00f3n, industria de servicios y espacio de trabajo libre de polvo, no tendr\u00e1 miedo de la p\u00e9rdida accidental del cabello.<\/li>\n<\/ul>\n<h4>Caracter\u00edsticas<\/h4>\n<p>Material: No tejido de polipropileno de 10 g\/m\u00b2 (o peso personalizado)<\/p>\n<p>Talla:18&#8243;, 19&#8243;, 20&#8243;, 21&#8243;, 22&#8243;,23&#8243;, 24&#8243;<\/p>\n<p>Tipo: El\u00e1stico simple o doble<\/p>\n<p>Color:Azul,Negro,Blanco(Otros colores tambien aceptados)<\/p>\n<p>Embalaje: 100 unidades\/bolsa, 10 \u00f3 20 bolsas\/caja<\/p>\n<p>&nbsp;<\/p>\n<p>&nbsp;<\/p>\n","protected":false},"featured_media":2630,"template":"","meta":{"site-sidebar-layout":"default","site-content-layout":"default","ast-site-content-layout":"default","site-content-style":"default","site-sidebar-style":"default","ast-global-header-display":"","ast-banner-title-visibility":"","ast-main-header-display":"","ast-hfb-above-header-display":"","ast-hfb-below-header-display":"","ast-hfb-mobile-header-display":"","site-post-title":"","ast-breadcrumbs-content":"","ast-featured-img":"","footer-sml-layout":"","ast-disable-related-posts":"","theme-transparent-header-meta":"default","adv-header-id-meta":"","stick-header-meta":"","header-above-stick-meta":"","header-main-stick-meta":"","header-below-stick-meta":"","astra-migrate-meta-layouts":"default","ast-page-background-enabled":"default","ast-page-background-meta":{"desktop":{"background-color":"","background-image":"","background-repeat":"repeat","background-position":"center center","background-size":"auto","background-attachment":"scroll","background-type":"","background-media":"","overlay-type":"","overlay-color":"","overlay-opacity":"","overlay-gradient":""},"tablet":{"background-color":"","background-image":"","background-repeat":"repeat","background-position":"center center","background-size":"auto","background-attachment":"scroll","background-type":"","background-media":"","overlay-type":"","overlay-color":"","overlay-opacity":"","overlay-gradient":""},"mobile":{"background-color":"","background-image":"","background-repeat":"repeat","background-position":"center center","background-size":"auto","background-attachment":"scroll","background-type":"","background-media":"","overlay-type":"","overlay-color":"","overlay-opacity":"","overlay-gradient":""}},"ast-content-background-meta":{"desktop":{"background-color":"var(--ast-global-color-5)","background-image":"","background-repeat":"repeat","background-position":"center center","background-size":"auto","background-attachment":"scroll","background-type":"","background-media":"","overlay-type":"","overlay-color":"","overlay-opacity":"","overlay-gradient":""},"tablet":{"background-color":"var(--ast-global-color-5)","background-image":"","background-repeat":"repeat","background-position":"center center","background-size":"auto","background-attachment":"scroll","background-type":"","background-media":"","overlay-type":"","overlay-color":"","overlay-opacity":"","overlay-gradient":""},"mobile":{"background-color":"var(--ast-global-color-5)","background-image":"","background-repeat":"repeat","background-position":"center center","background-size":"auto","background-attachment":"scroll","background-type":"","background-media":"","overlay-type":"","overlay-color":"","overlay-opacity":"","overlay-gradient":""}}},"product_brand":[],"product_cat":[71],"product_tag":[],"class_list":{"0":"post-3138","1":"product","2":"type-product","3":"status-publish","4":"has-post-thumbnail","6":"product_cat-tapones-desechables","7":"desktop-align-center","8":"tablet-align-left","9":"mobile-align-left","11":"first","12":"instock","13":"shipping-taxable","14":"product-type-simple"},"_links":{"self":[{"href":"https:\/\/medposnonwoven.com\/es\/wp-json\/wp\/v2\/product\/3138","targetHints":{"allow":["GET"]}}],"collection":[{"href":"https:\/\/medposnonwoven.com\/es\/wp-json\/wp\/v2\/product"}],"about":[{"href":"https:\/\/medposnonwoven.com\/es\/wp-json\/wp\/v2\/types\/product"}],"wp:featuredmedia":[{"embeddable":true,"href":"https:\/\/medposnonwoven.com\/es\/wp-json\/wp\/v2\/media\/2630"}],"wp:attachment":[{"href":"https:\/\/medposnonwoven.com\/es\/wp-json\/wp\/v2\/media?parent=3138"}],"wp:term":[{"taxonomy":"product_brand","embeddable":true,"href":"https:\/\/medposnonwoven.com\/es\/wp-json\/wp\/v2\/product_brand?post=3138"},{"taxonomy":"product_cat","embeddable":true,"href":"https:\/\/medposnonwoven.com\/es\/wp-json\/wp\/v2\/product_cat?post=3138"},{"taxonomy":"product_tag","embeddable":true,"href":"https:\/\/medposnonwoven.com\/es\/wp-json\/wp\/v2\/product_tag?post=3138"}],"curies":[{"name":"wp","href":"https:\/\/api.w.org\/{rel}","templated":true}]}}