{"id":3139,"date":"2022-12-28T14:14:06","date_gmt":"2022-12-28T14:14:06","guid":{"rendered":"https:\/\/medposnonwoven.com\/product\/3-ply-civil-mascarilla-con-earloop\/"},"modified":"2023-04-10T11:39:47","modified_gmt":"2023-04-10T11:39:47","slug":"3-ply-civil-mascarilla-con-earloop","status":"publish","type":"product","link":"https:\/\/medposnonwoven.com\/es\/producto\/3-ply-civil-mascarilla-con-earloop\/","title":{"rendered":"3 Ply Civil Mascarilla Con Earloop"},"content":{"rendered":"<ul>\n<li data-spm-anchor-id=\"a2700.details.0.i19.68fd693f12waMx\">Mascarilla desechable Ventajas: 3 capas de filtraci\u00f3n, sin olor, materiales antial\u00e9rgicos, embalaje sanitario, buena transpirabilidad.<\/li>\n<\/ul>\n<ul>\n<li>La mascarilla sanitaria evita eficazmente la inhalaci\u00f3n de polvo, polen, pelos, gripe, g\u00e9rmenes, etc. Adecuado para la limpieza diaria, al\u00e9rgico<br \/>\npersonas, personal de servicios (m\u00e9dicos, dentales, enfermer\u00eda, restauraci\u00f3n, cl\u00ednica, belleza, u\u00f1as, mascotas, etc.), as\u00ed como pacientes que necesiten<br \/>\nprotecci\u00f3n respiratoria.<\/li>\n<\/ul>\n<p>&nbsp;<\/p>\n<p>&nbsp;<\/p>\n","protected":false},"excerpt":{"rendered":"<ul>\n<li>Protege la nariz y la boca contra los fluidos, Resistente a los fluidos a una presi\u00f3n de 160 mmHg.<\/li>\n<li>El filtro Premium protege contra el 95% de las part\u00edculas mayores de 0,1 \u03bcm, eficacia del filtro = PFE95%.<\/li>\n<\/ul>\n<h4>Caracter\u00edsticas<\/h4>\n<p>Material: 33,3% Melt Blown,66,7% PP no tejido<\/p>\n<p>Capa:3(25g no tejido+25g Melt Blown+25g no tejido)<\/p>\n<p>Tama\u00f1o:17,5*9,5 cm para adultos,14,5*9,5 cm para ni\u00f1os<\/p>\n<p>Color:Azul,Negro,Blanco(Otros colores tambien aceptados)<\/p>\n<p>Norma:EN149:2001<\/p>\n<p>&nbsp;<\/p>\n<p>&nbsp;<\/p>\n","protected":false},"featured_media":2690,"template":"","meta":{"site-sidebar-layout":"default","site-content-layout":"default","ast-site-content-layout":"default","site-content-style":"default","site-sidebar-style":"default","ast-global-header-display":"","ast-banner-title-visibility":"","ast-main-header-display":"","ast-hfb-above-header-display":"","ast-hfb-below-header-display":"","ast-hfb-mobile-header-display":"","site-post-title":"","ast-breadcrumbs-content":"","ast-featured-img":"","footer-sml-layout":"","ast-disable-related-posts":"","theme-transparent-header-meta":"default","adv-header-id-meta":"","stick-header-meta":"","header-above-stick-meta":"","header-main-stick-meta":"","header-below-stick-meta":"","astra-migrate-meta-layouts":"default","ast-page-background-enabled":"default","ast-page-background-meta":{"desktop":{"background-color":"","background-image":"","background-repeat":"repeat","background-position":"center center","background-size":"auto","background-attachment":"scroll","background-type":"","background-media":"","overlay-type":"","overlay-color":"","overlay-opacity":"","overlay-gradient":""},"tablet":{"background-color":"","background-image":"","background-repeat":"repeat","background-position":"center center","background-size":"auto","background-attachment":"scroll","background-type":"","background-media":"","overlay-type":"","overlay-color":"","overlay-opacity":"","overlay-gradient":""},"mobile":{"background-color":"","background-image":"","background-repeat":"repeat","background-position":"center center","background-size":"auto","background-attachment":"scroll","background-type":"","background-media":"","overlay-type":"","overlay-color":"","overlay-opacity":"","overlay-gradient":""}},"ast-content-background-meta":{"desktop":{"background-color":"var(--ast-global-color-5)","background-image":"","background-repeat":"repeat","background-position":"center center","background-size":"auto","background-attachment":"scroll","background-type":"","background-media":"","overlay-type":"","overlay-color":"","overlay-opacity":"","overlay-gradient":""},"tablet":{"background-color":"var(--ast-global-color-5)","background-image":"","background-repeat":"repeat","background-position":"center center","background-size":"auto","background-attachment":"scroll","background-type":"","background-media":"","overlay-type":"","overlay-color":"","overlay-opacity":"","overlay-gradient":""},"mobile":{"background-color":"var(--ast-global-color-5)","background-image":"","background-repeat":"repeat","background-position":"center center","background-size":"auto","background-attachment":"scroll","background-type":"","background-media":"","overlay-type":"","overlay-color":"","overlay-opacity":"","overlay-gradient":""}}},"product_brand":[],"product_cat":[72],"product_tag":[],"class_list":{"0":"post-3139","1":"product","2":"type-product","3":"status-publish","4":"has-post-thumbnail","6":"product_cat-mascarillas-desechables-y-respiradores","7":"desktop-align-center","8":"tablet-align-left","9":"mobile-align-left","11":"first","12":"instock","13":"shipping-taxable","14":"product-type-simple"},"_links":{"self":[{"href":"https:\/\/medposnonwoven.com\/es\/wp-json\/wp\/v2\/product\/3139","targetHints":{"allow":["GET"]}}],"collection":[{"href":"https:\/\/medposnonwoven.com\/es\/wp-json\/wp\/v2\/product"}],"about":[{"href":"https:\/\/medposnonwoven.com\/es\/wp-json\/wp\/v2\/types\/product"}],"wp:featuredmedia":[{"embeddable":true,"href":"https:\/\/medposnonwoven.com\/es\/wp-json\/wp\/v2\/media\/2690"}],"wp:attachment":[{"href":"https:\/\/medposnonwoven.com\/es\/wp-json\/wp\/v2\/media?parent=3139"}],"wp:term":[{"taxonomy":"product_brand","embeddable":true,"href":"https:\/\/medposnonwoven.com\/es\/wp-json\/wp\/v2\/product_brand?post=3139"},{"taxonomy":"product_cat","embeddable":true,"href":"https:\/\/medposnonwoven.com\/es\/wp-json\/wp\/v2\/product_cat?post=3139"},{"taxonomy":"product_tag","embeddable":true,"href":"https:\/\/medposnonwoven.com\/es\/wp-json\/wp\/v2\/product_tag?post=3139"}],"curies":[{"name":"wp","href":"https:\/\/api.w.org\/{rel}","templated":true}]}}