{"id":3140,"date":"2023-01-02T16:08:46","date_gmt":"2023-01-02T16:08:46","guid":{"rendered":"https:\/\/medposnonwoven.com\/product\/bata-de-aislamiento-aami-nivel-2\/"},"modified":"2023-04-10T11:21:26","modified_gmt":"2023-04-10T11:21:26","slug":"bata-de-aislamiento-aami-nivel-2","status":"publish","type":"product","link":"https:\/\/medposnonwoven.com\/es\/producto\/bata-de-aislamiento-aami-nivel-2\/","title":{"rendered":"Bata de aislamiento AAMI-NIVEL 2"},"content":{"rendered":"<ul>\n<li>Las batas de aislamiento desechables se fabrican normalmente con materiales no tejidos como spunbnod, SMS y PE laminado no tejido. Estos materiales son ligeros y transpirables, por lo que resultan c\u00f3modos de llevar. Tambi\u00e9n son repelentes a los fluidos, art\u00edculo de protecci\u00f3n ideal para procedimientos m\u00e9dicos en los que pueda haber contacto con fluidos. Los materiales utilizados para las batas de ppe tambi\u00e9n son resistentes y duraderos, lo que permite utilizarlas varias veces si es necesario. Adem\u00e1s, las batas de aislamiento desechables suelen estar dise\u00f1adas con pu\u00f1os el\u00e1sticos y lazos en la cintura para proporcionar un ajuste seguro.<\/li>\n<li>Est\u00e1n dise\u00f1adas para cubrir el cuerpo desde el cuello hasta las rodillas y desde las mu\u00f1ecas hasta los codos, y tienen mangas largas y lazos o bandas el\u00e1sticas en los pu\u00f1os, la cintura y el cuello para asegurarlas en su sitio. Las batas de aislamiento se suelen utilizar en entornos m\u00e9dicos, como hospitales, cl\u00ednicas, centros sanitarios, farmac\u00e9uticos, industria alimentaria, laboratorios, fabricaci\u00f3n y seguridad para proteger al personal sanitario del contacto con materiales infecciosos o fluidos corporales. Tambi\u00e9n pueden llevarlos los pacientes para evitar la propagaci\u00f3n de la infecci\u00f3n a otras personas.<\/li>\n<\/ul>\n<p>&nbsp;<\/p>\n<p>&nbsp;<\/p>\n","protected":false},"excerpt":{"rendered":"<ul>\n<li>Nuestras batas de aislamiento desechables le mantienen limpio, seguro y c\u00f3modo. Para mayor comodidad, sus nuevas batas ppe tienen costuras t\u00e9rmicas adheridas, pu\u00f1os el\u00e1sticos y cuello trasero con cierre de velcro.<\/li>\n<li>A\u00edslan eficazmente el polvo y otras sustancias nocivas, cubren el cuerpo y la ropa y crean una barrera f\u00edsica contra la transmisi\u00f3n de microorganismos y otras sustancias.<\/li>\n<\/ul>\n<h4>Caracter\u00edsticas<\/h4>\n<p>Material: PP+PE, SMS<\/p>\n<p>Tama\u00f1o: 115x137cm, 120x140cm o personalizado<\/p>\n<p>Color: azul, amarillo, verde o personalizado<\/p>\n<p>Tipo: Pu\u00f1o el\u00e1stico o de punto<\/p>\n<p>Embalaje: 10 uds.\/bolsa, 10 \u00f3 20 bolsas\/caja<\/p>\n<p>Normativa: AAMI-Nivel 2, EN14126<\/p>\n<p>&nbsp;<\/p>\n<p>&nbsp;<\/p>\n<p>&nbsp;<\/p>\n","protected":false},"featured_media":2733,"template":"","meta":{"site-sidebar-layout":"default","site-content-layout":"default","ast-site-content-layout":"default","site-content-style":"default","site-sidebar-style":"default","ast-global-header-display":"","ast-banner-title-visibility":"","ast-main-header-display":"","ast-hfb-above-header-display":"","ast-hfb-below-header-display":"","ast-hfb-mobile-header-display":"","site-post-title":"","ast-breadcrumbs-content":"","ast-featured-img":"","footer-sml-layout":"","ast-disable-related-posts":"","theme-transparent-header-meta":"default","adv-header-id-meta":"","stick-header-meta":"","header-above-stick-meta":"","header-main-stick-meta":"","header-below-stick-meta":"","astra-migrate-meta-layouts":"default","ast-page-background-enabled":"default","ast-page-background-meta":{"desktop":{"background-color":"","background-image":"","background-repeat":"repeat","background-position":"center center","background-size":"auto","background-attachment":"scroll","background-type":"","background-media":"","overlay-type":"","overlay-color":"","overlay-opacity":"","overlay-gradient":""},"tablet":{"background-color":"","background-image":"","background-repeat":"repeat","background-position":"center center","background-size":"auto","background-attachment":"scroll","background-type":"","background-media":"","overlay-type":"","overlay-color":"","overlay-opacity":"","overlay-gradient":""},"mobile":{"background-color":"","background-image":"","background-repeat":"repeat","background-position":"center center","background-size":"auto","background-attachment":"scroll","background-type":"","background-media":"","overlay-type":"","overlay-color":"","overlay-opacity":"","overlay-gradient":""}},"ast-content-background-meta":{"desktop":{"background-color":"var(--ast-global-color-5)","background-image":"","background-repeat":"repeat","background-position":"center center","background-size":"auto","background-attachment":"scroll","background-type":"","background-media":"","overlay-type":"","overlay-color":"","overlay-opacity":"","overlay-gradient":""},"tablet":{"background-color":"var(--ast-global-color-5)","background-image":"","background-repeat":"repeat","background-position":"center center","background-size":"auto","background-attachment":"scroll","background-type":"","background-media":"","overlay-type":"","overlay-color":"","overlay-opacity":"","overlay-gradient":""},"mobile":{"background-color":"var(--ast-global-color-5)","background-image":"","background-repeat":"repeat","background-position":"center center","background-size":"auto","background-attachment":"scroll","background-type":"","background-media":"","overlay-type":"","overlay-color":"","overlay-opacity":"","overlay-gradient":""}}},"product_brand":[],"product_cat":[70],"product_tag":[],"class_list":{"0":"post-3140","1":"product","2":"type-product","3":"status-publish","4":"has-post-thumbnail","6":"product_cat-batas-de-proteccion","7":"desktop-align-center","8":"tablet-align-left","9":"mobile-align-left","11":"first","12":"instock","13":"shipping-taxable","14":"product-type-simple"},"_links":{"self":[{"href":"https:\/\/medposnonwoven.com\/es\/wp-json\/wp\/v2\/product\/3140","targetHints":{"allow":["GET"]}}],"collection":[{"href":"https:\/\/medposnonwoven.com\/es\/wp-json\/wp\/v2\/product"}],"about":[{"href":"https:\/\/medposnonwoven.com\/es\/wp-json\/wp\/v2\/types\/product"}],"wp:featuredmedia":[{"embeddable":true,"href":"https:\/\/medposnonwoven.com\/es\/wp-json\/wp\/v2\/media\/2733"}],"wp:attachment":[{"href":"https:\/\/medposnonwoven.com\/es\/wp-json\/wp\/v2\/media?parent=3140"}],"wp:term":[{"taxonomy":"product_brand","embeddable":true,"href":"https:\/\/medposnonwoven.com\/es\/wp-json\/wp\/v2\/product_brand?post=3140"},{"taxonomy":"product_cat","embeddable":true,"href":"https:\/\/medposnonwoven.com\/es\/wp-json\/wp\/v2\/product_cat?post=3140"},{"taxonomy":"product_tag","embeddable":true,"href":"https:\/\/medposnonwoven.com\/es\/wp-json\/wp\/v2\/product_tag?post=3140"}],"curies":[{"name":"wp","href":"https:\/\/api.w.org\/{rel}","templated":true}]}}