{"id":3141,"date":"2022-12-31T13:57:21","date_gmt":"2022-12-31T13:57:21","guid":{"rendered":"https:\/\/medposnonwoven.com\/product\/cubrebarbas-desechables\/"},"modified":"2023-04-10T11:26:47","modified_gmt":"2023-04-10T11:26:47","slug":"cubrebarbas-desechables","status":"publish","type":"product","link":"https:\/\/medposnonwoven.com\/es\/producto\/cubrebarbas-desechables\/","title":{"rendered":"Cubrebarbas desechables"},"content":{"rendered":"<ul>\n<li data-spm-anchor-id=\"a2700.details.0.i19.68fd693f12waMx\">Puede utilizar gorros de barba desechables para mantener la barba limpia mientras come o duerme por la noche. Har\u00e1n que su uso sea m\u00e1s c\u00f3modo y vienen en cantidad suficiente para satisfacer sus necesidades. Estas fundas para barba est\u00e1n fabricadas con tejido de poli\u00e9ster de alta calidad, que es f\u00e1cil de limpiar, resistente, inodoro y duradero. No lastiman la cara ni la piel y son suaves y lisas al tacto.<\/li>\n<li data-spm-anchor-id=\"a2700.details.0.i19.68fd693f12waMx\">Nuestro delantal ajustable protector del vello facial puede ayudarle a mantener su barba alejada de la suciedad y el polvo, as\u00ed como a evitar que los pelos sueltos contaminen los alimentos u otras zonas. Tambi\u00e9n ayuda a evitar que las salsas, sopas y aceites de los alimentos coloreen tu barba. Puede estirar la cinta el\u00e1stica y extensible de la oreja para adaptarla a sus necesidades. La correa es segura para los o\u00eddos y puede utilizarse durante largos periodos de tiempo.<\/li>\n<\/ul>\n<p>&nbsp;<\/p>\n<p>&nbsp;<\/p>\n","protected":false},"excerpt":{"rendered":"<ul>\n<li>Fabricado con tejido no tejido de polipropileno ligero, duradero y suave. La banda el\u00e1stica sencilla es muy el\u00e1stica y f\u00e1cil de colocar con seguridad alrededor de la cabeza, independientemente del peinado. Estas fundas para barba se mantendr\u00e1n en su sitio durante el movimiento y son incre\u00edblemente c\u00f3modas de llevar incluso durante un periodo prolongado, como un turno de trabajo largo.<\/li>\n<\/ul>\n<h4>Caracter\u00edsticas<\/h4>\n<p>Material: 10gsm Spunbond<\/p>\n<p>Tama\u00f1o:18&#8243;, 21&#8243;<\/p>\n<p>Color:Azul, Blanco<\/p>\n<p>Tipo: El\u00e1stico simple o el\u00e1stico doble<\/p>\n<p>Embalaje: 100 unidades\/bolsa, 10 \u00f3 20 bolsas\/caja<\/p>\n<p>&nbsp;<\/p>\n<p>&nbsp;<\/p>\n","protected":false},"featured_media":2720,"template":"","meta":{"site-sidebar-layout":"default","site-content-layout":"default","ast-site-content-layout":"default","site-content-style":"default","site-sidebar-style":"default","ast-global-header-display":"","ast-banner-title-visibility":"","ast-main-header-display":"","ast-hfb-above-header-display":"","ast-hfb-below-header-display":"","ast-hfb-mobile-header-display":"","site-post-title":"","ast-breadcrumbs-content":"","ast-featured-img":"","footer-sml-layout":"","ast-disable-related-posts":"","theme-transparent-header-meta":"default","adv-header-id-meta":"","stick-header-meta":"","header-above-stick-meta":"","header-main-stick-meta":"","header-below-stick-meta":"","astra-migrate-meta-layouts":"default","ast-page-background-enabled":"default","ast-page-background-meta":{"desktop":{"background-color":"","background-image":"","background-repeat":"repeat","background-position":"center center","background-size":"auto","background-attachment":"scroll","background-type":"","background-media":"","overlay-type":"","overlay-color":"","overlay-opacity":"","overlay-gradient":""},"tablet":{"background-color":"","background-image":"","background-repeat":"repeat","background-position":"center center","background-size":"auto","background-attachment":"scroll","background-type":"","background-media":"","overlay-type":"","overlay-color":"","overlay-opacity":"","overlay-gradient":""},"mobile":{"background-color":"","background-image":"","background-repeat":"repeat","background-position":"center center","background-size":"auto","background-attachment":"scroll","background-type":"","background-media":"","overlay-type":"","overlay-color":"","overlay-opacity":"","overlay-gradient":""}},"ast-content-background-meta":{"desktop":{"background-color":"var(--ast-global-color-5)","background-image":"","background-repeat":"repeat","background-position":"center center","background-size":"auto","background-attachment":"scroll","background-type":"","background-media":"","overlay-type":"","overlay-color":"","overlay-opacity":"","overlay-gradient":""},"tablet":{"background-color":"var(--ast-global-color-5)","background-image":"","background-repeat":"repeat","background-position":"center center","background-size":"auto","background-attachment":"scroll","background-type":"","background-media":"","overlay-type":"","overlay-color":"","overlay-opacity":"","overlay-gradient":""},"mobile":{"background-color":"var(--ast-global-color-5)","background-image":"","background-repeat":"repeat","background-position":"center center","background-size":"auto","background-attachment":"scroll","background-type":"","background-media":"","overlay-type":"","overlay-color":"","overlay-opacity":"","overlay-gradient":""}}},"product_brand":[],"product_cat":[71],"product_tag":[],"class_list":{"0":"post-3141","1":"product","2":"type-product","3":"status-publish","4":"has-post-thumbnail","6":"product_cat-tapones-desechables","7":"desktop-align-center","8":"tablet-align-left","9":"mobile-align-left","11":"first","12":"instock","13":"shipping-taxable","14":"product-type-simple"},"_links":{"self":[{"href":"https:\/\/medposnonwoven.com\/es\/wp-json\/wp\/v2\/product\/3141","targetHints":{"allow":["GET"]}}],"collection":[{"href":"https:\/\/medposnonwoven.com\/es\/wp-json\/wp\/v2\/product"}],"about":[{"href":"https:\/\/medposnonwoven.com\/es\/wp-json\/wp\/v2\/types\/product"}],"wp:featuredmedia":[{"embeddable":true,"href":"https:\/\/medposnonwoven.com\/es\/wp-json\/wp\/v2\/media\/2720"}],"wp:attachment":[{"href":"https:\/\/medposnonwoven.com\/es\/wp-json\/wp\/v2\/media?parent=3141"}],"wp:term":[{"taxonomy":"product_brand","embeddable":true,"href":"https:\/\/medposnonwoven.com\/es\/wp-json\/wp\/v2\/product_brand?post=3141"},{"taxonomy":"product_cat","embeddable":true,"href":"https:\/\/medposnonwoven.com\/es\/wp-json\/wp\/v2\/product_cat?post=3141"},{"taxonomy":"product_tag","embeddable":true,"href":"https:\/\/medposnonwoven.com\/es\/wp-json\/wp\/v2\/product_tag?post=3141"}],"curies":[{"name":"wp","href":"https:\/\/api.w.org\/{rel}","templated":true}]}}