{"id":3142,"date":"2022-12-30T12:30:08","date_gmt":"2022-12-30T12:30:08","guid":{"rendered":"https:\/\/medposnonwoven.com\/product\/ffp2-nr%ef%bc%88n95%ef%bc%89mascarilla-con-vaso-respiratorio-y-valvula\/"},"modified":"2023-04-10T11:33:56","modified_gmt":"2023-04-10T11:33:56","slug":"ffp2-nr%ef%bc%88n95%ef%bc%89mascarilla-con-vaso-respiratorio-y-valvula","status":"publish","type":"product","link":"https:\/\/medposnonwoven.com\/es\/producto\/ffp2-nr%ef%bc%88n95%ef%bc%89mascarilla-con-vaso-respiratorio-y-valvula\/","title":{"rendered":"FFP2 NR\uff08N95\uff09Mascarilla con Vaso Respiratorio y V\u00e1lvula"},"content":{"rendered":"<ul>\n<li data-spm-anchor-id=\"a2700.details.0.i19.68fd693f12waMx\">Se utilizan 4 capas de protecci\u00f3n para garantizar la mejor protecci\u00f3n contra las part\u00edculas nocivas: la capa exterior es una capa de tela no tejida de primera calidad que sirve de barrera contra las part\u00edculas de polvo del exterior; la capa interior es una capa de tela no tejida suave que proporciona una filtraci\u00f3n eficaz con poca resistencia a la respiraci\u00f3n.<\/li>\n<\/ul>\n<ul>\n<li>Disponible en tama\u00f1o normal, la mascarilla respiratoria Cup Mask est\u00e1 dise\u00f1ada para adaptarse c\u00f3modamente a la mayor\u00eda de las formas faciales, al tiempo que proporciona una excelente protecci\u00f3n respiratoria frente a las part\u00edculas en suspensi\u00f3n en el aire y las bacterias. La mascarilla ajustada se adapta a la forma natural de la cara, minimizando los puntos de presi\u00f3n. El puente nasal moldeado reduce los ajustes necesarios para conseguir un ajuste adecuado y proporciona un sellado seguro.<\/li>\n<\/ul>\n<p>&nbsp;<\/p>\n","protected":false},"excerpt":{"rendered":"<ul>\n<li>Dise\u00f1o exclusivo que minimiza los puntos de presi\u00f3n y se adapta c\u00f3modamente a la mayor\u00eda de las caras.<\/li>\n<li>El filtro Premium protege contra el 99% de las part\u00edculas mayores de 0,1 \u03bcm, eficacia del filtro = PFE99%.<\/li>\n<\/ul>\n<h4>Caracter\u00edsticas<\/h4>\n<p>Material: La estructura de 4 capas garantiza una protecci\u00f3n completa<\/p>\n<p>1a capa: 50 g\/m\u00b2 Polipropileno spunbond (pp) No tejido<br \/>\n2a capa: 25 g\/m\u00b2 Tela no tejida fundida (filtro)<br \/>\n3a capa: 25 g\/m\u00b2 Tela no tejida fundida (filtro)<br \/>\n4a capa: 25 g\/m\u00b2 Polipropileno spunbond (pp) No tejido<\/p>\n<p>Tama\u00f1o:11,5*14cm<\/p>\n<p>Color:Azul,Negro,Blanco(Otros colores tambien aceptados)<\/p>\n<p>Normativa: EN149:2001; NIOSH; FFP2 NR<\/p>\n<p>Embalaje: 20 unidades\/caja, 20 cajas\/cart\u00f3n<\/p>\n<p>&nbsp;<\/p>\n<p>&nbsp;<\/p>\n","protected":false},"featured_media":2702,"template":"","meta":{"site-sidebar-layout":"default","site-content-layout":"default","ast-site-content-layout":"default","site-content-style":"default","site-sidebar-style":"default","ast-global-header-display":"","ast-banner-title-visibility":"","ast-main-header-display":"","ast-hfb-above-header-display":"","ast-hfb-below-header-display":"","ast-hfb-mobile-header-display":"","site-post-title":"","ast-breadcrumbs-content":"","ast-featured-img":"","footer-sml-layout":"","ast-disable-related-posts":"","theme-transparent-header-meta":"default","adv-header-id-meta":"","stick-header-meta":"","header-above-stick-meta":"","header-main-stick-meta":"","header-below-stick-meta":"","astra-migrate-meta-layouts":"default","ast-page-background-enabled":"default","ast-page-background-meta":{"desktop":{"background-color":"","background-image":"","background-repeat":"repeat","background-position":"center center","background-size":"auto","background-attachment":"scroll","background-type":"","background-media":"","overlay-type":"","overlay-color":"","overlay-opacity":"","overlay-gradient":""},"tablet":{"background-color":"","background-image":"","background-repeat":"repeat","background-position":"center center","background-size":"auto","background-attachment":"scroll","background-type":"","background-media":"","overlay-type":"","overlay-color":"","overlay-opacity":"","overlay-gradient":""},"mobile":{"background-color":"","background-image":"","background-repeat":"repeat","background-position":"center center","background-size":"auto","background-attachment":"scroll","background-type":"","background-media":"","overlay-type":"","overlay-color":"","overlay-opacity":"","overlay-gradient":""}},"ast-content-background-meta":{"desktop":{"background-color":"var(--ast-global-color-5)","background-image":"","background-repeat":"repeat","background-position":"center center","background-size":"auto","background-attachment":"scroll","background-type":"","background-media":"","overlay-type":"","overlay-color":"","overlay-opacity":"","overlay-gradient":""},"tablet":{"background-color":"var(--ast-global-color-5)","background-image":"","background-repeat":"repeat","background-position":"center center","background-size":"auto","background-attachment":"scroll","background-type":"","background-media":"","overlay-type":"","overlay-color":"","overlay-opacity":"","overlay-gradient":""},"mobile":{"background-color":"var(--ast-global-color-5)","background-image":"","background-repeat":"repeat","background-position":"center center","background-size":"auto","background-attachment":"scroll","background-type":"","background-media":"","overlay-type":"","overlay-color":"","overlay-opacity":"","overlay-gradient":""}}},"product_brand":[],"product_cat":[72],"product_tag":[],"class_list":{"0":"post-3142","1":"product","2":"type-product","3":"status-publish","4":"has-post-thumbnail","6":"product_cat-mascarillas-desechables-y-respiradores","7":"desktop-align-center","8":"tablet-align-left","9":"mobile-align-left","11":"first","12":"instock","13":"shipping-taxable","14":"product-type-simple"},"_links":{"self":[{"href":"https:\/\/medposnonwoven.com\/es\/wp-json\/wp\/v2\/product\/3142","targetHints":{"allow":["GET"]}}],"collection":[{"href":"https:\/\/medposnonwoven.com\/es\/wp-json\/wp\/v2\/product"}],"about":[{"href":"https:\/\/medposnonwoven.com\/es\/wp-json\/wp\/v2\/types\/product"}],"wp:featuredmedia":[{"embeddable":true,"href":"https:\/\/medposnonwoven.com\/es\/wp-json\/wp\/v2\/media\/2702"}],"wp:attachment":[{"href":"https:\/\/medposnonwoven.com\/es\/wp-json\/wp\/v2\/media?parent=3142"}],"wp:term":[{"taxonomy":"product_brand","embeddable":true,"href":"https:\/\/medposnonwoven.com\/es\/wp-json\/wp\/v2\/product_brand?post=3142"},{"taxonomy":"product_cat","embeddable":true,"href":"https:\/\/medposnonwoven.com\/es\/wp-json\/wp\/v2\/product_cat?post=3142"},{"taxonomy":"product_tag","embeddable":true,"href":"https:\/\/medposnonwoven.com\/es\/wp-json\/wp\/v2\/product_tag?post=3142"}],"curies":[{"name":"wp","href":"https:\/\/api.w.org\/{rel}","templated":true}]}}