{"id":3145,"date":"2022-12-31T13:30:34","date_gmt":"2022-12-31T13:30:34","guid":{"rendered":"https:\/\/medposnonwoven.com\/product\/gorro-desechable-con-capucha-gorro-de-astronauta-gorro-pasamontanas\/"},"modified":"2023-04-10T11:28:53","modified_gmt":"2023-04-10T11:28:53","slug":"gorro-desechable-con-capucha-gorro-de-astronauta-gorro-pasamontanas","status":"publish","type":"product","link":"https:\/\/medposnonwoven.com\/es\/producto\/gorro-desechable-con-capucha-gorro-de-astronauta-gorro-pasamontanas\/","title":{"rendered":"Gorro desechable con capucha Gorro de astronauta Gorro pasamonta\u00f1as"},"content":{"rendered":"<ul>\n<li data-spm-anchor-id=\"a2700.details.0.i19.68fd693f12waMx\">Considere la posibilidad de utilizar una campana m\u00e9dica de polipropileno para garantizar la esterilidad y una protecci\u00f3n constante. Los cubrecabezas desechables son una soluci\u00f3n cotidiana y no sexista. Mantener el orden en el lugar de trabajo y controlar el sudor y el pelo. El polipropileno, una resina sint\u00e9tica que presenta una gran resistencia a los impactos, dureza, flexibilidad y ligereza, es la resina sint\u00e9tica utilizada en las fundas m\u00e9dicas capilares. Adem\u00e1s, a pesar de entrar en contacto directo con la piel y el pelo, la capucha de polipropileno es completamente segura para ellos.<\/li>\n<li data-spm-anchor-id=\"a2700.details.0.i19.68fd693f12waMx\">Las capuchas desechables pueden ofrecer la protecci\u00f3n total de la cabeza que se necesita ocasionalmente durante el trabajo cuando se requiere una defensa de 360 grados. Por lo tanto, las fundas desechables para el pelo pueden defender con \u00e9xito protegiendo parcialmente la cabeza, la barba, el pelo y el cuello. La elasticidad de la capucha para cubrir cabeza y barba permite que se adapte a cualquier tama\u00f1o de cabeza, de peque\u00f1a a grande, y que quede ajustada y ce\u00f1ida a la cabeza. Se ajusta a\u00fan mejor y es m\u00e1s f\u00e1cil de poner y ajustar gracias a la banda el\u00e1stica de las capuchas protectoras.<\/li>\n<\/ul>\n<p>&nbsp;<\/p>\n<p>&nbsp;<\/p>\n","protected":false},"excerpt":{"rendered":"<ul>\n<li>Fabricados con un material ligero y transpirable, estos gorros desechables con capucha tienen un peso de 14GSM. Mantendr\u00e1n al usuario c\u00f3modo durante todo el turno. La banda el\u00e1stica alrededor de la abertura permite que cada capucha desechable se ajuste perfectamente a la cara. Un ajuste seguro significa mejor protecci\u00f3n y m\u00e1s comodidad para el usuario.<\/li>\n<\/ul>\n<h4>Caracter\u00edsticas<\/h4>\n<p>Material: 14gsm Spunbond o Personalizado<\/p>\n<p>Talla:34-36cm<\/p>\n<p>Color: azul, verde, blanco o personalizado<\/p>\n<p>Tipo: El\u00e1stico o lazo<\/p>\n<p>Embalaje: 100 unidades\/bolsa, 10 bolsas\/caja<\/p>\n<p>&nbsp;<\/p>\n<p>&nbsp;<\/p>\n","protected":false},"featured_media":2716,"template":"","meta":{"site-sidebar-layout":"default","site-content-layout":"default","ast-site-content-layout":"default","site-content-style":"default","site-sidebar-style":"default","ast-global-header-display":"","ast-banner-title-visibility":"","ast-main-header-display":"","ast-hfb-above-header-display":"","ast-hfb-below-header-display":"","ast-hfb-mobile-header-display":"","site-post-title":"","ast-breadcrumbs-content":"","ast-featured-img":"","footer-sml-layout":"","ast-disable-related-posts":"","theme-transparent-header-meta":"default","adv-header-id-meta":"","stick-header-meta":"","header-above-stick-meta":"","header-main-stick-meta":"","header-below-stick-meta":"","astra-migrate-meta-layouts":"default","ast-page-background-enabled":"default","ast-page-background-meta":{"desktop":{"background-color":"","background-image":"","background-repeat":"repeat","background-position":"center center","background-size":"auto","background-attachment":"scroll","background-type":"","background-media":"","overlay-type":"","overlay-color":"","overlay-opacity":"","overlay-gradient":""},"tablet":{"background-color":"","background-image":"","background-repeat":"repeat","background-position":"center center","background-size":"auto","background-attachment":"scroll","background-type":"","background-media":"","overlay-type":"","overlay-color":"","overlay-opacity":"","overlay-gradient":""},"mobile":{"background-color":"","background-image":"","background-repeat":"repeat","background-position":"center center","background-size":"auto","background-attachment":"scroll","background-type":"","background-media":"","overlay-type":"","overlay-color":"","overlay-opacity":"","overlay-gradient":""}},"ast-content-background-meta":{"desktop":{"background-color":"var(--ast-global-color-5)","background-image":"","background-repeat":"repeat","background-position":"center center","background-size":"auto","background-attachment":"scroll","background-type":"","background-media":"","overlay-type":"","overlay-color":"","overlay-opacity":"","overlay-gradient":""},"tablet":{"background-color":"var(--ast-global-color-5)","background-image":"","background-repeat":"repeat","background-position":"center center","background-size":"auto","background-attachment":"scroll","background-type":"","background-media":"","overlay-type":"","overlay-color":"","overlay-opacity":"","overlay-gradient":""},"mobile":{"background-color":"var(--ast-global-color-5)","background-image":"","background-repeat":"repeat","background-position":"center center","background-size":"auto","background-attachment":"scroll","background-type":"","background-media":"","overlay-type":"","overlay-color":"","overlay-opacity":"","overlay-gradient":""}}},"product_brand":[],"product_cat":[71],"product_tag":[],"class_list":{"0":"post-3145","1":"product","2":"type-product","3":"status-publish","4":"has-post-thumbnail","6":"product_cat-tapones-desechables","7":"desktop-align-center","8":"tablet-align-left","9":"mobile-align-left","11":"first","12":"instock","13":"shipping-taxable","14":"product-type-simple"},"_links":{"self":[{"href":"https:\/\/medposnonwoven.com\/es\/wp-json\/wp\/v2\/product\/3145","targetHints":{"allow":["GET"]}}],"collection":[{"href":"https:\/\/medposnonwoven.com\/es\/wp-json\/wp\/v2\/product"}],"about":[{"href":"https:\/\/medposnonwoven.com\/es\/wp-json\/wp\/v2\/types\/product"}],"wp:featuredmedia":[{"embeddable":true,"href":"https:\/\/medposnonwoven.com\/es\/wp-json\/wp\/v2\/media\/2716"}],"wp:attachment":[{"href":"https:\/\/medposnonwoven.com\/es\/wp-json\/wp\/v2\/media?parent=3145"}],"wp:term":[{"taxonomy":"product_brand","embeddable":true,"href":"https:\/\/medposnonwoven.com\/es\/wp-json\/wp\/v2\/product_brand?post=3145"},{"taxonomy":"product_cat","embeddable":true,"href":"https:\/\/medposnonwoven.com\/es\/wp-json\/wp\/v2\/product_cat?post=3145"},{"taxonomy":"product_tag","embeddable":true,"href":"https:\/\/medposnonwoven.com\/es\/wp-json\/wp\/v2\/product_tag?post=3145"}],"curies":[{"name":"wp","href":"https:\/\/api.w.org\/{rel}","templated":true}]}}