{"id":3146,"date":"2022-12-29T14:48:14","date_gmt":"2022-12-29T14:48:14","guid":{"rendered":"https:\/\/medposnonwoven.com\/product\/n95%ef%bc%88ffp2-nr%ef%bc%89respirador-mascarilla-con-visor\/"},"modified":"2023-04-10T11:35:52","modified_gmt":"2023-04-10T11:35:52","slug":"n95%ef%bc%88ffp2-nr%ef%bc%89respirador-mascarilla-con-visor","status":"publish","type":"product","link":"https:\/\/medposnonwoven.com\/es\/producto\/n95%ef%bc%88ffp2-nr%ef%bc%89respirador-mascarilla-con-visor\/","title":{"rendered":"N95\uff08FFP2 NR\uff09Respirador Mascarilla con visor"},"content":{"rendered":"<ul>\n<li data-spm-anchor-id=\"a2700.details.0.i19.68fd693f12waMx\">Como respirador, est\u00e1 destinado a ayudar a reducir la exposici\u00f3n del usuario a determinadas part\u00edculas en suspensi\u00f3n en el aire, incluidas las generadas por el electrocauterio, la cirug\u00eda l\u00e1ser y otros instrumentos m\u00e9dicos motorizados. Como respirador quir\u00fargico, est\u00e1 dise\u00f1ado para ser resistente a salpicaduras de sangre y otros materiales infecciosos.<\/li>\n<\/ul>\n<ul>\n<li>Disponible en tama\u00f1o normal, la mascarilla respiratoria Cup Mask est\u00e1 dise\u00f1ada para adaptarse c\u00f3modamente a la mayor\u00eda de las formas faciales, al tiempo que proporciona una excelente protecci\u00f3n respiratoria frente a las part\u00edculas en suspensi\u00f3n en el aire y las bacterias. La mascarilla ajustada se adapta a la forma natural de la cara, minimizando los puntos de presi\u00f3n. El puente nasal moldeado reduce los ajustes necesarios para conseguir un ajuste adecuado y proporciona un sellado seguro.<\/li>\n<\/ul>\n<p>&nbsp;<\/p>\n","protected":false},"excerpt":{"rendered":"<ul>\n<li>Nuestra mascarilla facial N95 utiliza un tejido no tejido respetuoso con la piel, que no irrita la piel; cintas el\u00e1sticas para la cabeza y clip nasal ajustable para garantizar un ajuste c\u00f3modo.<\/li>\n<li>El filtro Premium protege contra el 99% de las part\u00edculas mayores de 0,1 \u03bcm, eficacia del filtro = PFE99%.<\/li>\n<\/ul>\n<h4>Caracter\u00edsticas<\/h4>\n<p>Material: La estructura de 5 capas garantiza una protecci\u00f3n integral<\/p>\n<p>1a capa: 50 g\/m\u00b2 Polipropileno spunbond (pp) No tejido<br \/>\n2a capa: 25 g\/m\u00b2 Tela no tejida fundida (filtro)<br \/>\n3a capa: 25 g\/m\u00b2 Tela no tejida fundida (filtro)<br \/>\n4\u00aa capa: Algod\u00f3n de aire caliente (ES) de 40 g\/m\u00b2 para suavidad y absorci\u00f3n de la humedad<br \/>\n5\u00aa capa: 25 g\/m\u00b2 Polipropileno spunbond (pp) No tejido<\/p>\n<p>Tama\u00f1o:11,5*14cm<\/p>\n<p>Color:Azul,Negro,Blanco(Otros colores tambien aceptados)<\/p>\n<p>Normativa: EN149:2001; NIOSH; FFP2 NR<\/p>\n<p>Embalaje: 20 unidades\/caja, 20 cajas\/cart\u00f3n<\/p>\n<p>&nbsp;<\/p>\n<p>&nbsp;<\/p>\n","protected":false},"featured_media":2699,"template":"","meta":{"site-sidebar-layout":"default","site-content-layout":"default","ast-site-content-layout":"default","site-content-style":"default","site-sidebar-style":"default","ast-global-header-display":"","ast-banner-title-visibility":"","ast-main-header-display":"","ast-hfb-above-header-display":"","ast-hfb-below-header-display":"","ast-hfb-mobile-header-display":"","site-post-title":"","ast-breadcrumbs-content":"","ast-featured-img":"","footer-sml-layout":"","ast-disable-related-posts":"","theme-transparent-header-meta":"default","adv-header-id-meta":"","stick-header-meta":"","header-above-stick-meta":"","header-main-stick-meta":"","header-below-stick-meta":"","astra-migrate-meta-layouts":"default","ast-page-background-enabled":"default","ast-page-background-meta":{"desktop":{"background-color":"","background-image":"","background-repeat":"repeat","background-position":"center center","background-size":"auto","background-attachment":"scroll","background-type":"","background-media":"","overlay-type":"","overlay-color":"","overlay-opacity":"","overlay-gradient":""},"tablet":{"background-color":"","background-image":"","background-repeat":"repeat","background-position":"center center","background-size":"auto","background-attachment":"scroll","background-type":"","background-media":"","overlay-type":"","overlay-color":"","overlay-opacity":"","overlay-gradient":""},"mobile":{"background-color":"","background-image":"","background-repeat":"repeat","background-position":"center center","background-size":"auto","background-attachment":"scroll","background-type":"","background-media":"","overlay-type":"","overlay-color":"","overlay-opacity":"","overlay-gradient":""}},"ast-content-background-meta":{"desktop":{"background-color":"var(--ast-global-color-5)","background-image":"","background-repeat":"repeat","background-position":"center center","background-size":"auto","background-attachment":"scroll","background-type":"","background-media":"","overlay-type":"","overlay-color":"","overlay-opacity":"","overlay-gradient":""},"tablet":{"background-color":"var(--ast-global-color-5)","background-image":"","background-repeat":"repeat","background-position":"center center","background-size":"auto","background-attachment":"scroll","background-type":"","background-media":"","overlay-type":"","overlay-color":"","overlay-opacity":"","overlay-gradient":""},"mobile":{"background-color":"var(--ast-global-color-5)","background-image":"","background-repeat":"repeat","background-position":"center center","background-size":"auto","background-attachment":"scroll","background-type":"","background-media":"","overlay-type":"","overlay-color":"","overlay-opacity":"","overlay-gradient":""}}},"product_brand":[],"product_cat":[72],"product_tag":[],"class_list":{"0":"post-3146","1":"product","2":"type-product","3":"status-publish","4":"has-post-thumbnail","6":"product_cat-mascarillas-desechables-y-respiradores","7":"desktop-align-center","8":"tablet-align-left","9":"mobile-align-left","11":"first","12":"instock","13":"shipping-taxable","14":"product-type-simple"},"_links":{"self":[{"href":"https:\/\/medposnonwoven.com\/es\/wp-json\/wp\/v2\/product\/3146","targetHints":{"allow":["GET"]}}],"collection":[{"href":"https:\/\/medposnonwoven.com\/es\/wp-json\/wp\/v2\/product"}],"about":[{"href":"https:\/\/medposnonwoven.com\/es\/wp-json\/wp\/v2\/types\/product"}],"wp:featuredmedia":[{"embeddable":true,"href":"https:\/\/medposnonwoven.com\/es\/wp-json\/wp\/v2\/media\/2699"}],"wp:attachment":[{"href":"https:\/\/medposnonwoven.com\/es\/wp-json\/wp\/v2\/media?parent=3146"}],"wp:term":[{"taxonomy":"product_brand","embeddable":true,"href":"https:\/\/medposnonwoven.com\/es\/wp-json\/wp\/v2\/product_brand?post=3146"},{"taxonomy":"product_cat","embeddable":true,"href":"https:\/\/medposnonwoven.com\/es\/wp-json\/wp\/v2\/product_cat?post=3146"},{"taxonomy":"product_tag","embeddable":true,"href":"https:\/\/medposnonwoven.com\/es\/wp-json\/wp\/v2\/product_tag?post=3146"}],"curies":[{"name":"wp","href":"https:\/\/api.w.org\/{rel}","templated":true}]}}