{"id":3147,"date":"2023-01-02T15:39:56","date_gmt":"2023-01-02T15:39:56","guid":{"rendered":"https:\/\/medposnonwoven.com\/product\/batas-de-aislamiento-sms\/"},"modified":"2023-04-10T11:22:44","modified_gmt":"2023-04-10T11:22:44","slug":"batas-de-aislamiento-sms","status":"publish","type":"product","link":"https:\/\/medposnonwoven.com\/es\/producto\/batas-de-aislamiento-sms\/","title":{"rendered":"Batas de aislamiento SMS"},"content":{"rendered":"<ul>\n<li>El personal sanitario debe utilizar batas de aislamiento como elemento crucial del equipo de protecci\u00f3n personal para protegerse de los fluidos corporales y otras sustancias potencialmente infecciosas. Cuando se participa en operaciones m\u00e9dicas, tratamientos u otras actividades en las que se prev\u00e9 el contacto con sangre, fluidos corporales u otros materiales potencialmente infecciosos, se suelen llevar batas de aislamiento. El personal sanitario puede evitar entrar en contacto con agentes infecciosos en la piel y la ropa poni\u00e9ndose una bata de aislamiento.<\/li>\n<li>Est\u00e1n dise\u00f1adas para cubrir el cuerpo desde el cuello hasta las rodillas y desde las mu\u00f1ecas hasta los codos, y tienen mangas largas y lazos o bandas el\u00e1sticas en los pu\u00f1os, la cintura y el cuello para asegurarlas en su sitio. Las batas de aislamiento se suelen utilizar en entornos m\u00e9dicos, como hospitales, cl\u00ednicas, centros sanitarios, farmac\u00e9uticos, industria alimentaria, laboratorios, fabricaci\u00f3n y seguridad para proteger al personal sanitario del contacto con materiales infecciosos o fluidos corporales. Tambi\u00e9n pueden llevarlos los pacientes para evitar la propagaci\u00f3n de la infecci\u00f3n a otras personas.<\/li>\n<\/ul>\n<p>&nbsp;<\/p>\n","protected":false},"excerpt":{"rendered":"<ul>\n<li>Esta bata m\u00e9dica desechable de aislamiento est\u00e1 fabricada con 3 capas de tejido SMS, con altas prestaciones anti-sangre, anti-alcohol y anti-est\u00e1tica.<\/li>\n<li>A\u00edslan eficazmente el polvo y otras sustancias nocivas, cubren el cuerpo y la ropa y crean una barrera f\u00edsica contra la transmisi\u00f3n de microorganismos y otras sustancias.<\/li>\n<\/ul>\n<h4>Caracter\u00edsticas<\/h4>\n<p>Material: Polipropileno SMS<\/p>\n<p>Tama\u00f1o: 115x137cm, 120x140cm o personalizado<\/p>\n<p>Color: azul, amarillo, verde o personalizado<\/p>\n<p>Tipo: Pu\u00f1o el\u00e1stico o de punto<\/p>\n<p>Embalaje: 10 uds.\/bolsa, 10 \u00f3 20 bolsas\/caja<\/p>\n<p>&nbsp;<\/p>\n<p>&nbsp;<\/p>\n","protected":false},"featured_media":2729,"template":"","meta":{"site-sidebar-layout":"default","site-content-layout":"default","ast-site-content-layout":"default","site-content-style":"default","site-sidebar-style":"default","ast-global-header-display":"","ast-banner-title-visibility":"","ast-main-header-display":"","ast-hfb-above-header-display":"","ast-hfb-below-header-display":"","ast-hfb-mobile-header-display":"","site-post-title":"","ast-breadcrumbs-content":"","ast-featured-img":"","footer-sml-layout":"","ast-disable-related-posts":"","theme-transparent-header-meta":"default","adv-header-id-meta":"","stick-header-meta":"","header-above-stick-meta":"","header-main-stick-meta":"","header-below-stick-meta":"","astra-migrate-meta-layouts":"default","ast-page-background-enabled":"default","ast-page-background-meta":{"desktop":{"background-color":"","background-image":"","background-repeat":"repeat","background-position":"center center","background-size":"auto","background-attachment":"scroll","background-type":"","background-media":"","overlay-type":"","overlay-color":"","overlay-opacity":"","overlay-gradient":""},"tablet":{"background-color":"","background-image":"","background-repeat":"repeat","background-position":"center center","background-size":"auto","background-attachment":"scroll","background-type":"","background-media":"","overlay-type":"","overlay-color":"","overlay-opacity":"","overlay-gradient":""},"mobile":{"background-color":"","background-image":"","background-repeat":"repeat","background-position":"center center","background-size":"auto","background-attachment":"scroll","background-type":"","background-media":"","overlay-type":"","overlay-color":"","overlay-opacity":"","overlay-gradient":""}},"ast-content-background-meta":{"desktop":{"background-color":"var(--ast-global-color-5)","background-image":"","background-repeat":"repeat","background-position":"center center","background-size":"auto","background-attachment":"scroll","background-type":"","background-media":"","overlay-type":"","overlay-color":"","overlay-opacity":"","overlay-gradient":""},"tablet":{"background-color":"var(--ast-global-color-5)","background-image":"","background-repeat":"repeat","background-position":"center center","background-size":"auto","background-attachment":"scroll","background-type":"","background-media":"","overlay-type":"","overlay-color":"","overlay-opacity":"","overlay-gradient":""},"mobile":{"background-color":"var(--ast-global-color-5)","background-image":"","background-repeat":"repeat","background-position":"center center","background-size":"auto","background-attachment":"scroll","background-type":"","background-media":"","overlay-type":"","overlay-color":"","overlay-opacity":"","overlay-gradient":""}}},"product_brand":[],"product_cat":[70],"product_tag":[],"class_list":{"0":"post-3147","1":"product","2":"type-product","3":"status-publish","4":"has-post-thumbnail","6":"product_cat-batas-de-proteccion","7":"desktop-align-center","8":"tablet-align-left","9":"mobile-align-left","11":"first","12":"instock","13":"shipping-taxable","14":"product-type-simple"},"_links":{"self":[{"href":"https:\/\/medposnonwoven.com\/es\/wp-json\/wp\/v2\/product\/3147","targetHints":{"allow":["GET"]}}],"collection":[{"href":"https:\/\/medposnonwoven.com\/es\/wp-json\/wp\/v2\/product"}],"about":[{"href":"https:\/\/medposnonwoven.com\/es\/wp-json\/wp\/v2\/types\/product"}],"wp:featuredmedia":[{"embeddable":true,"href":"https:\/\/medposnonwoven.com\/es\/wp-json\/wp\/v2\/media\/2729"}],"wp:attachment":[{"href":"https:\/\/medposnonwoven.com\/es\/wp-json\/wp\/v2\/media?parent=3147"}],"wp:term":[{"taxonomy":"product_brand","embeddable":true,"href":"https:\/\/medposnonwoven.com\/es\/wp-json\/wp\/v2\/product_brand?post=3147"},{"taxonomy":"product_cat","embeddable":true,"href":"https:\/\/medposnonwoven.com\/es\/wp-json\/wp\/v2\/product_cat?post=3147"},{"taxonomy":"product_tag","embeddable":true,"href":"https:\/\/medposnonwoven.com\/es\/wp-json\/wp\/v2\/product_tag?post=3147"}],"curies":[{"name":"wp","href":"https:\/\/api.w.org\/{rel}","templated":true}]}}