{"id":3148,"date":"2022-12-31T12:39:43","date_gmt":"2022-12-31T12:39:43","guid":{"rendered":"https:\/\/medposnonwoven.com\/product\/gorro-medico-desechable\/"},"modified":"2023-04-10T11:29:27","modified_gmt":"2023-04-10T11:29:27","slug":"gorro-medico-desechable","status":"publish","type":"product","link":"https:\/\/medposnonwoven.com\/es\/producto\/gorro-medico-desechable\/","title":{"rendered":"Gorro m\u00e9dico desechable"},"content":{"rendered":"<ul>\n<li>Los gorros desechables protegen a los cirujanos y al personal de la exposici\u00f3n a compuestos que contengan suciedad. El material SMS proporciona excelentes cualidades hidr\u00f3fugas y antiest\u00e1ticas. La zona de trabajo estar\u00e1 protegida del pelo, las gotas de sudor y las part\u00edculas secas de la cabeza mediante gorros quir\u00fargicos desechables. Los gorros de cirujano est\u00e1n hechos de tela no tejida c\u00f3moda y duradera. La gorra quir\u00fargica desechable se ajusta a la cabeza del usuario de forma segura y c\u00f3moda gracias a su estilo tradicional. Para mayor comodidad y sencillez de uso, los gorros desechables de pl\u00e1stico tienen amplios paneles laterales, una corona ventilada y lazos ajustables.<\/li>\n<li>Cualquier forma de cabeza puede caber dentro de las gorras protectoras desechables para hombres y mujeres. Puede desechar f\u00e1cilmente las fundas quir\u00fargicas para el pelo despu\u00e9s del trabajo porque est\u00e1n hechas para usarse una sola vez. Incluso las personas con el pelo largo pueden utilizar los cubrecabezas desechables. Para cl\u00ednicas, centros m\u00e9dicos e instalaciones de investigaci\u00f3n, los arneses desechables son ideales. Enfermeras, m\u00e9dicos y otros profesionales sanitarios pueden utilizar gorros quir\u00fargicos desechables cuando atienden a pacientes hospitalizados. Los veterinarios tambi\u00e9n pueden llevar el gorro de cirujano.<\/li>\n<\/ul>\n<p>&nbsp;<\/p>\n<p>&nbsp;<\/p>\n","protected":false},"excerpt":{"rendered":"<ul>\n<li>Estos sombreros unisex est\u00e1n hechos de material no tejido SMS con una banda el\u00e1stica o Tie para el ajuste, suave y c\u00f3modo de llevar.<\/li>\n<li>El SMS es un tejido spunbonded-meltblown-spunbonded que ofrece una elevada resistencia a la tracci\u00f3n. Este tipo de tela no tejida es duradera, no t\u00f3xica y transpirable, m\u00e1s suave que el material de polipropileno.<\/li>\n<\/ul>\n<h4>Caracter\u00edsticas<\/h4>\n<p>Material: 25gsm SMS o Spunbond<\/p>\n<p>Tama\u00f1o:64x15cm<\/p>\n<p>Color:Azul, Verde<\/p>\n<p>Tipo: El\u00e1stico o lazo<\/p>\n<p>Embalaje: 100 unidades\/bolsa, 10 \u00f3 20 bolsas\/caja<\/p>\n<p>&nbsp;<\/p>\n<p>&nbsp;<\/p>\n","protected":false},"featured_media":2711,"template":"","meta":{"site-sidebar-layout":"default","site-content-layout":"default","ast-site-content-layout":"default","site-content-style":"default","site-sidebar-style":"default","ast-global-header-display":"","ast-banner-title-visibility":"","ast-main-header-display":"","ast-hfb-above-header-display":"","ast-hfb-below-header-display":"","ast-hfb-mobile-header-display":"","site-post-title":"","ast-breadcrumbs-content":"","ast-featured-img":"","footer-sml-layout":"","ast-disable-related-posts":"","theme-transparent-header-meta":"default","adv-header-id-meta":"","stick-header-meta":"","header-above-stick-meta":"","header-main-stick-meta":"","header-below-stick-meta":"","astra-migrate-meta-layouts":"default","ast-page-background-enabled":"default","ast-page-background-meta":{"desktop":{"background-color":"","background-image":"","background-repeat":"repeat","background-position":"center center","background-size":"auto","background-attachment":"scroll","background-type":"","background-media":"","overlay-type":"","overlay-color":"","overlay-opacity":"","overlay-gradient":""},"tablet":{"background-color":"","background-image":"","background-repeat":"repeat","background-position":"center center","background-size":"auto","background-attachment":"scroll","background-type":"","background-media":"","overlay-type":"","overlay-color":"","overlay-opacity":"","overlay-gradient":""},"mobile":{"background-color":"","background-image":"","background-repeat":"repeat","background-position":"center center","background-size":"auto","background-attachment":"scroll","background-type":"","background-media":"","overlay-type":"","overlay-color":"","overlay-opacity":"","overlay-gradient":""}},"ast-content-background-meta":{"desktop":{"background-color":"var(--ast-global-color-5)","background-image":"","background-repeat":"repeat","background-position":"center center","background-size":"auto","background-attachment":"scroll","background-type":"","background-media":"","overlay-type":"","overlay-color":"","overlay-opacity":"","overlay-gradient":""},"tablet":{"background-color":"var(--ast-global-color-5)","background-image":"","background-repeat":"repeat","background-position":"center center","background-size":"auto","background-attachment":"scroll","background-type":"","background-media":"","overlay-type":"","overlay-color":"","overlay-opacity":"","overlay-gradient":""},"mobile":{"background-color":"var(--ast-global-color-5)","background-image":"","background-repeat":"repeat","background-position":"center center","background-size":"auto","background-attachment":"scroll","background-type":"","background-media":"","overlay-type":"","overlay-color":"","overlay-opacity":"","overlay-gradient":""}}},"product_brand":[],"product_cat":[71],"product_tag":[],"class_list":{"0":"post-3148","1":"product","2":"type-product","3":"status-publish","4":"has-post-thumbnail","6":"product_cat-tapones-desechables","7":"desktop-align-center","8":"tablet-align-left","9":"mobile-align-left","11":"first","12":"instock","13":"shipping-taxable","14":"product-type-simple"},"_links":{"self":[{"href":"https:\/\/medposnonwoven.com\/es\/wp-json\/wp\/v2\/product\/3148","targetHints":{"allow":["GET"]}}],"collection":[{"href":"https:\/\/medposnonwoven.com\/es\/wp-json\/wp\/v2\/product"}],"about":[{"href":"https:\/\/medposnonwoven.com\/es\/wp-json\/wp\/v2\/types\/product"}],"wp:featuredmedia":[{"embeddable":true,"href":"https:\/\/medposnonwoven.com\/es\/wp-json\/wp\/v2\/media\/2711"}],"wp:attachment":[{"href":"https:\/\/medposnonwoven.com\/es\/wp-json\/wp\/v2\/media?parent=3148"}],"wp:term":[{"taxonomy":"product_brand","embeddable":true,"href":"https:\/\/medposnonwoven.com\/es\/wp-json\/wp\/v2\/product_brand?post=3148"},{"taxonomy":"product_cat","embeddable":true,"href":"https:\/\/medposnonwoven.com\/es\/wp-json\/wp\/v2\/product_cat?post=3148"},{"taxonomy":"product_tag","embeddable":true,"href":"https:\/\/medposnonwoven.com\/es\/wp-json\/wp\/v2\/product_tag?post=3148"}],"curies":[{"name":"wp","href":"https:\/\/api.w.org\/{rel}","templated":true}]}}