{"id":3149,"date":"2022-12-29T12:48:29","date_gmt":"2022-12-29T12:48:29","guid":{"rendered":"https:\/\/medposnonwoven.com\/product\/mascara-facial-kn95\/"},"modified":"2023-04-10T11:37:21","modified_gmt":"2023-04-10T11:37:21","slug":"mascara-facial-kn95","status":"publish","type":"product","link":"https:\/\/medposnonwoven.com\/es\/producto\/mascara-facial-kn95\/","title":{"rendered":"M\u00e1scara facial KN95"},"content":{"rendered":"<ul>\n<li data-spm-anchor-id=\"a2700.details.0.i19.68fd693f12waMx\">La mascarilla facial KN95 es un equipo de protecci\u00f3n respiratoria dise\u00f1ado para conseguir un ajuste facial muy ce\u00f1ido y una filtraci\u00f3n muy eficaz de las part\u00edculas suspendidas en el aire. Las mascarillas KN95 son un tipo de mascarilla facial filtrante similar a la mascarilla facial N95 y a la mascarilla facial FFP2.<\/li>\n<\/ul>\n<ul>\n<li>Los KN95 son ejemplos de equipos de protecci\u00f3n individual que se utilizan para proteger al usuario de las part\u00edculas suspendidas en el aire y de los l\u00edquidos que contaminan la cara. KN95 ofrece el mayor grado de protecci\u00f3n y es ideal para el personal sanitario que est\u00e1 en estrecho contacto con pacientes con Covid-19.<\/li>\n<\/ul>\n<p>&nbsp;<\/p>\n","protected":false},"excerpt":{"rendered":"<ul>\n<li>Las mascarillas KN95 son ligeras y plegables, pueden cubrir boca, nariz y barbilla f\u00e1cilmente. Crea un sello herm\u00e9tico y evita que las gafas se empa\u00f1en. El dise\u00f1o en 3D proporciona espacio suficiente para respirar<\/li>\n<li>El filtro Premium protege contra el 99% de las part\u00edculas mayores de 0,1 \u03bcm, eficacia del filtro = PFE99%.<\/li>\n<\/ul>\n<h4>Caracter\u00edsticas<\/h4>\n<p>Material: La estructura de 5 capas garantiza una protecci\u00f3n integral<\/p>\n<p>1a capa: 50 g\/m\u00b2 Polipropileno spunbond (pp) No tejido<br \/>\n2a capa: 25 g\/m\u00b2 Tela no tejida fundida (filtro)<br \/>\n3a capa: 25 g\/m\u00b2 Tela no tejida fundida (filtro)<br \/>\n4\u00aa capa: Algod\u00f3n de aire caliente (ES) de 40 g\/m\u00b2 para suavidad y absorci\u00f3n de la humedad<br \/>\n5\u00aa capa: 25 g\/m\u00b2 Polipropileno spunbond (pp) No tejido<\/p>\n<p>Tama\u00f1o:10,5*16cm<\/p>\n<p>Color:Azul,Negro,Blanco(Otros colores tambien aceptados)<\/p>\n<p>Normativa: EN149:2001; GB2626-2019<\/p>\n<p>Embalaje: 1 unidad\/paquete, 20 paquetes\/caja, 50 cajas\/cart\u00f3n<\/p>\n<p>&nbsp;<\/p>\n","protected":false},"featured_media":2696,"template":"","meta":{"site-sidebar-layout":"default","site-content-layout":"default","ast-site-content-layout":"default","site-content-style":"default","site-sidebar-style":"default","ast-global-header-display":"","ast-banner-title-visibility":"","ast-main-header-display":"","ast-hfb-above-header-display":"","ast-hfb-below-header-display":"","ast-hfb-mobile-header-display":"","site-post-title":"","ast-breadcrumbs-content":"","ast-featured-img":"","footer-sml-layout":"","ast-disable-related-posts":"","theme-transparent-header-meta":"default","adv-header-id-meta":"","stick-header-meta":"","header-above-stick-meta":"","header-main-stick-meta":"","header-below-stick-meta":"","astra-migrate-meta-layouts":"default","ast-page-background-enabled":"default","ast-page-background-meta":{"desktop":{"background-color":"","background-image":"","background-repeat":"repeat","background-position":"center center","background-size":"auto","background-attachment":"scroll","background-type":"","background-media":"","overlay-type":"","overlay-color":"","overlay-opacity":"","overlay-gradient":""},"tablet":{"background-color":"","background-image":"","background-repeat":"repeat","background-position":"center center","background-size":"auto","background-attachment":"scroll","background-type":"","background-media":"","overlay-type":"","overlay-color":"","overlay-opacity":"","overlay-gradient":""},"mobile":{"background-color":"","background-image":"","background-repeat":"repeat","background-position":"center center","background-size":"auto","background-attachment":"scroll","background-type":"","background-media":"","overlay-type":"","overlay-color":"","overlay-opacity":"","overlay-gradient":""}},"ast-content-background-meta":{"desktop":{"background-color":"var(--ast-global-color-5)","background-image":"","background-repeat":"repeat","background-position":"center center","background-size":"auto","background-attachment":"scroll","background-type":"","background-media":"","overlay-type":"","overlay-color":"","overlay-opacity":"","overlay-gradient":""},"tablet":{"background-color":"var(--ast-global-color-5)","background-image":"","background-repeat":"repeat","background-position":"center center","background-size":"auto","background-attachment":"scroll","background-type":"","background-media":"","overlay-type":"","overlay-color":"","overlay-opacity":"","overlay-gradient":""},"mobile":{"background-color":"var(--ast-global-color-5)","background-image":"","background-repeat":"repeat","background-position":"center center","background-size":"auto","background-attachment":"scroll","background-type":"","background-media":"","overlay-type":"","overlay-color":"","overlay-opacity":"","overlay-gradient":""}}},"product_brand":[],"product_cat":[72],"product_tag":[],"class_list":{"0":"post-3149","1":"product","2":"type-product","3":"status-publish","4":"has-post-thumbnail","6":"product_cat-mascarillas-desechables-y-respiradores","7":"desktop-align-center","8":"tablet-align-left","9":"mobile-align-left","11":"first","12":"instock","13":"shipping-taxable","14":"product-type-simple"},"_links":{"self":[{"href":"https:\/\/medposnonwoven.com\/es\/wp-json\/wp\/v2\/product\/3149","targetHints":{"allow":["GET"]}}],"collection":[{"href":"https:\/\/medposnonwoven.com\/es\/wp-json\/wp\/v2\/product"}],"about":[{"href":"https:\/\/medposnonwoven.com\/es\/wp-json\/wp\/v2\/types\/product"}],"wp:featuredmedia":[{"embeddable":true,"href":"https:\/\/medposnonwoven.com\/es\/wp-json\/wp\/v2\/media\/2696"}],"wp:attachment":[{"href":"https:\/\/medposnonwoven.com\/es\/wp-json\/wp\/v2\/media?parent=3149"}],"wp:term":[{"taxonomy":"product_brand","embeddable":true,"href":"https:\/\/medposnonwoven.com\/es\/wp-json\/wp\/v2\/product_brand?post=3149"},{"taxonomy":"product_cat","embeddable":true,"href":"https:\/\/medposnonwoven.com\/es\/wp-json\/wp\/v2\/product_cat?post=3149"},{"taxonomy":"product_tag","embeddable":true,"href":"https:\/\/medposnonwoven.com\/es\/wp-json\/wp\/v2\/product_tag?post=3149"}],"curies":[{"name":"wp","href":"https:\/\/api.w.org\/{rel}","templated":true}]}}