{"id":3151,"date":"2022-12-30T15:17:55","date_gmt":"2022-12-30T15:17:55","guid":{"rendered":"https:\/\/medposnonwoven.com\/product\/gorro-bouffant-desechable\/"},"modified":"2023-04-10T11:30:53","modified_gmt":"2023-04-10T11:30:53","slug":"gorro-bouffant-desechable","status":"publish","type":"product","link":"https:\/\/medposnonwoven.com\/es\/producto\/gorro-bouffant-desechable\/","title":{"rendered":"Gorro Bouffant desechable"},"content":{"rendered":"<ul>\n<li data-spm-anchor-id=\"a2700.details.0.i19.68fd693f12waMx\"><span data-offset-key=\"fj6rm-199-0\">Dis<\/span><span data-offset-key=\"fj6rm-200-0\">pos<\/span><span data-offset-key=\"fj6rm-201-0\">able<\/span><span data-offset-key=\"fj6rm-202-0\"> bou<\/span><span data-offset-key=\"fj6rm-203-0\">ff<\/span><span data-offset-key=\"fj6rm-204-0\">ant<\/span><span data-offset-key=\"fj6rm-205-0\"> tapas<\/span><span data-offset-key=\"fj6rm-206-0\">,<\/span><span data-offset-key=\"fj6rm-207-0\"> alguien tambi\u00e9n llama<\/span><span data-offset-key=\"fj6rm-210-0\"> clip<\/span><span data-offset-key=\"fj6rm-211-0\"> tapas<\/span><span data-offset-key=\"fj6rm-212-0\">En la mayor\u00eda de los casos, la banda el\u00e1stica que envuelve la cabeza para sujetar el gorro puede apretarse o aflojarse en funci\u00f3n del tama\u00f1o de la cabeza. De este modo, te asegurar\u00e1s de que el tap\u00f3n quede bien ajustado, pero de forma agradable. Las gorras est\u00e1n disponibles en varios colores y tama\u00f1os para diferentes cabezas. El cliente puede fabricar el tap\u00f3n en grosor fino o grueso para diferentes escenarios.<\/span><\/li>\n<li data-spm-anchor-id=\"a2700.details.0.i19.68fd693f12waMx\">Materiales como el polipropileno 100% no tejido, conocido por su ligereza y transpirabilidad mientras la cabeza permanece c\u00f3moda y protegida, se utilizan para mejorar la comodidad de uso durante todo el d\u00eda. Su cabeza est\u00e1 envuelta firme pero amorosamente por una banda el\u00e1stica para un ajuste ideal. Tambi\u00e9n hacen un buen trabajo para mantener el pelo fuera de su \u00e1rea de trabajo y fuera de sus ojos.<\/li>\n<\/ul>\n<p>&nbsp;<\/p>\n<p>&nbsp;<\/p>\n<p>&nbsp;<\/p>\n","protected":false},"excerpt":{"rendered":"<ul>\n<li>Las gorras Bouffant est\u00e1n fabricadas en polipropileno spunbonded y garantizan la m\u00e1xima comodidad y facilidad de colocaci\u00f3n. El estilo tradicional envuelve la cabeza con seguridad para un ajuste perfecto.<\/li>\n<li>Ampliamente utilizado para el hogar, hospital, spa, sal\u00f3n, industria de servicios y espacio de trabajo libre de polvo, no tendr\u00e1 miedo de la p\u00e9rdida accidental del cabello.<\/li>\n<\/ul>\n<h4>Caracter\u00edsticas<\/h4>\n<p>Material: No tejido de polipropileno de 10 g\/m\u00b2 (o peso personalizado)<\/p>\n<p>Talla:18&#8243;, 19&#8243;, 20&#8243;, 21&#8243;, 22&#8243;,23&#8243;, 24&#8243;<\/p>\n<p>Color:Azul,Negro,Blanco(Otros colores tambien aceptados)<\/p>\n<p>Embalaje: 100 unidades\/bolsa, 10 \u00f3 20 bolsas\/caja<\/p>\n<p>&nbsp;<\/p>\n<p>&nbsp;<\/p>\n<p>&nbsp;<\/p>\n","protected":false},"featured_media":2708,"template":"","meta":{"site-sidebar-layout":"default","site-content-layout":"default","ast-site-content-layout":"default","site-content-style":"default","site-sidebar-style":"default","ast-global-header-display":"","ast-banner-title-visibility":"","ast-main-header-display":"","ast-hfb-above-header-display":"","ast-hfb-below-header-display":"","ast-hfb-mobile-header-display":"","site-post-title":"","ast-breadcrumbs-content":"","ast-featured-img":"","footer-sml-layout":"","ast-disable-related-posts":"","theme-transparent-header-meta":"default","adv-header-id-meta":"","stick-header-meta":"","header-above-stick-meta":"","header-main-stick-meta":"","header-below-stick-meta":"","astra-migrate-meta-layouts":"default","ast-page-background-enabled":"default","ast-page-background-meta":{"desktop":{"background-color":"","background-image":"","background-repeat":"repeat","background-position":"center center","background-size":"auto","background-attachment":"scroll","background-type":"","background-media":"","overlay-type":"","overlay-color":"","overlay-opacity":"","overlay-gradient":""},"tablet":{"background-color":"","background-image":"","background-repeat":"repeat","background-position":"center center","background-size":"auto","background-attachment":"scroll","background-type":"","background-media":"","overlay-type":"","overlay-color":"","overlay-opacity":"","overlay-gradient":""},"mobile":{"background-color":"","background-image":"","background-repeat":"repeat","background-position":"center center","background-size":"auto","background-attachment":"scroll","background-type":"","background-media":"","overlay-type":"","overlay-color":"","overlay-opacity":"","overlay-gradient":""}},"ast-content-background-meta":{"desktop":{"background-color":"var(--ast-global-color-5)","background-image":"","background-repeat":"repeat","background-position":"center center","background-size":"auto","background-attachment":"scroll","background-type":"","background-media":"","overlay-type":"","overlay-color":"","overlay-opacity":"","overlay-gradient":""},"tablet":{"background-color":"var(--ast-global-color-5)","background-image":"","background-repeat":"repeat","background-position":"center center","background-size":"auto","background-attachment":"scroll","background-type":"","background-media":"","overlay-type":"","overlay-color":"","overlay-opacity":"","overlay-gradient":""},"mobile":{"background-color":"var(--ast-global-color-5)","background-image":"","background-repeat":"repeat","background-position":"center center","background-size":"auto","background-attachment":"scroll","background-type":"","background-media":"","overlay-type":"","overlay-color":"","overlay-opacity":"","overlay-gradient":""}}},"product_brand":[],"product_cat":[71],"product_tag":[],"class_list":{"0":"post-3151","1":"product","2":"type-product","3":"status-publish","4":"has-post-thumbnail","6":"product_cat-tapones-desechables","7":"desktop-align-center","8":"tablet-align-left","9":"mobile-align-left","11":"first","12":"instock","13":"shipping-taxable","14":"product-type-simple"},"_links":{"self":[{"href":"https:\/\/medposnonwoven.com\/es\/wp-json\/wp\/v2\/product\/3151","targetHints":{"allow":["GET"]}}],"collection":[{"href":"https:\/\/medposnonwoven.com\/es\/wp-json\/wp\/v2\/product"}],"about":[{"href":"https:\/\/medposnonwoven.com\/es\/wp-json\/wp\/v2\/types\/product"}],"wp:featuredmedia":[{"embeddable":true,"href":"https:\/\/medposnonwoven.com\/es\/wp-json\/wp\/v2\/media\/2708"}],"wp:attachment":[{"href":"https:\/\/medposnonwoven.com\/es\/wp-json\/wp\/v2\/media?parent=3151"}],"wp:term":[{"taxonomy":"product_brand","embeddable":true,"href":"https:\/\/medposnonwoven.com\/es\/wp-json\/wp\/v2\/product_brand?post=3151"},{"taxonomy":"product_cat","embeddable":true,"href":"https:\/\/medposnonwoven.com\/es\/wp-json\/wp\/v2\/product_cat?post=3151"},{"taxonomy":"product_tag","embeddable":true,"href":"https:\/\/medposnonwoven.com\/es\/wp-json\/wp\/v2\/product_tag?post=3151"}],"curies":[{"name":"wp","href":"https:\/\/api.w.org\/{rel}","templated":true}]}}