{"id":3734,"date":"2023-01-16T16:29:20","date_gmt":"2023-01-16T16:29:20","guid":{"rendered":"https:\/\/medposnonwoven.com\/product\/housses-de-berceau-jetables\/"},"modified":"2023-04-16T08:10:47","modified_gmt":"2023-04-16T08:10:47","slug":"housses-de-berceau-jetables","status":"publish","type":"product","link":"https:\/\/medposnonwoven.com\/fr\/produit\/housses-de-berceau-jetables\/","title":{"rendered":"Housses de berceau jetables"},"content":{"rendered":"<p>Gr\u00e2ce \u00e0 ces housses jetables pour berceau de massage, vous pouvez prot\u00e9ger votre coussin facial de massage. Ces housses de massage offrent \u00e0 vos clients un endroit propre et confortable o\u00f9 poser leur visage pendant la s\u00e9ance, \u00e9vitant ainsi toute contamination crois\u00e9e (usage unique). Ils s&rsquo;adaptent \u00e0 la plupart des coussins d&rsquo;appui facial de massage et ont un aspect poli et professionnel. La housse, en polypropyl\u00e8ne doux et non tiss\u00e9, agr\u00e9able au contact de la peau, est maintenue en place par une bande \u00e9lastique. Le fait d&rsquo;\u00eatre jetable permet d&rsquo;\u00e9conomiser du temps et de l&rsquo;argent sur la lessive et d&rsquo;obtenir une surface fra\u00eeche \u00e0 chaque fois. Sans latex.<\/p>\n<p>&nbsp;<\/p>\n","protected":false},"excerpt":{"rendered":"<ul>\n<li>Au lieu des housses en coton ou en flanelle qui doivent \u00eatre lav\u00e9es apr\u00e8s chaque utilisation, ces housses d&rsquo;appui-t\u00eate jetables sont simples \u00e0 utiliser et vous font gagner du temps. D\u00e9pliant unique facile \u00e0 ranger ou \u00e0 d\u00e9placer.<\/li>\n<li>Largement utilis\u00e9 dans les SPA, les salles de sport, les piscines, les saunas, les voyages et autres loisirs.<\/li>\n<\/ul>\n<h4>Caract\u00e9ristiques<\/h4>\n<p>Mati\u00e8re : Polypropyl\u00e8ne fil\u00e9<\/p>\n<p>Taille : 16 \u00ab\u00a0x12\u00a0\u00bb ou personnalis\u00e9e<\/p>\n<p>Couleur : blanc<\/p>\n<p>Type:Taille unique<\/p>\n<p>Emballage : 100 pi\u00e8ces\/sac, 10 sacs\/carton<\/p>\n<p>&nbsp;<\/p>\n<p>&nbsp;<\/p>\n","protected":false},"featured_media":3548,"template":"","meta":{"site-sidebar-layout":"default","site-content-layout":"default","ast-site-content-layout":"default","site-content-style":"default","site-sidebar-style":"default","ast-global-header-display":"","ast-banner-title-visibility":"","ast-main-header-display":"","ast-hfb-above-header-display":"","ast-hfb-below-header-display":"","ast-hfb-mobile-header-display":"","site-post-title":"","ast-breadcrumbs-content":"","ast-featured-img":"","footer-sml-layout":"","ast-disable-related-posts":"","theme-transparent-header-meta":"default","adv-header-id-meta":"","stick-header-meta":"","header-above-stick-meta":"","header-main-stick-meta":"","header-below-stick-meta":"","astra-migrate-meta-layouts":"default","ast-page-background-enabled":"default","ast-page-background-meta":{"desktop":{"background-color":"","background-image":"","background-repeat":"repeat","background-position":"center center","background-size":"auto","background-attachment":"scroll","background-type":"","background-media":"","overlay-type":"","overlay-color":"","overlay-opacity":"","overlay-gradient":""},"tablet":{"background-color":"","background-image":"","background-repeat":"repeat","background-position":"center center","background-size":"auto","background-attachment":"scroll","background-type":"","background-media":"","overlay-type":"","overlay-color":"","overlay-opacity":"","overlay-gradient":""},"mobile":{"background-color":"","background-image":"","background-repeat":"repeat","background-position":"center center","background-size":"auto","background-attachment":"scroll","background-type":"","background-media":"","overlay-type":"","overlay-color":"","overlay-opacity":"","overlay-gradient":""}},"ast-content-background-meta":{"desktop":{"background-color":"var(--ast-global-color-5)","background-image":"","background-repeat":"repeat","background-position":"center center","background-size":"auto","background-attachment":"scroll","background-type":"","background-media":"","overlay-type":"","overlay-color":"","overlay-opacity":"","overlay-gradient":""},"tablet":{"background-color":"var(--ast-global-color-5)","background-image":"","background-repeat":"repeat","background-position":"center center","background-size":"auto","background-attachment":"scroll","background-type":"","background-media":"","overlay-type":"","overlay-color":"","overlay-opacity":"","overlay-gradient":""},"mobile":{"background-color":"var(--ast-global-color-5)","background-image":"","background-repeat":"repeat","background-position":"center center","background-size":"auto","background-attachment":"scroll","background-type":"","background-media":"","overlay-type":"","overlay-color":"","overlay-opacity":"","overlay-gradient":""}}},"product_brand":[],"product_cat":[79],"product_tag":[],"class_list":{"0":"post-3734","1":"product","2":"type-product","3":"status-publish","4":"has-post-thumbnail","6":"product_cat-spa-et-produits-de-beaute-a-usage-unique","7":"desktop-align-center","8":"tablet-align-left","9":"mobile-align-left","11":"first","12":"instock","13":"shipping-taxable","14":"product-type-simple"},"_links":{"self":[{"href":"https:\/\/medposnonwoven.com\/fr\/wp-json\/wp\/v2\/product\/3734","targetHints":{"allow":["GET"]}}],"collection":[{"href":"https:\/\/medposnonwoven.com\/fr\/wp-json\/wp\/v2\/product"}],"about":[{"href":"https:\/\/medposnonwoven.com\/fr\/wp-json\/wp\/v2\/types\/product"}],"wp:featuredmedia":[{"embeddable":true,"href":"https:\/\/medposnonwoven.com\/fr\/wp-json\/wp\/v2\/media\/3548"}],"wp:attachment":[{"href":"https:\/\/medposnonwoven.com\/fr\/wp-json\/wp\/v2\/media?parent=3734"}],"wp:term":[{"taxonomy":"product_brand","embeddable":true,"href":"https:\/\/medposnonwoven.com\/fr\/wp-json\/wp\/v2\/product_brand?post=3734"},{"taxonomy":"product_cat","embeddable":true,"href":"https:\/\/medposnonwoven.com\/fr\/wp-json\/wp\/v2\/product_cat?post=3734"},{"taxonomy":"product_tag","embeddable":true,"href":"https:\/\/medposnonwoven.com\/fr\/wp-json\/wp\/v2\/product_tag?post=3734"}],"curies":[{"name":"wp","href":"https:\/\/api.w.org\/{rel}","templated":true}]}}