{"id":3735,"date":"2023-01-18T14:41:07","date_gmt":"2023-01-18T14:41:07","guid":{"rendered":"https:\/\/medposnonwoven.com\/product\/tissu-non-tisse-smpe\/"},"modified":"2023-04-16T07:41:10","modified_gmt":"2023-04-16T07:41:10","slug":"tissu-non-tisse-smpe","status":"publish","type":"product","link":"https:\/\/medposnonwoven.com\/fr\/produit\/tissu-non-tisse-smpe\/","title":{"rendered":"Tissu non tiss\u00e9 SMPE"},"content":{"rendered":"<ul>\n<li>Le non-tiss\u00e9 de lamination est le processus de fabrication d&rsquo;un mat\u00e9riau en couches multiples, g\u00e9n\u00e9ralement un film PE lamin\u00e9 de diff\u00e9rents non-tiss\u00e9s, tels que PE+spunbond, PE+SMS, PE+Viscose, PE+Spunlace, et SMSPE ou SMPE. Les caract\u00e9ristiques physiques et m\u00e9caniques combin\u00e9es de chaque couche permettent d&rsquo;obtenir un mat\u00e9riau composite plus solide et plus r\u00e9sistant.<\/li>\n<li>Le tissu non tiss\u00e9 lamin\u00e9 est disponible dans une grande vari\u00e9t\u00e9 de dessins, de couleurs et de motifs. Il est imperm\u00e9able et offre une excellente protection contre les liquides. Les blouses d&rsquo;isolement, les blouses chirurgicales, les draps et les couvertures, les tenues de bloc, les emballages de produits alimentaires, les sacs \u00e0 provisions et d&rsquo;autres articles sont fabriqu\u00e9s \u00e0 partir de tissus stratifi\u00e9s.<\/li>\n<\/ul>\n<p>&nbsp;<\/p>\n<p>&nbsp;<\/p>\n","protected":false},"excerpt":{"rendered":"<ul>\n<li>Notre non tiss\u00e9 SMPE ou non tiss\u00e9 SMSPE, compos\u00e9 d&rsquo;un non tiss\u00e9 SM ou SMS tr\u00e8s absorbant et d&rsquo;un film PE enduit ou lamin\u00e9, est con\u00e7u pour absorber rapidement le liquide ou le sang pendant l&rsquo;op\u00e9ration.<\/li>\n<li>Largement utilis\u00e9 pour les draps chirurgicaux, les draps m\u00e9dicaux, les absorbants chirurgicaux, les v\u00eatements chirurgicaux, les serviettes \u00e0 trous, etc.<\/li>\n<\/ul>\n<h4>Caract\u00e9ristiques<\/h4>\n<p>Mat\u00e9riau : Spunbond+Meltblown+PE ; Spunbond+Meltblown+Spunbond+PE<\/p>\n<p>Taille : 30-160cm<\/p>\n<p>Couleur : Bleu<\/p>\n<p>Type : Tr\u00e8s haute capacit\u00e9 d&rsquo;absorption des liquides ; Anti-bact\u00e9rien<\/p>\n<p>Emballage : Selon la demande<\/p>\n<p>&nbsp;<\/p>\n<p>&nbsp;<\/p>\n<p>&nbsp;<\/p>\n","protected":false},"featured_media":3587,"template":"","meta":{"site-sidebar-layout":"default","site-content-layout":"default","ast-site-content-layout":"default","site-content-style":"default","site-sidebar-style":"default","ast-global-header-display":"","ast-banner-title-visibility":"","ast-main-header-display":"","ast-hfb-above-header-display":"","ast-hfb-below-header-display":"","ast-hfb-mobile-header-display":"","site-post-title":"","ast-breadcrumbs-content":"","ast-featured-img":"","footer-sml-layout":"","ast-disable-related-posts":"","theme-transparent-header-meta":"default","adv-header-id-meta":"","stick-header-meta":"","header-above-stick-meta":"","header-main-stick-meta":"","header-below-stick-meta":"","astra-migrate-meta-layouts":"default","ast-page-background-enabled":"default","ast-page-background-meta":{"desktop":{"background-color":"","background-image":"","background-repeat":"repeat","background-position":"center center","background-size":"auto","background-attachment":"scroll","background-type":"","background-media":"","overlay-type":"","overlay-color":"","overlay-opacity":"","overlay-gradient":""},"tablet":{"background-color":"","background-image":"","background-repeat":"repeat","background-position":"center center","background-size":"auto","background-attachment":"scroll","background-type":"","background-media":"","overlay-type":"","overlay-color":"","overlay-opacity":"","overlay-gradient":""},"mobile":{"background-color":"","background-image":"","background-repeat":"repeat","background-position":"center center","background-size":"auto","background-attachment":"scroll","background-type":"","background-media":"","overlay-type":"","overlay-color":"","overlay-opacity":"","overlay-gradient":""}},"ast-content-background-meta":{"desktop":{"background-color":"var(--ast-global-color-5)","background-image":"","background-repeat":"repeat","background-position":"center center","background-size":"auto","background-attachment":"scroll","background-type":"","background-media":"","overlay-type":"","overlay-color":"","overlay-opacity":"","overlay-gradient":""},"tablet":{"background-color":"var(--ast-global-color-5)","background-image":"","background-repeat":"repeat","background-position":"center center","background-size":"auto","background-attachment":"scroll","background-type":"","background-media":"","overlay-type":"","overlay-color":"","overlay-opacity":"","overlay-gradient":""},"mobile":{"background-color":"var(--ast-global-color-5)","background-image":"","background-repeat":"repeat","background-position":"center center","background-size":"auto","background-attachment":"scroll","background-type":"","background-media":"","overlay-type":"","overlay-color":"","overlay-opacity":"","overlay-gradient":""}}},"product_brand":[],"product_cat":[78],"product_tag":[],"class_list":{"0":"post-3735","1":"product","2":"type-product","3":"status-publish","4":"has-post-thumbnail","6":"product_cat-tissus-non-tisses","7":"desktop-align-center","8":"tablet-align-left","9":"mobile-align-left","11":"first","12":"instock","13":"shipping-taxable","14":"product-type-simple"},"_links":{"self":[{"href":"https:\/\/medposnonwoven.com\/fr\/wp-json\/wp\/v2\/product\/3735","targetHints":{"allow":["GET"]}}],"collection":[{"href":"https:\/\/medposnonwoven.com\/fr\/wp-json\/wp\/v2\/product"}],"about":[{"href":"https:\/\/medposnonwoven.com\/fr\/wp-json\/wp\/v2\/types\/product"}],"wp:featuredmedia":[{"embeddable":true,"href":"https:\/\/medposnonwoven.com\/fr\/wp-json\/wp\/v2\/media\/3587"}],"wp:attachment":[{"href":"https:\/\/medposnonwoven.com\/fr\/wp-json\/wp\/v2\/media?parent=3735"}],"wp:term":[{"taxonomy":"product_brand","embeddable":true,"href":"https:\/\/medposnonwoven.com\/fr\/wp-json\/wp\/v2\/product_brand?post=3735"},{"taxonomy":"product_cat","embeddable":true,"href":"https:\/\/medposnonwoven.com\/fr\/wp-json\/wp\/v2\/product_cat?post=3735"},{"taxonomy":"product_tag","embeddable":true,"href":"https:\/\/medposnonwoven.com\/fr\/wp-json\/wp\/v2\/product_tag?post=3735"}],"curies":[{"name":"wp","href":"https:\/\/api.w.org\/{rel}","templated":true}]}}