{"id":3736,"date":"2023-01-18T09:08:43","date_gmt":"2023-01-18T09:08:43","guid":{"rendered":"https:\/\/medposnonwoven.com\/product\/film-souffle\/"},"modified":"2023-04-16T07:54:28","modified_gmt":"2023-04-16T07:54:28","slug":"film-souffle","status":"publish","type":"product","link":"https:\/\/medposnonwoven.com\/fr\/produit\/film-souffle\/","title":{"rendered":"Film souffl\u00e9"},"content":{"rendered":"<ul>\n<li>Les films souffl\u00e9s sont les feuilles de plastique et les films tubulaires cr\u00e9\u00e9s par le processus de fabrication. Ces feuilles ou tubes peuvent \u00eatre compl\u00e8tement cylindriques, ou d&rsquo;autres objets peuvent y \u00eatre plac\u00e9s pour cr\u00e9er des objets utiles tels que des sacs \u00e0 provisions, des sacs poubelles ou du film \u00e9tirable.<br \/>\n<span id=\"inputElements~245e2695a63f9c78\" class=\"MuiTypography-root MuiTypography-inherit css-1uk1gs8\"><\/span><\/li>\n<li>L&rsquo;extrusion de films souffl\u00e9s est l&rsquo;une des nombreuses m\u00e9thodes utilis\u00e9es pour fabriquer des polym\u00e8res. Ce proc\u00e9d\u00e9 est utilis\u00e9 pour cr\u00e9er des films polym\u00e8res courants et sp\u00e9cialis\u00e9s, tels que les films r\u00e9tractables, les films \u00e9tirables, les films barri\u00e8res (utilis\u00e9s pour prot\u00e9ger la charcuterie), les emballages pour produits surgel\u00e9s et les sacs \u00e0 provisions, qui sont fr\u00e9quemment utilis\u00e9s dans l&#8217;emballage.<\/li>\n<li>Les polym\u00e8res les plus populaires pour l&rsquo;extrusion de films souffl\u00e9s sont le polypropyl\u00e8ne et le poly\u00e9thyl\u00e8ne, bien qu&rsquo;il existe d&rsquo;autres vari\u00e9t\u00e9s (LDPE, HDPE et LLDPE). Ce proc\u00e9d\u00e9 permet de produire des films monocouches ainsi que des films multicouches plus complexes qui m\u00e9langent plusieurs mati\u00e8res plastiques en un seul film par coextrusion.<\/li>\n<\/ul>\n<p>&nbsp;<\/p>\n","protected":false},"excerpt":{"rendered":"<ul>\n<li>Nos films souffl\u00e9s offrent des performances \u00e9lev\u00e9es en mati\u00e8re d&rsquo;\u00e9tanch\u00e9it\u00e9, de souplesse, de r\u00e9sistance \u00e0 la traction et d&rsquo;uniformit\u00e9 de l&rsquo;\u00e9paisseur.<\/li>\n<\/ul>\n<p><strong>Application<\/strong><\/p>\n<p>Films d&#8217;emballage : films r\u00e9tractables, films \u00e9tirables, films pour sacs, doublures de conteneurs et films de pelliculage<\/p>\n<p>-Consommables m\u00e9dicaux : bavoirs dentaires, draps de dos, housse de stand de mayo, etc.<\/p>\n<h4>Caract\u00e9ristiques<\/h4>\n<p>Mat\u00e9riau : HDPE, LDPE, LLDPE<\/p>\n<p>Taille : 10-200cm<\/p>\n<p>Couleur : transparent, bleu, vert<\/p>\n<p>Type:Extrusion souffl\u00e9e<\/p>\n<p>Emballage : Selon la demande<\/p>\n<p>&nbsp;<\/p>\n","protected":false},"featured_media":3573,"template":"","meta":{"site-sidebar-layout":"default","site-content-layout":"default","ast-site-content-layout":"default","site-content-style":"default","site-sidebar-style":"default","ast-global-header-display":"","ast-banner-title-visibility":"","ast-main-header-display":"","ast-hfb-above-header-display":"","ast-hfb-below-header-display":"","ast-hfb-mobile-header-display":"","site-post-title":"","ast-breadcrumbs-content":"","ast-featured-img":"","footer-sml-layout":"","ast-disable-related-posts":"","theme-transparent-header-meta":"default","adv-header-id-meta":"","stick-header-meta":"","header-above-stick-meta":"","header-main-stick-meta":"","header-below-stick-meta":"","astra-migrate-meta-layouts":"default","ast-page-background-enabled":"default","ast-page-background-meta":{"desktop":{"background-color":"","background-image":"","background-repeat":"repeat","background-position":"center center","background-size":"auto","background-attachment":"scroll","background-type":"","background-media":"","overlay-type":"","overlay-color":"","overlay-opacity":"","overlay-gradient":""},"tablet":{"background-color":"","background-image":"","background-repeat":"repeat","background-position":"center center","background-size":"auto","background-attachment":"scroll","background-type":"","background-media":"","overlay-type":"","overlay-color":"","overlay-opacity":"","overlay-gradient":""},"mobile":{"background-color":"","background-image":"","background-repeat":"repeat","background-position":"center center","background-size":"auto","background-attachment":"scroll","background-type":"","background-media":"","overlay-type":"","overlay-color":"","overlay-opacity":"","overlay-gradient":""}},"ast-content-background-meta":{"desktop":{"background-color":"var(--ast-global-color-5)","background-image":"","background-repeat":"repeat","background-position":"center center","background-size":"auto","background-attachment":"scroll","background-type":"","background-media":"","overlay-type":"","overlay-color":"","overlay-opacity":"","overlay-gradient":""},"tablet":{"background-color":"var(--ast-global-color-5)","background-image":"","background-repeat":"repeat","background-position":"center center","background-size":"auto","background-attachment":"scroll","background-type":"","background-media":"","overlay-type":"","overlay-color":"","overlay-opacity":"","overlay-gradient":""},"mobile":{"background-color":"var(--ast-global-color-5)","background-image":"","background-repeat":"repeat","background-position":"center center","background-size":"auto","background-attachment":"scroll","background-type":"","background-media":"","overlay-type":"","overlay-color":"","overlay-opacity":"","overlay-gradient":""}}},"product_brand":[],"product_cat":[80],"product_tag":[],"class_list":{"0":"post-3736","1":"product","2":"type-product","3":"status-publish","4":"has-post-thumbnail","6":"product_cat-materiaux-de-film-pe","7":"desktop-align-center","8":"tablet-align-left","9":"mobile-align-left","11":"first","12":"instock","13":"shipping-taxable","14":"product-type-simple"},"_links":{"self":[{"href":"https:\/\/medposnonwoven.com\/fr\/wp-json\/wp\/v2\/product\/3736","targetHints":{"allow":["GET"]}}],"collection":[{"href":"https:\/\/medposnonwoven.com\/fr\/wp-json\/wp\/v2\/product"}],"about":[{"href":"https:\/\/medposnonwoven.com\/fr\/wp-json\/wp\/v2\/types\/product"}],"wp:featuredmedia":[{"embeddable":true,"href":"https:\/\/medposnonwoven.com\/fr\/wp-json\/wp\/v2\/media\/3573"}],"wp:attachment":[{"href":"https:\/\/medposnonwoven.com\/fr\/wp-json\/wp\/v2\/media?parent=3736"}],"wp:term":[{"taxonomy":"product_brand","embeddable":true,"href":"https:\/\/medposnonwoven.com\/fr\/wp-json\/wp\/v2\/product_brand?post=3736"},{"taxonomy":"product_cat","embeddable":true,"href":"https:\/\/medposnonwoven.com\/fr\/wp-json\/wp\/v2\/product_cat?post=3736"},{"taxonomy":"product_tag","embeddable":true,"href":"https:\/\/medposnonwoven.com\/fr\/wp-json\/wp\/v2\/product_tag?post=3736"}],"curies":[{"name":"wp","href":"https:\/\/api.w.org\/{rel}","templated":true}]}}