{"id":3737,"date":"2023-01-17T15:54:46","date_gmt":"2023-01-17T15:54:46","guid":{"rendered":"https:\/\/medposnonwoven.com\/product\/drapeaux-chirurgicaux-fenetres\/"},"modified":"2023-04-16T08:01:05","modified_gmt":"2023-04-16T08:01:05","slug":"drapeaux-chirurgicaux-fenetres","status":"publish","type":"product","link":"https:\/\/medposnonwoven.com\/fr\/produit\/drapeaux-chirurgicaux-fenetres\/","title":{"rendered":"Drapeaux chirurgicaux fen\u00eatr\u00e9s"},"content":{"rendered":"<ul>\n<li>Les lingettes chirurgicales fen\u00eatr\u00e9es agissent comme une barri\u00e8re protectrice pendant l&rsquo;op\u00e9ration, emp\u00eachant le transfert de micro-organismes et d&rsquo;agents pathog\u00e8nes entre le patient et le milieu environnant, contribuant ainsi au maintien d&rsquo;un environnement st\u00e9rile. Les lingettes pour cavit\u00e9s chirurgicales sont \u00e9galement class\u00e9es en fonction de leurs propri\u00e9t\u00e9s fonctionnelles. Les draps pour cavit\u00e9s chirurgicales ont un taux d&rsquo;\u00e9vaporation \u00e9lev\u00e9, sont tr\u00e8s confortables pour le corps et adh\u00e8rent parfaitement aux bords de la plaie. Les draps de chirurgie g\u00e9n\u00e9rale peuvent \u00eatre adapt\u00e9s \u00e0 diff\u00e9rentes proc\u00e9dures courantes et peuvent faire face \u00e0 des probl\u00e8mes potentiels tels que l&rsquo;\u00e9coulement de liquides ou de grandes quantit\u00e9s de sang. Le drap orthop\u00e9dique maintient une zone st\u00e9rile tout au long de la proc\u00e9dure et peut supporter une manipulation lourde pendant la proc\u00e9dure.<\/li>\n<li>Il existe des pratiques standard pour l&rsquo;utilisation des draps chirurgicaux. Comme les draps forment une barri\u00e8re entre la zone chirurgicale et la zone potentiellement infect\u00e9e, seuls les draps st\u00e9riles doivent \u00eatre utilis\u00e9s dans les zones st\u00e9riles. Cela permet d&rsquo;\u00e9viter les fuites entre les zones non st\u00e9riles et les zones st\u00e9riles. La feuille de la cavit\u00e9 doit \u00eatre exempte de trous, de perforations et de d\u00e9chirures, car toute perturbation de l&rsquo;int\u00e9grit\u00e9 de la barri\u00e8re microbiologique entra\u00eenera une contamination.<\/li>\n<li>Les draps chirurgicaux jetables donnent l&rsquo;impression d&rsquo;une norme de propret\u00e9. L&rsquo;utilisation de lingettes et de draps jetables pour les cavit\u00e9s donne une impression de professionnalisme. Ils sont propres, bien rang\u00e9s, hygi\u00e9niques et pr\u00eats \u00e0 l&#8217;emploi. La plupart des draps et blouses chirurgicales jetables sont fabriqu\u00e9s \u00e0 partir de polypropyl\u00e8ne, un sous-produit de l&rsquo;industrie p\u00e9trochimique, qui peut \u00eatre recycl\u00e9. Ils sont plus respectueux de l&rsquo;environnement que les autres liquides et produits chimiques utilis\u00e9s dans le processus de lavage. Les produits chirurgicaux \u00e0 usage unique facilitent \u00e9galement la gestion du budget, car ils ont une valeur constante et mesurable.<\/li>\n<\/ul>\n<p>&nbsp;<\/p>\n<p>&nbsp;<\/p>\n","protected":false},"excerpt":{"rendered":"<ul>\n<li>Ces draps st\u00e9riles fen\u00eatr\u00e9s sont fr\u00e9quemment utilis\u00e9s dans diverses op\u00e9rations. Il est tr\u00e8s perm\u00e9able \u00e0 l&rsquo;air, ce qui permet \u00e0 la peau de respirer librement. En outre, ce champ st\u00e9rile jetable est abordable, propre et suffisamment solide pour r\u00e9sister aux d\u00e9chirures et aux ruptures. Il pr\u00e9sente donc d&rsquo;excellentes qualit\u00e9s de confort ainsi qu&rsquo;une tr\u00e8s bonne r\u00e9sistance aux liquides.<\/li>\n<\/ul>\n<h4>Caract\u00e9ristiques<\/h4>\n<p>Mat\u00e9riau : SMS, SSMMS, SMMMS, PE+SMS, PE+PPP hydrophile, PE+Viscose<\/p>\n<p>Taille : 50*50cm, 90*90cm ou sur mesure<\/p>\n<p>Couleur : bleu, vert<\/p>\n<p>Type : Avec ou sans adh\u00e9sif<\/p>\n<p>Emballage : 1 pi\u00e8ce\/paquet, 10 pi\u00e8ces\/carton<\/p>\n<p>&nbsp;<\/p>\n<p>&nbsp;<\/p>\n","protected":false},"featured_media":3560,"template":"","meta":{"site-sidebar-layout":"default","site-content-layout":"default","ast-site-content-layout":"default","site-content-style":"default","site-sidebar-style":"default","ast-global-header-display":"","ast-banner-title-visibility":"","ast-main-header-display":"","ast-hfb-above-header-display":"","ast-hfb-below-header-display":"","ast-hfb-mobile-header-display":"","site-post-title":"","ast-breadcrumbs-content":"","ast-featured-img":"","footer-sml-layout":"","ast-disable-related-posts":"","theme-transparent-header-meta":"default","adv-header-id-meta":"","stick-header-meta":"","header-above-stick-meta":"","header-main-stick-meta":"","header-below-stick-meta":"","astra-migrate-meta-layouts":"default","ast-page-background-enabled":"default","ast-page-background-meta":{"desktop":{"background-color":"","background-image":"","background-repeat":"repeat","background-position":"center center","background-size":"auto","background-attachment":"scroll","background-type":"","background-media":"","overlay-type":"","overlay-color":"","overlay-opacity":"","overlay-gradient":""},"tablet":{"background-color":"","background-image":"","background-repeat":"repeat","background-position":"center center","background-size":"auto","background-attachment":"scroll","background-type":"","background-media":"","overlay-type":"","overlay-color":"","overlay-opacity":"","overlay-gradient":""},"mobile":{"background-color":"","background-image":"","background-repeat":"repeat","background-position":"center center","background-size":"auto","background-attachment":"scroll","background-type":"","background-media":"","overlay-type":"","overlay-color":"","overlay-opacity":"","overlay-gradient":""}},"ast-content-background-meta":{"desktop":{"background-color":"var(--ast-global-color-5)","background-image":"","background-repeat":"repeat","background-position":"center center","background-size":"auto","background-attachment":"scroll","background-type":"","background-media":"","overlay-type":"","overlay-color":"","overlay-opacity":"","overlay-gradient":""},"tablet":{"background-color":"var(--ast-global-color-5)","background-image":"","background-repeat":"repeat","background-position":"center center","background-size":"auto","background-attachment":"scroll","background-type":"","background-media":"","overlay-type":"","overlay-color":"","overlay-opacity":"","overlay-gradient":""},"mobile":{"background-color":"var(--ast-global-color-5)","background-image":"","background-repeat":"repeat","background-position":"center center","background-size":"auto","background-attachment":"scroll","background-type":"","background-media":"","overlay-type":"","overlay-color":"","overlay-opacity":"","overlay-gradient":""}}},"product_brand":[],"product_cat":[81],"product_tag":[],"class_list":{"0":"post-3737","1":"product","2":"type-product","3":"status-publish","4":"has-post-thumbnail","6":"product_cat-blouse-et-champs-operatoires","7":"desktop-align-center","8":"tablet-align-left","9":"mobile-align-left","11":"first","12":"instock","13":"shipping-taxable","14":"product-type-simple"},"_links":{"self":[{"href":"https:\/\/medposnonwoven.com\/fr\/wp-json\/wp\/v2\/product\/3737","targetHints":{"allow":["GET"]}}],"collection":[{"href":"https:\/\/medposnonwoven.com\/fr\/wp-json\/wp\/v2\/product"}],"about":[{"href":"https:\/\/medposnonwoven.com\/fr\/wp-json\/wp\/v2\/types\/product"}],"wp:featuredmedia":[{"embeddable":true,"href":"https:\/\/medposnonwoven.com\/fr\/wp-json\/wp\/v2\/media\/3560"}],"wp:attachment":[{"href":"https:\/\/medposnonwoven.com\/fr\/wp-json\/wp\/v2\/media?parent=3737"}],"wp:term":[{"taxonomy":"product_brand","embeddable":true,"href":"https:\/\/medposnonwoven.com\/fr\/wp-json\/wp\/v2\/product_brand?post=3737"},{"taxonomy":"product_cat","embeddable":true,"href":"https:\/\/medposnonwoven.com\/fr\/wp-json\/wp\/v2\/product_cat?post=3737"},{"taxonomy":"product_tag","embeddable":true,"href":"https:\/\/medposnonwoven.com\/fr\/wp-json\/wp\/v2\/product_tag?post=3737"}],"curies":[{"name":"wp","href":"https:\/\/api.w.org\/{rel}","templated":true}]}}