{"id":3739,"date":"2023-01-16T15:29:05","date_gmt":"2023-01-16T15:29:05","guid":{"rendered":"https:\/\/medposnonwoven.com\/product\/peignoir-jetable\/"},"modified":"2023-04-16T08:13:32","modified_gmt":"2023-04-16T08:13:32","slug":"peignoir-jetable","status":"publish","type":"product","link":"https:\/\/medposnonwoven.com\/fr\/produit\/peignoir-jetable\/","title":{"rendered":"Peignoir jetable"},"content":{"rendered":"<ul>\n<li>Les peignoirs jetables sont une solution simple et ponctuelle pour s&rsquo;habiller apr\u00e8s la douche ou le bain. Ils sont agr\u00e9ables \u00e0 porter car ils sont compos\u00e9s de mat\u00e9riaux l\u00e9gers et imperm\u00e9ables comme les tissus non tiss\u00e9s. Ils ont une forme enveloppante avec une capuche et une fermeture \u00e0 cravate. En raison de leur facilit\u00e9 d&rsquo;\u00e9limination apr\u00e8s usage, les peignoirs jetables constituent un excellent choix pour les h\u00f4tels, les spas et les instituts de beaut\u00e9. Ils peuvent \u00e9galement \u00eatre utilis\u00e9s pour apporter plus de chaleur et de couverture dans d&rsquo;autres lieux, tels que les cabinets m\u00e9dicaux. Pour les personnes qui pr\u00e9f\u00e8rent garder leur peau propre, les peignoirs jetables sont disponibles dans une vari\u00e9t\u00e9 de tailles et de teintes et offrent une solution hygi\u00e9nique. Ils constituent une excellente option car ils sont \u00e9galement peu co\u00fbteux et pratiques \u00e0 conserver.<\/li>\n<li>Le tissu non tiss\u00e9 l\u00e9ger et de haute qualit\u00e9 utilis\u00e9 pour fabriquer ce peignoir jetable offre une durabilit\u00e9 et une utilisation \u00e0 long terme. Cette corde est agr\u00e9able au toucher et s\u00e8che rapidement. La taille polyvalente r\u00e9pondra aux besoins de la majorit\u00e9 des individus ; elle est confortable mais efficace en tant que serviette pour votre s\u00e9ance de SPA ou apr\u00e8s avoir utilis\u00e9 les toilettes, lorsque vous voulez avoir l&rsquo;air bien mais aussi vous sentir bien.<\/li>\n<\/ul>\n<p>&nbsp;<\/p>\n","protected":false},"excerpt":{"rendered":"<ul>\n<li>Peignoir jetable Permet de pr\u00e9server l&rsquo;intimit\u00e9 et de favoriser la relaxation gr\u00e2ce \u00e0 un toucher en coton. Le tissu est plus \u00e9pais, opaque, inattaquable par le soleil et comporte une bande \u00e9lastique \u00e0 la taille.<\/li>\n<li>Largement utilis\u00e9 dans les SPA, les salles de sport, les piscines, les saunas, les voyages et autres loisirs.<\/li>\n<\/ul>\n<h4>Caract\u00e9ristiques<\/h4>\n<p>Mat\u00e9riau : Polypropyl\u00e8ne Spunbond<\/p>\n<p>Taille : S, M, L<\/p>\n<p>Couleur : noir, blanc, bleu fonc\u00e9<\/p>\n<p>Type : Avec taille \u00e9lastique<\/p>\n<p>Emballage : 10 pi\u00e8ces\/sac, 20 sacs\/carton<\/p>\n<p>&nbsp;<\/p>\n<p>&nbsp;<\/p>\n","protected":false},"featured_media":3542,"template":"","meta":{"site-sidebar-layout":"default","site-content-layout":"default","ast-site-content-layout":"default","site-content-style":"default","site-sidebar-style":"default","ast-global-header-display":"","ast-banner-title-visibility":"","ast-main-header-display":"","ast-hfb-above-header-display":"","ast-hfb-below-header-display":"","ast-hfb-mobile-header-display":"","site-post-title":"","ast-breadcrumbs-content":"","ast-featured-img":"","footer-sml-layout":"","ast-disable-related-posts":"","theme-transparent-header-meta":"default","adv-header-id-meta":"","stick-header-meta":"","header-above-stick-meta":"","header-main-stick-meta":"","header-below-stick-meta":"","astra-migrate-meta-layouts":"default","ast-page-background-enabled":"default","ast-page-background-meta":{"desktop":{"background-color":"","background-image":"","background-repeat":"repeat","background-position":"center center","background-size":"auto","background-attachment":"scroll","background-type":"","background-media":"","overlay-type":"","overlay-color":"","overlay-opacity":"","overlay-gradient":""},"tablet":{"background-color":"","background-image":"","background-repeat":"repeat","background-position":"center center","background-size":"auto","background-attachment":"scroll","background-type":"","background-media":"","overlay-type":"","overlay-color":"","overlay-opacity":"","overlay-gradient":""},"mobile":{"background-color":"","background-image":"","background-repeat":"repeat","background-position":"center center","background-size":"auto","background-attachment":"scroll","background-type":"","background-media":"","overlay-type":"","overlay-color":"","overlay-opacity":"","overlay-gradient":""}},"ast-content-background-meta":{"desktop":{"background-color":"var(--ast-global-color-5)","background-image":"","background-repeat":"repeat","background-position":"center center","background-size":"auto","background-attachment":"scroll","background-type":"","background-media":"","overlay-type":"","overlay-color":"","overlay-opacity":"","overlay-gradient":""},"tablet":{"background-color":"var(--ast-global-color-5)","background-image":"","background-repeat":"repeat","background-position":"center center","background-size":"auto","background-attachment":"scroll","background-type":"","background-media":"","overlay-type":"","overlay-color":"","overlay-opacity":"","overlay-gradient":""},"mobile":{"background-color":"var(--ast-global-color-5)","background-image":"","background-repeat":"repeat","background-position":"center center","background-size":"auto","background-attachment":"scroll","background-type":"","background-media":"","overlay-type":"","overlay-color":"","overlay-opacity":"","overlay-gradient":""}}},"product_brand":[],"product_cat":[79],"product_tag":[],"class_list":{"0":"post-3739","1":"product","2":"type-product","3":"status-publish","4":"has-post-thumbnail","6":"product_cat-spa-et-produits-de-beaute-a-usage-unique","7":"desktop-align-center","8":"tablet-align-left","9":"mobile-align-left","11":"first","12":"instock","13":"shipping-taxable","14":"product-type-simple"},"_links":{"self":[{"href":"https:\/\/medposnonwoven.com\/fr\/wp-json\/wp\/v2\/product\/3739","targetHints":{"allow":["GET"]}}],"collection":[{"href":"https:\/\/medposnonwoven.com\/fr\/wp-json\/wp\/v2\/product"}],"about":[{"href":"https:\/\/medposnonwoven.com\/fr\/wp-json\/wp\/v2\/types\/product"}],"wp:featuredmedia":[{"embeddable":true,"href":"https:\/\/medposnonwoven.com\/fr\/wp-json\/wp\/v2\/media\/3542"}],"wp:attachment":[{"href":"https:\/\/medposnonwoven.com\/fr\/wp-json\/wp\/v2\/media?parent=3739"}],"wp:term":[{"taxonomy":"product_brand","embeddable":true,"href":"https:\/\/medposnonwoven.com\/fr\/wp-json\/wp\/v2\/product_brand?post=3739"},{"taxonomy":"product_cat","embeddable":true,"href":"https:\/\/medposnonwoven.com\/fr\/wp-json\/wp\/v2\/product_cat?post=3739"},{"taxonomy":"product_tag","embeddable":true,"href":"https:\/\/medposnonwoven.com\/fr\/wp-json\/wp\/v2\/product_tag?post=3739"}],"curies":[{"name":"wp","href":"https:\/\/api.w.org\/{rel}","templated":true}]}}