{"id":3740,"date":"2023-01-17T15:23:55","date_gmt":"2023-01-17T15:23:55","guid":{"rendered":"https:\/\/medposnonwoven.com\/product\/drap-chirurgical-lateral-adhesif\/"},"modified":"2023-04-16T08:04:06","modified_gmt":"2023-04-16T08:04:06","slug":"drap-chirurgical-lateral-adhesif","status":"publish","type":"product","link":"https:\/\/medposnonwoven.com\/fr\/produit\/drap-chirurgical-lateral-adhesif\/","title":{"rendered":"Drap chirurgical lat\u00e9ral adh\u00e9sif"},"content":{"rendered":"<ul>\n<li>La feuille lat\u00e9rale chirurgicale comprend une feuille principale et un adh\u00e9sif double face, l&rsquo;adh\u00e9sif double face \u00e9tant situ\u00e9 sur le bord de la feuille principale. L&rsquo;adh\u00e9sif double face comprend une couche de gel et un papier antiadh\u00e9sif, la couche de gel est plac\u00e9e sur un bord de la feuille principale, le papier antiadh\u00e9sif est plac\u00e9 sur la couche de gel, le papier antiadh\u00e9sif est align\u00e9 avec la couche de gel le long du bord de la feuille principale, la couche de gel est coll\u00e9e \u00e0 la feuille principale d&rsquo;un c\u00f4t\u00e9 et au papier antiadh\u00e9sif de l&rsquo;autre c\u00f4t\u00e9. Il est g\u00e9n\u00e9ralement utilis\u00e9 pour couvrir la zone non op\u00e9r\u00e9e pendant l&rsquo;intervention chirurgicale afin de lutter contre l&rsquo;infection.<\/li>\n<li>Caract\u00e9ristiques des feuilles lat\u00e9rales chirurgicales.1. L&rsquo;adh\u00e9sif double face peut fixer le tissu m\u00e9dical non tiss\u00e9 et la peau humaine.2. la capacit\u00e9 d&rsquo;absorption des fluides, qui permet d&rsquo;absorber rapidement le sang et les fluides corporels produits pendant l&rsquo;op\u00e9ration, \u00e9vitant ainsi les infections crois\u00e9es sur le corps du patient.\n<p>3. pelage facile et complet de la feuille de lib\u00e9ration, ce qui permet d&rsquo;\u00e9conomiser le temps de pr\u00e9paration de l&rsquo;intervention chirurgicale.<\/li>\n<\/ul>\n<p>&nbsp;<\/p>\n<p>&nbsp;<\/p>\n","protected":false},"excerpt":{"rendered":"<ul>\n<li>Ces champs adh\u00e9sifs st\u00e9riles sont fr\u00e9quemment utilis\u00e9s dans diverses op\u00e9rations. Il est tr\u00e8s perm\u00e9able \u00e0 l&rsquo;air, ce qui permet \u00e0 la peau de respirer librement. En outre, ce champ st\u00e9rile jetable est abordable, propre et suffisamment solide pour r\u00e9sister aux d\u00e9chirures et aux ruptures. Il pr\u00e9sente donc d&rsquo;excellentes qualit\u00e9s de confort ainsi qu&rsquo;une tr\u00e8s bonne r\u00e9sistance \u00e0 l&rsquo;humidit\u00e9.<\/li>\n<\/ul>\n<h4>Caract\u00e9ristiques<\/h4>\n<p>Mat\u00e9riau : SMS, SSMMS, SMMMS, PE+SMS, PE+PPP hydrophile, PE+Viscose<\/p>\n<p>Taille : 45*50cm, 75*75cm ou sur mesure<\/p>\n<p>Couleur : bleu, vert<\/p>\n<p>Type : Consommables chirurgicaux<\/p>\n<p>Emballage : 1pc\/paquet, 10paquets\/carton<\/p>\n<p>&nbsp;<\/p>\n<p>&nbsp;<\/p>\n","protected":false},"featured_media":3558,"template":"","meta":{"site-sidebar-layout":"default","site-content-layout":"default","ast-site-content-layout":"default","site-content-style":"default","site-sidebar-style":"default","ast-global-header-display":"","ast-banner-title-visibility":"","ast-main-header-display":"","ast-hfb-above-header-display":"","ast-hfb-below-header-display":"","ast-hfb-mobile-header-display":"","site-post-title":"","ast-breadcrumbs-content":"","ast-featured-img":"","footer-sml-layout":"","ast-disable-related-posts":"","theme-transparent-header-meta":"default","adv-header-id-meta":"","stick-header-meta":"","header-above-stick-meta":"","header-main-stick-meta":"","header-below-stick-meta":"","astra-migrate-meta-layouts":"default","ast-page-background-enabled":"default","ast-page-background-meta":{"desktop":{"background-color":"","background-image":"","background-repeat":"repeat","background-position":"center center","background-size":"auto","background-attachment":"scroll","background-type":"","background-media":"","overlay-type":"","overlay-color":"","overlay-opacity":"","overlay-gradient":""},"tablet":{"background-color":"","background-image":"","background-repeat":"repeat","background-position":"center center","background-size":"auto","background-attachment":"scroll","background-type":"","background-media":"","overlay-type":"","overlay-color":"","overlay-opacity":"","overlay-gradient":""},"mobile":{"background-color":"","background-image":"","background-repeat":"repeat","background-position":"center center","background-size":"auto","background-attachment":"scroll","background-type":"","background-media":"","overlay-type":"","overlay-color":"","overlay-opacity":"","overlay-gradient":""}},"ast-content-background-meta":{"desktop":{"background-color":"var(--ast-global-color-5)","background-image":"","background-repeat":"repeat","background-position":"center center","background-size":"auto","background-attachment":"scroll","background-type":"","background-media":"","overlay-type":"","overlay-color":"","overlay-opacity":"","overlay-gradient":""},"tablet":{"background-color":"var(--ast-global-color-5)","background-image":"","background-repeat":"repeat","background-position":"center center","background-size":"auto","background-attachment":"scroll","background-type":"","background-media":"","overlay-type":"","overlay-color":"","overlay-opacity":"","overlay-gradient":""},"mobile":{"background-color":"var(--ast-global-color-5)","background-image":"","background-repeat":"repeat","background-position":"center center","background-size":"auto","background-attachment":"scroll","background-type":"","background-media":"","overlay-type":"","overlay-color":"","overlay-opacity":"","overlay-gradient":""}}},"product_brand":[],"product_cat":[81],"product_tag":[],"class_list":{"0":"post-3740","1":"product","2":"type-product","3":"status-publish","4":"has-post-thumbnail","6":"product_cat-blouse-et-champs-operatoires","7":"desktop-align-center","8":"tablet-align-left","9":"mobile-align-left","11":"first","12":"instock","13":"shipping-taxable","14":"product-type-simple"},"_links":{"self":[{"href":"https:\/\/medposnonwoven.com\/fr\/wp-json\/wp\/v2\/product\/3740","targetHints":{"allow":["GET"]}}],"collection":[{"href":"https:\/\/medposnonwoven.com\/fr\/wp-json\/wp\/v2\/product"}],"about":[{"href":"https:\/\/medposnonwoven.com\/fr\/wp-json\/wp\/v2\/types\/product"}],"wp:featuredmedia":[{"embeddable":true,"href":"https:\/\/medposnonwoven.com\/fr\/wp-json\/wp\/v2\/media\/3558"}],"wp:attachment":[{"href":"https:\/\/medposnonwoven.com\/fr\/wp-json\/wp\/v2\/media?parent=3740"}],"wp:term":[{"taxonomy":"product_brand","embeddable":true,"href":"https:\/\/medposnonwoven.com\/fr\/wp-json\/wp\/v2\/product_brand?post=3740"},{"taxonomy":"product_cat","embeddable":true,"href":"https:\/\/medposnonwoven.com\/fr\/wp-json\/wp\/v2\/product_cat?post=3740"},{"taxonomy":"product_tag","embeddable":true,"href":"https:\/\/medposnonwoven.com\/fr\/wp-json\/wp\/v2\/product_tag?post=3740"}],"curies":[{"name":"wp","href":"https:\/\/api.w.org\/{rel}","templated":true}]}}