{"id":3741,"date":"2023-01-18T05:17:09","date_gmt":"2023-01-18T05:17:09","guid":{"rendered":"https:\/\/medposnonwoven.com\/product\/film-plastique-respirant\/"},"modified":"2023-04-16T07:55:15","modified_gmt":"2023-04-16T07:55:15","slug":"film-plastique-respirant","status":"publish","type":"product","link":"https:\/\/medposnonwoven.com\/fr\/produit\/film-plastique-respirant\/","title":{"rendered":"Film plastique respirant"},"content":{"rendered":"<ul>\n<li><span id=\"inputElements~fe3dfdac5d3e091d\" class=\"MuiTypography-root MuiTypography-inherit css-1uk1gs8\">Les films respirants sont fabriqu\u00e9s \u00e0 partir de films coul\u00e9s ou souffl\u00e9s, puis \u00e9tir\u00e9s. Le carbonate de calcium provoque la cr\u00e9ation de cavit\u00e9s uniformes qui conf\u00e8rent \u00e0 la membrane ses caract\u00e9ristiques. Ces films offrent une alternative peu co\u00fbteuse pour le contr\u00f4le de l&rsquo;humidit\u00e9 dans une vari\u00e9t\u00e9 d&rsquo;applications, y compris les couches pour b\u00e9b\u00e9s, l&rsquo;hygi\u00e8ne f\u00e9minine, l&rsquo;incontinence adulte, les toitures, les enveloppes de maison et les blouses chirurgicales.<\/span><span id=\"inputElements~245e2695a63f9c78\" class=\"MuiTypography-root MuiTypography-inherit css-1uk1gs8\"><\/span><\/li>\n<li>Pour \u00e9valuer la quantit\u00e9 de vapeur qui peut passer \u00e0 travers un film, on mesure le taux de transmission de la vapeur d&rsquo;eau. Les mol\u00e9cules qui composent les films polym\u00e8res sont dispos\u00e9es en longues cha\u00eenes tridimensionnelles. La perm\u00e9abilit\u00e9 de cette matrice diminue au fur et \u00e0 mesure que sa densit\u00e9 augmente dans un film. Les polym\u00e8res acryliques de nos formulations cr\u00e9ent une matrice moins \u00e9paisse qui permet \u00e0 l&rsquo;eau vaporis\u00e9e de p\u00e9n\u00e9trer dans le film, mais pas \u00e0 l&rsquo;eau liquide.<\/li>\n<\/ul>\n<p>&nbsp;<\/p>\n","protected":false},"excerpt":{"rendered":"<ul>\n<li>Les films respirants sont des films minces, microporeux ou monolithiques qui sont imperm\u00e9ables aux liquides (eau\/sang) mais perm\u00e9ables aux gaz (vapeurs d&rsquo;eau). Nos films sont tr\u00e8s performants en termes d&rsquo;\u00e9tanch\u00e9it\u00e9, de souplesse, de r\u00e9sistance \u00e0 la traction et d&rsquo;\u00e9paisseur uniforme.<\/li>\n<\/ul>\n<p><strong>Application<\/strong><\/p>\n<p>-Produits d&rsquo;hygi\u00e8ne : Film dorsal des couches pour b\u00e9b\u00e9s, des couches pour adultes et des serviettes hygi\u00e9niques.<\/p>\n<p>-Produits de sant\u00e9 : blouses de protection, blouses chirurgicales, draps m\u00e9dicaux, combinaisons jetables, draps de lit.<\/p>\n<h4>Caract\u00e9ristiques<\/h4>\n<p>Mat\u00e9riau : Poly\u00e9thyl\u00e8ne et <span id=\"inputElements~fe3dfdac5d3e091d\" class=\"MuiTypography-root MuiTypography-inherit css-1uk1gs8\">carbonate de calcium<\/span><\/p>\n<p>Taille : 10-200cm<\/p>\n<p>Couleur : bleu, vert, laiteux ou personnalis\u00e9e<\/p>\n<p>Type:Films pour feuilles dorsales<\/p>\n<p>Emballage : Selon la demande<\/p>\n<p>&nbsp;<\/p>\n","protected":false},"featured_media":3571,"template":"","meta":{"site-sidebar-layout":"default","site-content-layout":"default","ast-site-content-layout":"default","site-content-style":"default","site-sidebar-style":"default","ast-global-header-display":"","ast-banner-title-visibility":"","ast-main-header-display":"","ast-hfb-above-header-display":"","ast-hfb-below-header-display":"","ast-hfb-mobile-header-display":"","site-post-title":"","ast-breadcrumbs-content":"","ast-featured-img":"","footer-sml-layout":"","ast-disable-related-posts":"","theme-transparent-header-meta":"default","adv-header-id-meta":"","stick-header-meta":"","header-above-stick-meta":"","header-main-stick-meta":"","header-below-stick-meta":"","astra-migrate-meta-layouts":"default","ast-page-background-enabled":"default","ast-page-background-meta":{"desktop":{"background-color":"","background-image":"","background-repeat":"repeat","background-position":"center center","background-size":"auto","background-attachment":"scroll","background-type":"","background-media":"","overlay-type":"","overlay-color":"","overlay-opacity":"","overlay-gradient":""},"tablet":{"background-color":"","background-image":"","background-repeat":"repeat","background-position":"center center","background-size":"auto","background-attachment":"scroll","background-type":"","background-media":"","overlay-type":"","overlay-color":"","overlay-opacity":"","overlay-gradient":""},"mobile":{"background-color":"","background-image":"","background-repeat":"repeat","background-position":"center center","background-size":"auto","background-attachment":"scroll","background-type":"","background-media":"","overlay-type":"","overlay-color":"","overlay-opacity":"","overlay-gradient":""}},"ast-content-background-meta":{"desktop":{"background-color":"var(--ast-global-color-5)","background-image":"","background-repeat":"repeat","background-position":"center center","background-size":"auto","background-attachment":"scroll","background-type":"","background-media":"","overlay-type":"","overlay-color":"","overlay-opacity":"","overlay-gradient":""},"tablet":{"background-color":"var(--ast-global-color-5)","background-image":"","background-repeat":"repeat","background-position":"center center","background-size":"auto","background-attachment":"scroll","background-type":"","background-media":"","overlay-type":"","overlay-color":"","overlay-opacity":"","overlay-gradient":""},"mobile":{"background-color":"var(--ast-global-color-5)","background-image":"","background-repeat":"repeat","background-position":"center center","background-size":"auto","background-attachment":"scroll","background-type":"","background-media":"","overlay-type":"","overlay-color":"","overlay-opacity":"","overlay-gradient":""}}},"product_brand":[],"product_cat":[80],"product_tag":[],"class_list":{"0":"post-3741","1":"product","2":"type-product","3":"status-publish","4":"has-post-thumbnail","6":"product_cat-materiaux-de-film-pe","7":"desktop-align-center","8":"tablet-align-left","9":"mobile-align-left","11":"first","12":"instock","13":"shipping-taxable","14":"product-type-simple"},"_links":{"self":[{"href":"https:\/\/medposnonwoven.com\/fr\/wp-json\/wp\/v2\/product\/3741","targetHints":{"allow":["GET"]}}],"collection":[{"href":"https:\/\/medposnonwoven.com\/fr\/wp-json\/wp\/v2\/product"}],"about":[{"href":"https:\/\/medposnonwoven.com\/fr\/wp-json\/wp\/v2\/types\/product"}],"wp:featuredmedia":[{"embeddable":true,"href":"https:\/\/medposnonwoven.com\/fr\/wp-json\/wp\/v2\/media\/3571"}],"wp:attachment":[{"href":"https:\/\/medposnonwoven.com\/fr\/wp-json\/wp\/v2\/media?parent=3741"}],"wp:term":[{"taxonomy":"product_brand","embeddable":true,"href":"https:\/\/medposnonwoven.com\/fr\/wp-json\/wp\/v2\/product_brand?post=3741"},{"taxonomy":"product_cat","embeddable":true,"href":"https:\/\/medposnonwoven.com\/fr\/wp-json\/wp\/v2\/product_cat?post=3741"},{"taxonomy":"product_tag","embeddable":true,"href":"https:\/\/medposnonwoven.com\/fr\/wp-json\/wp\/v2\/product_tag?post=3741"}],"curies":[{"name":"wp","href":"https:\/\/api.w.org\/{rel}","templated":true}]}}