{"id":3742,"date":"2023-01-18T13:54:13","date_gmt":"2023-01-18T13:54:13","guid":{"rendered":"https:\/\/medposnonwoven.com\/product\/tissu-spunbond-lamine-pe\/"},"modified":"2023-04-16T07:49:52","modified_gmt":"2023-04-16T07:49:52","slug":"tissu-spunbond-lamine-pe","status":"publish","type":"product","link":"https:\/\/medposnonwoven.com\/fr\/produit\/tissu-spunbond-lamine-pe\/","title":{"rendered":"Tissu spunbond lamin\u00e9 PE"},"content":{"rendered":"<ul>\n<li>Le non-tiss\u00e9 de lamination est le processus de fabrication d&rsquo;un mat\u00e9riau en couches multiples, g\u00e9n\u00e9ralement un film PE lamin\u00e9 de diff\u00e9rents non-tiss\u00e9s, tels que PE+spunbond, PE+SMS, PE+Viscose, PE+Spunlace, et SMSPE ou SMPE. Les caract\u00e9ristiques physiques et m\u00e9caniques combin\u00e9es de chaque couche permettent d&rsquo;obtenir un mat\u00e9riau composite plus solide et plus r\u00e9sistant.<\/li>\n<li>Le tissu non tiss\u00e9 lamin\u00e9 est disponible dans une grande vari\u00e9t\u00e9 de dessins, de couleurs et de motifs. Il est imperm\u00e9able et offre une excellente protection contre les liquides. Les blouses d&rsquo;isolement, les blouses chirurgicales, les draps et les couvertures, les tenues de bloc, les emballages de produits alimentaires, les sacs \u00e0 provisions et d&rsquo;autres articles sont fabriqu\u00e9s \u00e0 partir de tissus stratifi\u00e9s.<\/li>\n<li>Le tissu enduit de PE est un type de tissu non tiss\u00e9 sur lequel est appliqu\u00e9e une couche de film plastique. Cette couche de film peut \u00eatre imprim\u00e9e en couleur \u00e0 l&rsquo;aide d&rsquo;une machine \u00e0 imprimer. Seul le motif de s\u00e9rigraphie drearyto imprim\u00e9 \u00e0 la main peut \u00eatre utilis\u00e9 pour cr\u00e9er ce tissu. Les produits \u00e0 longue dur\u00e9e de vie, sans plastique et sans yidihong sont des compos\u00e9s antig\u00e9niques dans le galuchat de viscose qui sont produits par Dunaliella ductibility et bridge. L&rsquo;espace peut durer jusqu&rsquo;\u00e0 cinq ans.<br \/>\nEn utilisant la m\u00e9thode de production actuelle. Les films pour tissus non tiss\u00e9s peuvent \u00eatre class\u00e9s comme suit : compos\u00e9 de rev\u00eatement respirant hotmelts, buliyate autog\u00e8ne et ILM. Chacune de ces trois m\u00e9thodes poss\u00e8de des propri\u00e9t\u00e9s uniques, mais les bupresto\u00efdes enduits de polym\u00e8re sont g\u00e9n\u00e9ralement plus performants que les tissus non tiss\u00e9s ordinaires en termes d&rsquo;efficacit\u00e9 de production sur des p\u00e9riodes plus longues et selon des normes plus strictes.<\/li>\n<\/ul>\n<p>&nbsp;<\/p>\n<p>&nbsp;<\/p>\n","protected":false},"excerpt":{"rendered":"<ul>\n<li>Ce tissu non tiss\u00e9 lamin\u00e9 PE + PP spunbond est imperm\u00e9able, non respirant, le poids de base du tissu varie de 30gsm \u00e0 60gsm.<\/li>\n<li>Largement utilis\u00e9 pour les v\u00eatements et \u00e9quipements de protection dans le domaine m\u00e9dical, les couches pour adultes et b\u00e9b\u00e9s, les produits d&rsquo;hygi\u00e8ne f\u00e9minine, les sacs d&#8217;emballage et de courses et les mat\u00e9riaux d&rsquo;isolation des toits.<\/li>\n<\/ul>\n<h4>Caract\u00e9ristiques<\/h4>\n<p>Mat\u00e9riau : Polypropyl\u00e8ne et poly\u00e9thyl\u00e8ne<\/p>\n<p>Taille : 20-200cm<\/p>\n<p>Couleur : bleu, vert, blanc<\/p>\n<p>Type : Stratifi\u00e9 ou enduit (avec ou sans colle)<\/p>\n<p>Emballage : Selon la demande<\/p>\n<p>&nbsp;<\/p>\n","protected":false},"featured_media":3582,"template":"","meta":{"site-sidebar-layout":"default","site-content-layout":"default","ast-site-content-layout":"default","site-content-style":"default","site-sidebar-style":"default","ast-global-header-display":"","ast-banner-title-visibility":"","ast-main-header-display":"","ast-hfb-above-header-display":"","ast-hfb-below-header-display":"","ast-hfb-mobile-header-display":"","site-post-title":"","ast-breadcrumbs-content":"","ast-featured-img":"","footer-sml-layout":"","ast-disable-related-posts":"","theme-transparent-header-meta":"default","adv-header-id-meta":"","stick-header-meta":"","header-above-stick-meta":"","header-main-stick-meta":"","header-below-stick-meta":"","astra-migrate-meta-layouts":"default","ast-page-background-enabled":"default","ast-page-background-meta":{"desktop":{"background-color":"","background-image":"","background-repeat":"repeat","background-position":"center center","background-size":"auto","background-attachment":"scroll","background-type":"","background-media":"","overlay-type":"","overlay-color":"","overlay-opacity":"","overlay-gradient":""},"tablet":{"background-color":"","background-image":"","background-repeat":"repeat","background-position":"center center","background-size":"auto","background-attachment":"scroll","background-type":"","background-media":"","overlay-type":"","overlay-color":"","overlay-opacity":"","overlay-gradient":""},"mobile":{"background-color":"","background-image":"","background-repeat":"repeat","background-position":"center center","background-size":"auto","background-attachment":"scroll","background-type":"","background-media":"","overlay-type":"","overlay-color":"","overlay-opacity":"","overlay-gradient":""}},"ast-content-background-meta":{"desktop":{"background-color":"var(--ast-global-color-5)","background-image":"","background-repeat":"repeat","background-position":"center center","background-size":"auto","background-attachment":"scroll","background-type":"","background-media":"","overlay-type":"","overlay-color":"","overlay-opacity":"","overlay-gradient":""},"tablet":{"background-color":"var(--ast-global-color-5)","background-image":"","background-repeat":"repeat","background-position":"center center","background-size":"auto","background-attachment":"scroll","background-type":"","background-media":"","overlay-type":"","overlay-color":"","overlay-opacity":"","overlay-gradient":""},"mobile":{"background-color":"var(--ast-global-color-5)","background-image":"","background-repeat":"repeat","background-position":"center center","background-size":"auto","background-attachment":"scroll","background-type":"","background-media":"","overlay-type":"","overlay-color":"","overlay-opacity":"","overlay-gradient":""}}},"product_brand":[],"product_cat":[78],"product_tag":[],"class_list":{"0":"post-3742","1":"product","2":"type-product","3":"status-publish","4":"has-post-thumbnail","6":"product_cat-tissus-non-tisses","7":"desktop-align-center","8":"tablet-align-left","9":"mobile-align-left","11":"first","12":"instock","13":"shipping-taxable","14":"product-type-simple"},"_links":{"self":[{"href":"https:\/\/medposnonwoven.com\/fr\/wp-json\/wp\/v2\/product\/3742","targetHints":{"allow":["GET"]}}],"collection":[{"href":"https:\/\/medposnonwoven.com\/fr\/wp-json\/wp\/v2\/product"}],"about":[{"href":"https:\/\/medposnonwoven.com\/fr\/wp-json\/wp\/v2\/types\/product"}],"wp:featuredmedia":[{"embeddable":true,"href":"https:\/\/medposnonwoven.com\/fr\/wp-json\/wp\/v2\/media\/3582"}],"wp:attachment":[{"href":"https:\/\/medposnonwoven.com\/fr\/wp-json\/wp\/v2\/media?parent=3742"}],"wp:term":[{"taxonomy":"product_brand","embeddable":true,"href":"https:\/\/medposnonwoven.com\/fr\/wp-json\/wp\/v2\/product_brand?post=3742"},{"taxonomy":"product_cat","embeddable":true,"href":"https:\/\/medposnonwoven.com\/fr\/wp-json\/wp\/v2\/product_cat?post=3742"},{"taxonomy":"product_tag","embeddable":true,"href":"https:\/\/medposnonwoven.com\/fr\/wp-json\/wp\/v2\/product_tag?post=3742"}],"curies":[{"name":"wp","href":"https:\/\/api.w.org\/{rel}","templated":true}]}}