{"id":3744,"date":"2023-01-18T04:15:05","date_gmt":"2023-01-18T04:15:05","guid":{"rendered":"https:\/\/medposnonwoven.com\/product\/film-extrude-coule-en-pe\/"},"modified":"2023-04-16T07:55:46","modified_gmt":"2023-04-16T07:55:46","slug":"film-extrude-coule-en-pe","status":"publish","type":"product","link":"https:\/\/medposnonwoven.com\/fr\/produit\/film-extrude-coule-en-pe\/","title":{"rendered":"Film extrud\u00e9 coul\u00e9 en PE"},"content":{"rendered":"<ul>\n<li>Le film plastique moul\u00e9 utilise la m\u00e9thode de coextrusion, c&rsquo;est-\u00e0-dire l&rsquo;extrusion simultan\u00e9e de deux mat\u00e9riaux ou plus \u00e0 partir d&rsquo;une seule fili\u00e8re pour cr\u00e9er un film multicouche. En effet, l&rsquo;application finale du film plastique exige souvent une performance qui ne peut \u00eatre atteinte si le film est compos\u00e9 d&rsquo;une seule substance.<\/li>\n<li>Contrairement \u00e0 la m\u00e9thode du film souffl\u00e9, le film utilisant l&rsquo;extrusion coul\u00e9e est extr\u00eamement efficace. Cela permet d&rsquo;acc\u00e9l\u00e9rer la vitesse des cha\u00eenes de production, ce qui se traduit par des taux de production plus \u00e9lev\u00e9s avec des caract\u00e9ristiques optiques am\u00e9lior\u00e9es. Le degr\u00e9 d&rsquo;\u00e9tirement et d&rsquo;alignement dans le processus de film coul\u00e9 est nettement inf\u00e9rieur \u00e0 celui du processus de film souffl\u00e9.<\/li>\n<li>Le polym\u00e8re fondu est extrud\u00e9 via un m\u00e9canisme de fili\u00e8re plate pour former la forme finale du film plat dans le processus d&rsquo;extrusion du film coul\u00e9. Le syst\u00e8me de fili\u00e8re est compos\u00e9 de la fili\u00e8re et du bloc d&rsquo;alimentation (en cas de coextrusion) ou uniquement de la fili\u00e8re en cas d&rsquo;extrusion monocouche.<\/li>\n<\/ul>\n<p>&nbsp;<\/p>\n","protected":false},"excerpt":{"rendered":"<ul>\n<li>Fabriqu\u00e9s \u00e0 partir de poly\u00e9thyl\u00e8ne 100% vierge, les films CPE et TPE peuvent \u00e9galement \u00eatre fabriqu\u00e9s par extrusion. Nos films sont tr\u00e8s performants en termes d&rsquo;\u00e9tanch\u00e9it\u00e9, de souplesse, de r\u00e9sistance \u00e0 la traction et d&rsquo;uniformit\u00e9 d&rsquo;\u00e9paisseur.<\/li>\n<\/ul>\n<p><strong>Application<\/strong><\/p>\n<p>-Produits d&rsquo;hygi\u00e8ne : Film dorsal des couches pour b\u00e9b\u00e9s, des couches pour adultes, des serviettes hygi\u00e9niques, des sous-couches<\/p>\n<p>Produits quotidiens : gants, couvre-chaussures, bonnets, nappes, tabliers, draps de lit, etc.<\/p>\n<p>-Produits de sant\u00e9 : blouses de protection, blouses chirurgicales, blouses d&rsquo;isolement, draps m\u00e9dicaux, combinaisons jetables.<\/p>\n<h4>Caract\u00e9ristiques<\/h4>\n<p>Mat\u00e9riau : Poly\u00e9thyl\u00e8ne PE<\/p>\n<p>Taille : 10-200cm<\/p>\n<p>Couleur : bleu, vert, laiteux ou personnalis\u00e9e<\/p>\n<p>Type : Surface lisse ou gaufr\u00e9e<\/p>\n<p>Emballage : Selon la demande<\/p>\n<p>&nbsp;<\/p>\n","protected":false},"featured_media":3567,"template":"","meta":{"site-sidebar-layout":"default","site-content-layout":"default","ast-site-content-layout":"default","site-content-style":"default","site-sidebar-style":"default","ast-global-header-display":"","ast-banner-title-visibility":"","ast-main-header-display":"","ast-hfb-above-header-display":"","ast-hfb-below-header-display":"","ast-hfb-mobile-header-display":"","site-post-title":"","ast-breadcrumbs-content":"","ast-featured-img":"","footer-sml-layout":"","ast-disable-related-posts":"","theme-transparent-header-meta":"default","adv-header-id-meta":"","stick-header-meta":"","header-above-stick-meta":"","header-main-stick-meta":"","header-below-stick-meta":"","astra-migrate-meta-layouts":"default","ast-page-background-enabled":"default","ast-page-background-meta":{"desktop":{"background-color":"","background-image":"","background-repeat":"repeat","background-position":"center center","background-size":"auto","background-attachment":"scroll","background-type":"","background-media":"","overlay-type":"","overlay-color":"","overlay-opacity":"","overlay-gradient":""},"tablet":{"background-color":"","background-image":"","background-repeat":"repeat","background-position":"center center","background-size":"auto","background-attachment":"scroll","background-type":"","background-media":"","overlay-type":"","overlay-color":"","overlay-opacity":"","overlay-gradient":""},"mobile":{"background-color":"","background-image":"","background-repeat":"repeat","background-position":"center center","background-size":"auto","background-attachment":"scroll","background-type":"","background-media":"","overlay-type":"","overlay-color":"","overlay-opacity":"","overlay-gradient":""}},"ast-content-background-meta":{"desktop":{"background-color":"var(--ast-global-color-5)","background-image":"","background-repeat":"repeat","background-position":"center center","background-size":"auto","background-attachment":"scroll","background-type":"","background-media":"","overlay-type":"","overlay-color":"","overlay-opacity":"","overlay-gradient":""},"tablet":{"background-color":"var(--ast-global-color-5)","background-image":"","background-repeat":"repeat","background-position":"center center","background-size":"auto","background-attachment":"scroll","background-type":"","background-media":"","overlay-type":"","overlay-color":"","overlay-opacity":"","overlay-gradient":""},"mobile":{"background-color":"var(--ast-global-color-5)","background-image":"","background-repeat":"repeat","background-position":"center center","background-size":"auto","background-attachment":"scroll","background-type":"","background-media":"","overlay-type":"","overlay-color":"","overlay-opacity":"","overlay-gradient":""}}},"product_brand":[],"product_cat":[80],"product_tag":[],"class_list":{"0":"post-3744","1":"product","2":"type-product","3":"status-publish","4":"has-post-thumbnail","6":"product_cat-materiaux-de-film-pe","7":"desktop-align-center","8":"tablet-align-left","9":"mobile-align-left","11":"first","12":"instock","13":"shipping-taxable","14":"product-type-simple"},"_links":{"self":[{"href":"https:\/\/medposnonwoven.com\/fr\/wp-json\/wp\/v2\/product\/3744","targetHints":{"allow":["GET"]}}],"collection":[{"href":"https:\/\/medposnonwoven.com\/fr\/wp-json\/wp\/v2\/product"}],"about":[{"href":"https:\/\/medposnonwoven.com\/fr\/wp-json\/wp\/v2\/types\/product"}],"wp:featuredmedia":[{"embeddable":true,"href":"https:\/\/medposnonwoven.com\/fr\/wp-json\/wp\/v2\/media\/3567"}],"wp:attachment":[{"href":"https:\/\/medposnonwoven.com\/fr\/wp-json\/wp\/v2\/media?parent=3744"}],"wp:term":[{"taxonomy":"product_brand","embeddable":true,"href":"https:\/\/medposnonwoven.com\/fr\/wp-json\/wp\/v2\/product_brand?post=3744"},{"taxonomy":"product_cat","embeddable":true,"href":"https:\/\/medposnonwoven.com\/fr\/wp-json\/wp\/v2\/product_cat?post=3744"},{"taxonomy":"product_tag","embeddable":true,"href":"https:\/\/medposnonwoven.com\/fr\/wp-json\/wp\/v2\/product_tag?post=3744"}],"curies":[{"name":"wp","href":"https:\/\/api.w.org\/{rel}","templated":true}]}}