{"id":3745,"date":"2023-01-17T15:08:04","date_gmt":"2023-01-17T15:08:04","guid":{"rendered":"https:\/\/medposnonwoven.com\/product\/blouse-chirurgicale-renforcee\/"},"modified":"2023-04-16T08:04:34","modified_gmt":"2023-04-16T08:04:34","slug":"blouse-chirurgicale-renforcee","status":"publish","type":"product","link":"https:\/\/medposnonwoven.com\/fr\/produit\/blouse-chirurgicale-renforcee\/","title":{"rendered":"Blouse chirurgicale renforc\u00e9e"},"content":{"rendered":"<ul>\n<li>La blouse chirurgicale renforc\u00e9e jetable est un v\u00eatement de protection n\u00e9cessaire pour les proc\u00e9dures chirurgicales afin de r\u00e9duire le risque de contact entre le personnel m\u00e9dical et les micro-organismes pathog\u00e8nes, ainsi que le risque de transmission de micro-organismes pathog\u00e8nes entre le personnel m\u00e9dical et les patients, garantissant ainsi la s\u00e9curit\u00e9 de l&rsquo;op\u00e9ration. La pi\u00e8ce de renfort int\u00e9gr\u00e9e, cousue \u00e0 la fois sur la poitrine et sur les poignets au dos de la blouse, renforce les propri\u00e9t\u00e9s d&rsquo;\u00e9limination des germes et am\u00e9liore la r\u00e9sistance au sang et \u00e0 l&rsquo;alcool.<\/li>\n<li>Utilisant la derni\u00e8re technologie de tissu SMS, la blouse chirurgicale offre une douceur exceptionnelle en termes de l\u00e9g\u00e8ret\u00e9 et de respirabilit\u00e9. L&rsquo;interface thermoscell\u00e9e par ultrasons, sans trous d&rsquo;\u00e9pingle dans l&rsquo;interface, est superbement con\u00e7ue pour fournir un effet de barri\u00e8re efficace.<\/li>\n<\/ul>\n<p>&nbsp;<\/p>\n<p>&nbsp;<\/p>\n","protected":false},"excerpt":{"rendered":"<ul>\n<li>Ces blouses chirurgicales renforc\u00e9es sont plus fiables et plus performantes pour pr\u00e9venir la p\u00e9n\u00e9tration du sang et du corps, par rapport aux blouses chirurgicales standard.<\/li>\n<li>Largement utilis\u00e9 par les chirurgiens lors des interventions chirurgicales \u00e0 l&rsquo;h\u00f4pital et du traitement des patients. tout endroit o\u00f9 une protection est n\u00e9cessaire pour \u00e9viter le sang, les bact\u00e9ries et les virus.<\/li>\n<\/ul>\n<h4>Caract\u00e9ristiques<\/h4>\n<p>Mat\u00e9riau : Polypropyl\u00e8ne SMS\/SMMS\/SSMMS<\/p>\n<p>Taille : 120x140cm, 130x150cm ou sur mesure<\/p>\n<p>Couleur : bleu, vert<\/p>\n<p>Type : Avec attache ou velcro. Emballage st\u00e9rile ou non st\u00e9rile<\/p>\n<p>Emballage : 1 pi\u00e8ce\/sac, 100 sacs\/carton<\/p>\n<p>&nbsp;<\/p>\n<p>&nbsp;<\/p>\n","protected":false},"featured_media":3557,"template":"","meta":{"site-sidebar-layout":"default","site-content-layout":"default","ast-site-content-layout":"default","site-content-style":"default","site-sidebar-style":"default","ast-global-header-display":"","ast-banner-title-visibility":"","ast-main-header-display":"","ast-hfb-above-header-display":"","ast-hfb-below-header-display":"","ast-hfb-mobile-header-display":"","site-post-title":"","ast-breadcrumbs-content":"","ast-featured-img":"","footer-sml-layout":"","ast-disable-related-posts":"","theme-transparent-header-meta":"default","adv-header-id-meta":"","stick-header-meta":"","header-above-stick-meta":"","header-main-stick-meta":"","header-below-stick-meta":"","astra-migrate-meta-layouts":"default","ast-page-background-enabled":"default","ast-page-background-meta":{"desktop":{"background-color":"","background-image":"","background-repeat":"repeat","background-position":"center center","background-size":"auto","background-attachment":"scroll","background-type":"","background-media":"","overlay-type":"","overlay-color":"","overlay-opacity":"","overlay-gradient":""},"tablet":{"background-color":"","background-image":"","background-repeat":"repeat","background-position":"center center","background-size":"auto","background-attachment":"scroll","background-type":"","background-media":"","overlay-type":"","overlay-color":"","overlay-opacity":"","overlay-gradient":""},"mobile":{"background-color":"","background-image":"","background-repeat":"repeat","background-position":"center center","background-size":"auto","background-attachment":"scroll","background-type":"","background-media":"","overlay-type":"","overlay-color":"","overlay-opacity":"","overlay-gradient":""}},"ast-content-background-meta":{"desktop":{"background-color":"var(--ast-global-color-5)","background-image":"","background-repeat":"repeat","background-position":"center center","background-size":"auto","background-attachment":"scroll","background-type":"","background-media":"","overlay-type":"","overlay-color":"","overlay-opacity":"","overlay-gradient":""},"tablet":{"background-color":"var(--ast-global-color-5)","background-image":"","background-repeat":"repeat","background-position":"center center","background-size":"auto","background-attachment":"scroll","background-type":"","background-media":"","overlay-type":"","overlay-color":"","overlay-opacity":"","overlay-gradient":""},"mobile":{"background-color":"var(--ast-global-color-5)","background-image":"","background-repeat":"repeat","background-position":"center center","background-size":"auto","background-attachment":"scroll","background-type":"","background-media":"","overlay-type":"","overlay-color":"","overlay-opacity":"","overlay-gradient":""}}},"product_brand":[],"product_cat":[81],"product_tag":[],"class_list":{"0":"post-3745","1":"product","2":"type-product","3":"status-publish","4":"has-post-thumbnail","6":"product_cat-blouse-et-champs-operatoires","7":"desktop-align-center","8":"tablet-align-left","9":"mobile-align-left","11":"first","12":"instock","13":"shipping-taxable","14":"product-type-simple"},"_links":{"self":[{"href":"https:\/\/medposnonwoven.com\/fr\/wp-json\/wp\/v2\/product\/3745","targetHints":{"allow":["GET"]}}],"collection":[{"href":"https:\/\/medposnonwoven.com\/fr\/wp-json\/wp\/v2\/product"}],"about":[{"href":"https:\/\/medposnonwoven.com\/fr\/wp-json\/wp\/v2\/types\/product"}],"wp:featuredmedia":[{"embeddable":true,"href":"https:\/\/medposnonwoven.com\/fr\/wp-json\/wp\/v2\/media\/3557"}],"wp:attachment":[{"href":"https:\/\/medposnonwoven.com\/fr\/wp-json\/wp\/v2\/media?parent=3745"}],"wp:term":[{"taxonomy":"product_brand","embeddable":true,"href":"https:\/\/medposnonwoven.com\/fr\/wp-json\/wp\/v2\/product_brand?post=3745"},{"taxonomy":"product_cat","embeddable":true,"href":"https:\/\/medposnonwoven.com\/fr\/wp-json\/wp\/v2\/product_cat?post=3745"},{"taxonomy":"product_tag","embeddable":true,"href":"https:\/\/medposnonwoven.com\/fr\/wp-json\/wp\/v2\/product_tag?post=3745"}],"curies":[{"name":"wp","href":"https:\/\/api.w.org\/{rel}","templated":true}]}}