{"id":3746,"date":"2023-01-18T12:54:34","date_gmt":"2023-01-18T12:54:34","guid":{"rendered":"https:\/\/medposnonwoven.com\/product\/tissu-non-tisse-sms\/"},"modified":"2023-04-16T07:51:20","modified_gmt":"2023-04-16T07:51:20","slug":"tissu-non-tisse-sms","status":"publish","type":"product","link":"https:\/\/medposnonwoven.com\/fr\/produit\/tissu-non-tisse-sms\/","title":{"rendered":"Tissu non tiss\u00e9 SMS"},"content":{"rendered":"<ul>\n<li>Le tissu SMS est un tissu composite non tiss\u00e9 compos\u00e9 de trois couches de spunbond-meltblown-spunbon. Gr\u00e2ce au processus composite en ligne, le SMS en une \u00e9tape peut \u00eatre produit en utilisant des \u00e9quipements de filage et de soufflage par fusion sur la m\u00eame ligne de production. Le premier filament de la fili\u00e8re spunbond forme la premi\u00e8re couche de fibres dans la m\u00eame ligne de fabrication, suivi d&rsquo;une deuxi\u00e8me fili\u00e8re spunbond g\u00e9n\u00e9rant une deuxi\u00e8me couche de bandes \u00e0 travers la fili\u00e8re meltblown, et enfin d&rsquo;une troisi\u00e8me fili\u00e8re spunbond formant une troisi\u00e8me couche de bandes. Un laminoir \u00e0 chaud est ensuite utilis\u00e9 pour lier la bande \u00e0 trois couches, et la machine \u00e0 enrouler est ensuite utilis\u00e9e pour cr\u00e9er le tissu non tiss\u00e9 SMS.<\/li>\n<li>Lorsque le SMS est produit, il poss\u00e8de d&rsquo;excellentes propri\u00e9t\u00e9s hydrophobes. C&rsquo;est la raison pour laquelle les producteurs choisissent d&rsquo;utiliser le SMS dans des articles tels que les masques de protection, les serviettes hygi\u00e9niques, les couches pour b\u00e9b\u00e9s et les combinaisons de conciergerie. En outre, il est utilis\u00e9 pour la literie, les chapeaux et d&rsquo;autres articles m\u00e9dicaux. Les SMS peuvent \u00eatre trait\u00e9s avec des substances anti-alcool, anti-sang, anti-huile, anti-statique, anti-bact\u00e9rien, anti-\u00e2ge et autres pour exceller dans une vari\u00e9t\u00e9 d&rsquo;applications.<\/li>\n<\/ul>\n<p>&nbsp;<\/p>\n","protected":false},"excerpt":{"rendered":"<ul>\n<li>Ce tissu Spunmelt est compos\u00e9 \u00e0 100 % de polypropyl\u00e8ne. R\u00e9sistant aux hautes temp\u00e9ratures, antivieillissement, haute \u00e9longation, respirant, r\u00e9sistant \u00e0 la corrosion, insonorisant, antimite, non toxique. Sensation de douceur, respect de l&rsquo;environnement, recyclable. Bonne r\u00e9sistance et bonne \u00e9longation.<\/li>\n<li>Largement utilis\u00e9 pour la m\u00e9decine, l&rsquo;agriculture, l&rsquo;ameublement, les sacs, le mat\u00e9riel d&#8217;emballage, les voitures, les chaussures, les v\u00eatements, le textile de maison, l&rsquo;hygi\u00e8ne, l&rsquo;industrie, etc.<\/li>\n<\/ul>\n<h4>Caract\u00e9ristiques<\/h4>\n<p>Mat\u00e9riau : Polypropyl\u00e8ne<\/p>\n<p>Taille : 10-320cm<\/p>\n<p>Couleur : bleu, vert, blanc<\/p>\n<p>Type : SMS\/SMMS\/SSMMS<\/p>\n<p>Emballage : Selon la demande<\/p>\n<p>&nbsp;<\/p>\n","protected":false},"featured_media":3579,"template":"","meta":{"site-sidebar-layout":"default","site-content-layout":"default","ast-site-content-layout":"default","site-content-style":"default","site-sidebar-style":"default","ast-global-header-display":"","ast-banner-title-visibility":"","ast-main-header-display":"","ast-hfb-above-header-display":"","ast-hfb-below-header-display":"","ast-hfb-mobile-header-display":"","site-post-title":"","ast-breadcrumbs-content":"","ast-featured-img":"","footer-sml-layout":"","ast-disable-related-posts":"","theme-transparent-header-meta":"default","adv-header-id-meta":"","stick-header-meta":"","header-above-stick-meta":"","header-main-stick-meta":"","header-below-stick-meta":"","astra-migrate-meta-layouts":"default","ast-page-background-enabled":"default","ast-page-background-meta":{"desktop":{"background-color":"","background-image":"","background-repeat":"repeat","background-position":"center center","background-size":"auto","background-attachment":"scroll","background-type":"","background-media":"","overlay-type":"","overlay-color":"","overlay-opacity":"","overlay-gradient":""},"tablet":{"background-color":"","background-image":"","background-repeat":"repeat","background-position":"center center","background-size":"auto","background-attachment":"scroll","background-type":"","background-media":"","overlay-type":"","overlay-color":"","overlay-opacity":"","overlay-gradient":""},"mobile":{"background-color":"","background-image":"","background-repeat":"repeat","background-position":"center center","background-size":"auto","background-attachment":"scroll","background-type":"","background-media":"","overlay-type":"","overlay-color":"","overlay-opacity":"","overlay-gradient":""}},"ast-content-background-meta":{"desktop":{"background-color":"var(--ast-global-color-5)","background-image":"","background-repeat":"repeat","background-position":"center center","background-size":"auto","background-attachment":"scroll","background-type":"","background-media":"","overlay-type":"","overlay-color":"","overlay-opacity":"","overlay-gradient":""},"tablet":{"background-color":"var(--ast-global-color-5)","background-image":"","background-repeat":"repeat","background-position":"center center","background-size":"auto","background-attachment":"scroll","background-type":"","background-media":"","overlay-type":"","overlay-color":"","overlay-opacity":"","overlay-gradient":""},"mobile":{"background-color":"var(--ast-global-color-5)","background-image":"","background-repeat":"repeat","background-position":"center center","background-size":"auto","background-attachment":"scroll","background-type":"","background-media":"","overlay-type":"","overlay-color":"","overlay-opacity":"","overlay-gradient":""}}},"product_brand":[],"product_cat":[78],"product_tag":[],"class_list":{"0":"post-3746","1":"product","2":"type-product","3":"status-publish","4":"has-post-thumbnail","6":"product_cat-tissus-non-tisses","7":"desktop-align-center","8":"tablet-align-left","9":"mobile-align-left","11":"first","12":"instock","13":"shipping-taxable","14":"product-type-simple"},"_links":{"self":[{"href":"https:\/\/medposnonwoven.com\/fr\/wp-json\/wp\/v2\/product\/3746","targetHints":{"allow":["GET"]}}],"collection":[{"href":"https:\/\/medposnonwoven.com\/fr\/wp-json\/wp\/v2\/product"}],"about":[{"href":"https:\/\/medposnonwoven.com\/fr\/wp-json\/wp\/v2\/types\/product"}],"wp:featuredmedia":[{"embeddable":true,"href":"https:\/\/medposnonwoven.com\/fr\/wp-json\/wp\/v2\/media\/3579"}],"wp:attachment":[{"href":"https:\/\/medposnonwoven.com\/fr\/wp-json\/wp\/v2\/media?parent=3746"}],"wp:term":[{"taxonomy":"product_brand","embeddable":true,"href":"https:\/\/medposnonwoven.com\/fr\/wp-json\/wp\/v2\/product_brand?post=3746"},{"taxonomy":"product_cat","embeddable":true,"href":"https:\/\/medposnonwoven.com\/fr\/wp-json\/wp\/v2\/product_cat?post=3746"},{"taxonomy":"product_tag","embeddable":true,"href":"https:\/\/medposnonwoven.com\/fr\/wp-json\/wp\/v2\/product_tag?post=3746"}],"curies":[{"name":"wp","href":"https:\/\/api.w.org\/{rel}","templated":true}]}}