{"id":3747,"date":"2023-01-17T16:32:57","date_gmt":"2023-01-17T16:32:57","guid":{"rendered":"https:\/\/medposnonwoven.com\/product\/trousse-chirurgicale-pour-cesarienne\/"},"modified":"2023-04-16T07:57:34","modified_gmt":"2023-04-16T07:57:34","slug":"trousse-chirurgicale-pour-cesarienne","status":"publish","type":"product","link":"https:\/\/medposnonwoven.com\/fr\/produit\/trousse-chirurgicale-pour-cesarienne\/","title":{"rendered":"Trousse chirurgicale pour c\u00e9sarienne"},"content":{"rendered":"<p><strong>Caract\u00e9ristiques :<\/strong><\/p>\n<p>Isolation : isoler les zones contamin\u00e9es des zones d&rsquo;exploitation.<\/p>\n<p>Barri\u00e8re : emp\u00eache la p\u00e9n\u00e9tration des fluides et des microbes.<\/p>\n<p>Contr\u00f4le des fluides : collecte des fluides corporels et des fluides d&rsquo;irrigation<\/p>\n<p>Confortable : gramme l\u00e9ger, doux, respirant.<\/p>\n<p>Doux, non pelucheux, l\u00e9ger, compact, r\u00e9sistant \u00e0 l&rsquo;humidit\u00e9, non irritant et sans \u00e9lectricit\u00e9 statique<\/p>\n<p>&nbsp;<\/p>\n<p><strong>Sp\u00e9cifications :<\/strong><\/p>\n<ol>\n<li>Blouse chirurgicale renforc\u00e9e 3pcs L<\/li>\n<li>Champ de c\u00e9sarienne 1 pi\u00e8ce 240\u00d7300\u00d7195cm<\/li>\n<li>Housse pour support Mayo 1pc 145\u00d776cm<\/li>\n<li>Housse de table arri\u00e8re 1pc 140\u00d7190cm<\/li>\n<li>Couverture pour b\u00e9b\u00e9 1pc 60x90cm<\/li>\n<li>Serviette de toilette 4pcs 30\u00d740cm<\/li>\n<\/ol>\n<p>&nbsp;<\/p>\n","protected":false},"excerpt":{"rendered":"<ul>\n<li>La trousse chirurgicale pour c\u00e9sarienne est une solution personnalis\u00e9e pour les op\u00e9rations hospitali\u00e8res. Ils sont emball\u00e9s de mani\u00e8re st\u00e9rile afin de gagner du temps et de r\u00e9duire les co\u00fbts d&rsquo;installation de la salle d&rsquo;op\u00e9ration. Chaque paquet de drap de c\u00e9sarienne contient un drap chirurgical de c\u00e9sarienne, une blouse chirurgicale renforc\u00e9e, une couverture de table arri\u00e8re, une couverture de stand de mayo, etc.<\/li>\n<\/ul>\n<h4>Caract\u00e9ristiques<\/h4>\n<p>Mat\u00e9riau : SMS, SSMMS, SMMMS, PE+SMS, PE+PPP hydrophile, PE+Viscose<\/p>\n<p>Taille : Comme indiqu\u00e9 ci-dessous<\/p>\n<p>Couleur : bleu, vert<\/p>\n<p>Type : Consommables m\u00e9dicaux<\/p>\n<p>Emballage : 1pc\/paquet, 10paquets\/carton<\/p>\n<p>&nbsp;<\/p>\n","protected":false},"featured_media":3564,"template":"","meta":{"site-sidebar-layout":"default","site-content-layout":"default","ast-site-content-layout":"default","site-content-style":"default","site-sidebar-style":"default","ast-global-header-display":"","ast-banner-title-visibility":"","ast-main-header-display":"","ast-hfb-above-header-display":"","ast-hfb-below-header-display":"","ast-hfb-mobile-header-display":"","site-post-title":"","ast-breadcrumbs-content":"","ast-featured-img":"","footer-sml-layout":"","ast-disable-related-posts":"","theme-transparent-header-meta":"default","adv-header-id-meta":"","stick-header-meta":"","header-above-stick-meta":"","header-main-stick-meta":"","header-below-stick-meta":"","astra-migrate-meta-layouts":"default","ast-page-background-enabled":"default","ast-page-background-meta":{"desktop":{"background-color":"","background-image":"","background-repeat":"repeat","background-position":"center center","background-size":"auto","background-attachment":"scroll","background-type":"","background-media":"","overlay-type":"","overlay-color":"","overlay-opacity":"","overlay-gradient":""},"tablet":{"background-color":"","background-image":"","background-repeat":"repeat","background-position":"center center","background-size":"auto","background-attachment":"scroll","background-type":"","background-media":"","overlay-type":"","overlay-color":"","overlay-opacity":"","overlay-gradient":""},"mobile":{"background-color":"","background-image":"","background-repeat":"repeat","background-position":"center center","background-size":"auto","background-attachment":"scroll","background-type":"","background-media":"","overlay-type":"","overlay-color":"","overlay-opacity":"","overlay-gradient":""}},"ast-content-background-meta":{"desktop":{"background-color":"var(--ast-global-color-5)","background-image":"","background-repeat":"repeat","background-position":"center center","background-size":"auto","background-attachment":"scroll","background-type":"","background-media":"","overlay-type":"","overlay-color":"","overlay-opacity":"","overlay-gradient":""},"tablet":{"background-color":"var(--ast-global-color-5)","background-image":"","background-repeat":"repeat","background-position":"center center","background-size":"auto","background-attachment":"scroll","background-type":"","background-media":"","overlay-type":"","overlay-color":"","overlay-opacity":"","overlay-gradient":""},"mobile":{"background-color":"var(--ast-global-color-5)","background-image":"","background-repeat":"repeat","background-position":"center center","background-size":"auto","background-attachment":"scroll","background-type":"","background-media":"","overlay-type":"","overlay-color":"","overlay-opacity":"","overlay-gradient":""}}},"product_brand":[],"product_cat":[81],"product_tag":[],"class_list":{"0":"post-3747","1":"product","2":"type-product","3":"status-publish","4":"has-post-thumbnail","6":"product_cat-blouse-et-champs-operatoires","7":"desktop-align-center","8":"tablet-align-left","9":"mobile-align-left","11":"first","12":"instock","13":"shipping-taxable","14":"product-type-simple"},"_links":{"self":[{"href":"https:\/\/medposnonwoven.com\/fr\/wp-json\/wp\/v2\/product\/3747","targetHints":{"allow":["GET"]}}],"collection":[{"href":"https:\/\/medposnonwoven.com\/fr\/wp-json\/wp\/v2\/product"}],"about":[{"href":"https:\/\/medposnonwoven.com\/fr\/wp-json\/wp\/v2\/types\/product"}],"wp:featuredmedia":[{"embeddable":true,"href":"https:\/\/medposnonwoven.com\/fr\/wp-json\/wp\/v2\/media\/3564"}],"wp:attachment":[{"href":"https:\/\/medposnonwoven.com\/fr\/wp-json\/wp\/v2\/media?parent=3747"}],"wp:term":[{"taxonomy":"product_brand","embeddable":true,"href":"https:\/\/medposnonwoven.com\/fr\/wp-json\/wp\/v2\/product_brand?post=3747"},{"taxonomy":"product_cat","embeddable":true,"href":"https:\/\/medposnonwoven.com\/fr\/wp-json\/wp\/v2\/product_cat?post=3747"},{"taxonomy":"product_tag","embeddable":true,"href":"https:\/\/medposnonwoven.com\/fr\/wp-json\/wp\/v2\/product_tag?post=3747"}],"curies":[{"name":"wp","href":"https:\/\/api.w.org\/{rel}","templated":true}]}}