{"id":3748,"date":"2023-01-17T14:22:55","date_gmt":"2023-01-17T14:22:55","guid":{"rendered":"https:\/\/medposnonwoven.com\/product\/blouse-chirurgicale-a-usage-unique\/"},"modified":"2023-04-16T08:07:47","modified_gmt":"2023-04-16T08:07:47","slug":"blouse-chirurgicale-a-usage-unique","status":"publish","type":"product","link":"https:\/\/medposnonwoven.com\/fr\/produit\/blouse-chirurgicale-a-usage-unique\/","title":{"rendered":"Blouse chirurgicale \u00e0 usage unique"},"content":{"rendered":"<ul>\n<li>Les blouses chirurgicales doivent faire l&rsquo;objet d&rsquo;une notification pr\u00e9alable 501(k) ou r\u00e9pondre \u00e0 la norme EN13795 puisqu&rsquo;elles sont class\u00e9es comme \u00e9quipement m\u00e9dical de classe II. Ces blouses m\u00e9dicales de protection doivent r\u00e9pondre \u00e0 des normes de qualit\u00e9 tr\u00e8s \u00e9lev\u00e9es, car elles sont soumises \u00e0 la r\u00e9glementation de la FDA aux \u00c9tats-Unis. Tout professionnel de la sant\u00e9 pratiquant une intervention chirurgicale devrait en porter un afin de se prot\u00e9ger et de prot\u00e9ger le patient contre la propagation de bact\u00e9ries pathog\u00e8nes, de fluides corporels et d&rsquo;autres \u00e9l\u00e9ments potentiellement dangereux.<\/li>\n<li>Les blouses chirurgicales peuvent \u00eatre fabriqu\u00e9es avec ou sans renfort. Les blouses chirurgicales sans renforts sont moins fiables et sont con\u00e7ues pour des op\u00e9rations avec un contact faible \u00e0 mod\u00e9r\u00e9 avec les fluides. Pour les op\u00e9rations chirurgicales plus invasives et plus exigeantes, les blouses chirurgicales renforc\u00e9es offrent une protection accrue \u00e0 certains endroits cruciaux.<\/li>\n<li>Des \u00e9paules aux genoux et aux poignets, les blouses chirurgicales couvrent et font office de barri\u00e8re pour ces zones sensibles. En r\u00e8gle g\u00e9n\u00e9rale, les blouses chirurgicales sont fabriqu\u00e9es \u00e0 l&rsquo;aide de manches encastr\u00e9es ou de manches raglan. Il existe des blouses chirurgicales avec ou sans serviettes.<\/li>\n<li>Le SMS est le principal tissu utilis\u00e9 dans les blouses jetables ; il est doux, confortable et respirant pour les cliniciens. Deux couches de polypropyl\u00e8ne fondu-souffl\u00e9 cr\u00e9ent une barri\u00e8re microbiologique sup\u00e9rieure, tandis que trois couches de polypropyl\u00e8ne fil\u00e9-li\u00e9 garantissent une flexibilit\u00e9 et une drapabilit\u00e9 exceptionnelles, une grande r\u00e9sistance \u00e0 l&rsquo;abrasion et un toucher semblable \u00e0 celui d&rsquo;un tissu.<\/li>\n<\/ul>\n<p>&nbsp;<\/p>\n","protected":false},"excerpt":{"rendered":"<ul>\n<li>Ces blouses chirurgicales peuvent prot\u00e9ger efficacement les chirurgiens contre les infections. C&rsquo;est le choix optimal dans les h\u00f4pitaux et les cliniques pour la chirurgie des patients et l&rsquo;isolation des fluides.<\/li>\n<li>Largement utilis\u00e9 par les chirurgiens lors des interventions chirurgicales \u00e0 l&rsquo;h\u00f4pital et du traitement des patients. tout endroit o\u00f9 une protection est n\u00e9cessaire pour \u00e9viter le sang, les bact\u00e9ries et les virus.<\/li>\n<\/ul>\n<h4>Caract\u00e9ristiques<\/h4>\n<p>Mat\u00e9riau : Polypropyl\u00e8ne SMS\/SMMS\/SSMMS<\/p>\n<p>Taille : 120x140cm, 130x150cm ou sur mesure<\/p>\n<p>Couleur : bleu, vert<\/p>\n<p>Type : Avec attache ou velcro. Emballage st\u00e9rile ou non st\u00e9rile<\/p>\n<p>Emballage : 1 pi\u00e8ce\/sac, 100 sacs\/carton<\/p>\n<p>&nbsp;<\/p>\n","protected":false},"featured_media":3552,"template":"","meta":{"site-sidebar-layout":"default","site-content-layout":"default","ast-site-content-layout":"default","site-content-style":"default","site-sidebar-style":"default","ast-global-header-display":"","ast-banner-title-visibility":"","ast-main-header-display":"","ast-hfb-above-header-display":"","ast-hfb-below-header-display":"","ast-hfb-mobile-header-display":"","site-post-title":"","ast-breadcrumbs-content":"","ast-featured-img":"","footer-sml-layout":"","ast-disable-related-posts":"","theme-transparent-header-meta":"default","adv-header-id-meta":"","stick-header-meta":"","header-above-stick-meta":"","header-main-stick-meta":"","header-below-stick-meta":"","astra-migrate-meta-layouts":"default","ast-page-background-enabled":"default","ast-page-background-meta":{"desktop":{"background-color":"","background-image":"","background-repeat":"repeat","background-position":"center center","background-size":"auto","background-attachment":"scroll","background-type":"","background-media":"","overlay-type":"","overlay-color":"","overlay-opacity":"","overlay-gradient":""},"tablet":{"background-color":"","background-image":"","background-repeat":"repeat","background-position":"center center","background-size":"auto","background-attachment":"scroll","background-type":"","background-media":"","overlay-type":"","overlay-color":"","overlay-opacity":"","overlay-gradient":""},"mobile":{"background-color":"","background-image":"","background-repeat":"repeat","background-position":"center center","background-size":"auto","background-attachment":"scroll","background-type":"","background-media":"","overlay-type":"","overlay-color":"","overlay-opacity":"","overlay-gradient":""}},"ast-content-background-meta":{"desktop":{"background-color":"var(--ast-global-color-5)","background-image":"","background-repeat":"repeat","background-position":"center center","background-size":"auto","background-attachment":"scroll","background-type":"","background-media":"","overlay-type":"","overlay-color":"","overlay-opacity":"","overlay-gradient":""},"tablet":{"background-color":"var(--ast-global-color-5)","background-image":"","background-repeat":"repeat","background-position":"center center","background-size":"auto","background-attachment":"scroll","background-type":"","background-media":"","overlay-type":"","overlay-color":"","overlay-opacity":"","overlay-gradient":""},"mobile":{"background-color":"var(--ast-global-color-5)","background-image":"","background-repeat":"repeat","background-position":"center center","background-size":"auto","background-attachment":"scroll","background-type":"","background-media":"","overlay-type":"","overlay-color":"","overlay-opacity":"","overlay-gradient":""}}},"product_brand":[],"product_cat":[81],"product_tag":[],"class_list":{"0":"post-3748","1":"product","2":"type-product","3":"status-publish","4":"has-post-thumbnail","6":"product_cat-blouse-et-champs-operatoires","7":"desktop-align-center","8":"tablet-align-left","9":"mobile-align-left","11":"first","12":"instock","13":"shipping-taxable","14":"product-type-simple"},"_links":{"self":[{"href":"https:\/\/medposnonwoven.com\/fr\/wp-json\/wp\/v2\/product\/3748","targetHints":{"allow":["GET"]}}],"collection":[{"href":"https:\/\/medposnonwoven.com\/fr\/wp-json\/wp\/v2\/product"}],"about":[{"href":"https:\/\/medposnonwoven.com\/fr\/wp-json\/wp\/v2\/types\/product"}],"wp:featuredmedia":[{"embeddable":true,"href":"https:\/\/medposnonwoven.com\/fr\/wp-json\/wp\/v2\/media\/3552"}],"wp:attachment":[{"href":"https:\/\/medposnonwoven.com\/fr\/wp-json\/wp\/v2\/media?parent=3748"}],"wp:term":[{"taxonomy":"product_brand","embeddable":true,"href":"https:\/\/medposnonwoven.com\/fr\/wp-json\/wp\/v2\/product_brand?post=3748"},{"taxonomy":"product_cat","embeddable":true,"href":"https:\/\/medposnonwoven.com\/fr\/wp-json\/wp\/v2\/product_cat?post=3748"},{"taxonomy":"product_tag","embeddable":true,"href":"https:\/\/medposnonwoven.com\/fr\/wp-json\/wp\/v2\/product_tag?post=3748"}],"curies":[{"name":"wp","href":"https:\/\/api.w.org\/{rel}","templated":true}]}}