{"id":3749,"date":"2023-01-18T09:51:40","date_gmt":"2023-01-18T09:51:40","guid":{"rendered":"https:\/\/medposnonwoven.com\/product\/tissu-non-tisse-file-lie\/"},"modified":"2023-04-16T07:53:02","modified_gmt":"2023-04-16T07:53:02","slug":"tissu-non-tisse-file-lie","status":"publish","type":"product","link":"https:\/\/medposnonwoven.com\/fr\/produit\/tissu-non-tisse-file-lie\/","title":{"rendered":"Tissu non tiss\u00e9 fil\u00e9-li\u00e9"},"content":{"rendered":"<ul>\n<li>Les tissus non tiss\u00e9s fil\u00e9s sont cr\u00e9\u00e9s par le processus continu de filage des fibres, qui sont ensuite guid\u00e9es par des courants d&rsquo;air ou imm\u00e9diatement dispers\u00e9es dans une structure en forme de toile. Le r\u00e9sultat de cette technique est une vitesse de bande plus rapide. Ils sont souvent cr\u00e9\u00e9s sous forme de feuilles ou de bandes qui sont reli\u00e9es par des fibres ou des filaments enchev\u00eatr\u00e9s \u00e0 l&rsquo;aide de traitements thermiques ou chimiques, en fonction des sp\u00e9cifications du fabricant ou du fournisseur de tissu fil\u00e9-li\u00e9.<\/li>\n<li>Le tissu de polypropyl\u00e8ne non tiss\u00e9 est fabriqu\u00e9 \u00e0 partir de polym\u00e8res thermoplastiques tels que le PP ou le polypropyl\u00e8ne, mais il est con\u00e7u pour ressembler \u00e0 un tissu non tiss\u00e9. Il est principalement utilis\u00e9 dans les sacs non tiss\u00e9s, les doublures, les combinaisons pour le personnel de sant\u00e9, les masques, les filtres, etc. Il est de plus en plus appr\u00e9ci\u00e9 dans les secteurs de la mode et des soins de sant\u00e9.<\/li>\n<\/ul>\n<p>&nbsp;<\/p>\n","protected":false},"excerpt":{"rendered":"<ul>\n<li>Ce Spunbond est compos\u00e9 \u00e0 100% de polypropyl\u00e8ne. R\u00e9sistant aux hautes temp\u00e9ratures, antivieillissement, haute \u00e9longation, respirant, r\u00e9sistant \u00e0 la corrosion, insonorisant, antimite, non toxique. Sensation de douceur, respect de l&rsquo;environnement, recyclage, respirabilit\u00e9. Bonne r\u00e9sistance et bonne \u00e9longation.<\/li>\n<li>Largement utilis\u00e9 pour l&rsquo;agriculture, l&rsquo;ameublement, les sacs, les mat\u00e9riaux d&#8217;emballage, les voitures, les chaussures, les v\u00eatements, les textiles de maison, les h\u00f4pitaux, l&rsquo;hygi\u00e8ne, l&rsquo;industrie, etc.<\/li>\n<\/ul>\n<h4>Caract\u00e9ristiques<\/h4>\n<p>Mat\u00e9riau : Polypropyl\u00e8ne<\/p>\n<p>Taille : 10-320cm<\/p>\n<p>Couleur : bleu, vert, blanc<\/p>\n<p>Type:S\/SS\/SSS, hydrophile ou hydrophobe<\/p>\n<p>Emballage : Selon la demande<\/p>\n<p>&nbsp;<\/p>\n","protected":false},"featured_media":3575,"template":"","meta":{"site-sidebar-layout":"default","site-content-layout":"default","ast-site-content-layout":"default","site-content-style":"default","site-sidebar-style":"default","ast-global-header-display":"","ast-banner-title-visibility":"","ast-main-header-display":"","ast-hfb-above-header-display":"","ast-hfb-below-header-display":"","ast-hfb-mobile-header-display":"","site-post-title":"","ast-breadcrumbs-content":"","ast-featured-img":"","footer-sml-layout":"","ast-disable-related-posts":"","theme-transparent-header-meta":"default","adv-header-id-meta":"","stick-header-meta":"","header-above-stick-meta":"","header-main-stick-meta":"","header-below-stick-meta":"","astra-migrate-meta-layouts":"default","ast-page-background-enabled":"default","ast-page-background-meta":{"desktop":{"background-color":"","background-image":"","background-repeat":"repeat","background-position":"center center","background-size":"auto","background-attachment":"scroll","background-type":"","background-media":"","overlay-type":"","overlay-color":"","overlay-opacity":"","overlay-gradient":""},"tablet":{"background-color":"","background-image":"","background-repeat":"repeat","background-position":"center center","background-size":"auto","background-attachment":"scroll","background-type":"","background-media":"","overlay-type":"","overlay-color":"","overlay-opacity":"","overlay-gradient":""},"mobile":{"background-color":"","background-image":"","background-repeat":"repeat","background-position":"center center","background-size":"auto","background-attachment":"scroll","background-type":"","background-media":"","overlay-type":"","overlay-color":"","overlay-opacity":"","overlay-gradient":""}},"ast-content-background-meta":{"desktop":{"background-color":"var(--ast-global-color-5)","background-image":"","background-repeat":"repeat","background-position":"center center","background-size":"auto","background-attachment":"scroll","background-type":"","background-media":"","overlay-type":"","overlay-color":"","overlay-opacity":"","overlay-gradient":""},"tablet":{"background-color":"var(--ast-global-color-5)","background-image":"","background-repeat":"repeat","background-position":"center center","background-size":"auto","background-attachment":"scroll","background-type":"","background-media":"","overlay-type":"","overlay-color":"","overlay-opacity":"","overlay-gradient":""},"mobile":{"background-color":"var(--ast-global-color-5)","background-image":"","background-repeat":"repeat","background-position":"center center","background-size":"auto","background-attachment":"scroll","background-type":"","background-media":"","overlay-type":"","overlay-color":"","overlay-opacity":"","overlay-gradient":""}}},"product_brand":[],"product_cat":[78],"product_tag":[],"class_list":{"0":"post-3749","1":"product","2":"type-product","3":"status-publish","4":"has-post-thumbnail","6":"product_cat-tissus-non-tisses","7":"desktop-align-center","8":"tablet-align-left","9":"mobile-align-left","11":"first","12":"instock","13":"shipping-taxable","14":"product-type-simple"},"_links":{"self":[{"href":"https:\/\/medposnonwoven.com\/fr\/wp-json\/wp\/v2\/product\/3749","targetHints":{"allow":["GET"]}}],"collection":[{"href":"https:\/\/medposnonwoven.com\/fr\/wp-json\/wp\/v2\/product"}],"about":[{"href":"https:\/\/medposnonwoven.com\/fr\/wp-json\/wp\/v2\/types\/product"}],"wp:featuredmedia":[{"embeddable":true,"href":"https:\/\/medposnonwoven.com\/fr\/wp-json\/wp\/v2\/media\/3575"}],"wp:attachment":[{"href":"https:\/\/medposnonwoven.com\/fr\/wp-json\/wp\/v2\/media?parent=3749"}],"wp:term":[{"taxonomy":"product_brand","embeddable":true,"href":"https:\/\/medposnonwoven.com\/fr\/wp-json\/wp\/v2\/product_brand?post=3749"},{"taxonomy":"product_cat","embeddable":true,"href":"https:\/\/medposnonwoven.com\/fr\/wp-json\/wp\/v2\/product_cat?post=3749"},{"taxonomy":"product_tag","embeddable":true,"href":"https:\/\/medposnonwoven.com\/fr\/wp-json\/wp\/v2\/product_tag?post=3749"}],"curies":[{"name":"wp","href":"https:\/\/api.w.org\/{rel}","templated":true}]}}