{"id":3750,"date":"2023-01-17T16:07:42","date_gmt":"2023-01-17T16:07:42","guid":{"rendered":"https:\/\/medposnonwoven.com\/product\/trousse-chirurgicale-universelle\/"},"modified":"2023-04-16T07:59:29","modified_gmt":"2023-04-16T07:59:29","slug":"trousse-chirurgicale-universelle","status":"publish","type":"product","link":"https:\/\/medposnonwoven.com\/fr\/produit\/trousse-chirurgicale-universelle\/","title":{"rendered":"Trousse chirurgicale universelle"},"content":{"rendered":"<p><strong>Caract\u00e9ristiques :<\/strong><\/p>\n<p>1) La capacit\u00e9 d&rsquo;absorber tous les d\u00e9chets de l&rsquo;intervention du patient en une seule fois \u00e9limine efficacement la contamination crois\u00e9e.<\/p>\n<p>2. les blouses et champs op\u00e9ratoires fabriqu\u00e9s \u00e0 partir de mat\u00e9riaux de haute qualit\u00e9 sont extr\u00eamement absorbants et r\u00e9sistants \u00e0 la contamination, et les blouses respirantes permettent au chirurgien de se sentir \u00e0 l&rsquo;aise.<\/p>\n<p>3. il absorbe rapidement le sang et les autres liquides qui apparaissent apr\u00e8s l&rsquo;op\u00e9ration, ce qui permet au chirurgien d&rsquo;avoir une vue claire et facilite l&rsquo;op\u00e9ration.<\/p>\n<p>4. emballage st\u00e9rile et s\u00fbr de la trousse chirurgicale jetable, valable pendant trois ans.<\/p>\n<p><strong>Sp\u00e9cifications :<\/strong><\/p>\n<ol>\n<li>Blouse chirurgicale renforc\u00e9e 2pcs L<\/li>\n<li>Drapeaux lat\u00e9raux adh\u00e9sifs 2pcs 75\u00d790cm<\/li>\n<li>Drap de fond adh\u00e9sif 1pc 150\u00d7180cm<\/li>\n<li>Drap\u00e9 sup\u00e9rieur adh\u00e9sif 1pc 150\u00d7240cm<\/li>\n<li>Housse pour support Mayo 1pc 145\u00d775cm<\/li>\n<li>Housse de table arri\u00e8re 1pc 140\u00d7190cm<\/li>\n<li>Serviette de toilette 4pcs 30\u00d740cm<\/li>\n<\/ol>\n<p>&nbsp;<\/p>\n<p>&nbsp;<\/p>\n","protected":false},"excerpt":{"rendered":"<ul>\n<li>La trousse chirurgicale universelle est une solution personnalis\u00e9e pour les op\u00e9rations hospitali\u00e8res. Ils sont emball\u00e9s de mani\u00e8re st\u00e9rile afin de gagner du temps et de r\u00e9duire les co\u00fbts d&rsquo;installation de la salle d&rsquo;op\u00e9ration. Chaque paquet st\u00e9rile g\u00e9n\u00e9ral jetable contient une blouse chirurgicale renforc\u00e9e, une couverture de table arri\u00e8re, un drap lat\u00e9ral adh\u00e9sif, un emballage, etc.<\/li>\n<\/ul>\n<h4>Caract\u00e9ristiques<\/h4>\n<p>Mat\u00e9riau : SMS, SSMMS, SMMMS, PE+SMS, PE+PPP hydrophile, PE+Viscose<\/p>\n<p>Taille : Comme indiqu\u00e9 ci-dessous<\/p>\n<p>Couleur : bleu, vert<\/p>\n<p>Type : Consommables m\u00e9dicaux<\/p>\n<p>Emballage : 1pc\/paquet, 10paquets\/carton<\/p>\n<p>&nbsp;<\/p>\n<p>&nbsp;<\/p>\n","protected":false},"featured_media":3562,"template":"","meta":{"site-sidebar-layout":"default","site-content-layout":"default","ast-site-content-layout":"default","site-content-style":"default","site-sidebar-style":"default","ast-global-header-display":"","ast-banner-title-visibility":"","ast-main-header-display":"","ast-hfb-above-header-display":"","ast-hfb-below-header-display":"","ast-hfb-mobile-header-display":"","site-post-title":"","ast-breadcrumbs-content":"","ast-featured-img":"","footer-sml-layout":"","ast-disable-related-posts":"","theme-transparent-header-meta":"default","adv-header-id-meta":"","stick-header-meta":"","header-above-stick-meta":"","header-main-stick-meta":"","header-below-stick-meta":"","astra-migrate-meta-layouts":"default","ast-page-background-enabled":"default","ast-page-background-meta":{"desktop":{"background-color":"","background-image":"","background-repeat":"repeat","background-position":"center center","background-size":"auto","background-attachment":"scroll","background-type":"","background-media":"","overlay-type":"","overlay-color":"","overlay-opacity":"","overlay-gradient":""},"tablet":{"background-color":"","background-image":"","background-repeat":"repeat","background-position":"center center","background-size":"auto","background-attachment":"scroll","background-type":"","background-media":"","overlay-type":"","overlay-color":"","overlay-opacity":"","overlay-gradient":""},"mobile":{"background-color":"","background-image":"","background-repeat":"repeat","background-position":"center center","background-size":"auto","background-attachment":"scroll","background-type":"","background-media":"","overlay-type":"","overlay-color":"","overlay-opacity":"","overlay-gradient":""}},"ast-content-background-meta":{"desktop":{"background-color":"var(--ast-global-color-5)","background-image":"","background-repeat":"repeat","background-position":"center center","background-size":"auto","background-attachment":"scroll","background-type":"","background-media":"","overlay-type":"","overlay-color":"","overlay-opacity":"","overlay-gradient":""},"tablet":{"background-color":"var(--ast-global-color-5)","background-image":"","background-repeat":"repeat","background-position":"center center","background-size":"auto","background-attachment":"scroll","background-type":"","background-media":"","overlay-type":"","overlay-color":"","overlay-opacity":"","overlay-gradient":""},"mobile":{"background-color":"var(--ast-global-color-5)","background-image":"","background-repeat":"repeat","background-position":"center center","background-size":"auto","background-attachment":"scroll","background-type":"","background-media":"","overlay-type":"","overlay-color":"","overlay-opacity":"","overlay-gradient":""}}},"product_brand":[],"product_cat":[81],"product_tag":[],"class_list":{"0":"post-3750","1":"product","2":"type-product","3":"status-publish","4":"has-post-thumbnail","6":"product_cat-blouse-et-champs-operatoires","7":"desktop-align-center","8":"tablet-align-left","9":"mobile-align-left","11":"first","12":"instock","13":"shipping-taxable","14":"product-type-simple"},"_links":{"self":[{"href":"https:\/\/medposnonwoven.com\/fr\/wp-json\/wp\/v2\/product\/3750","targetHints":{"allow":["GET"]}}],"collection":[{"href":"https:\/\/medposnonwoven.com\/fr\/wp-json\/wp\/v2\/product"}],"about":[{"href":"https:\/\/medposnonwoven.com\/fr\/wp-json\/wp\/v2\/types\/product"}],"wp:featuredmedia":[{"embeddable":true,"href":"https:\/\/medposnonwoven.com\/fr\/wp-json\/wp\/v2\/media\/3562"}],"wp:attachment":[{"href":"https:\/\/medposnonwoven.com\/fr\/wp-json\/wp\/v2\/media?parent=3750"}],"wp:term":[{"taxonomy":"product_brand","embeddable":true,"href":"https:\/\/medposnonwoven.com\/fr\/wp-json\/wp\/v2\/product_brand?post=3750"},{"taxonomy":"product_cat","embeddable":true,"href":"https:\/\/medposnonwoven.com\/fr\/wp-json\/wp\/v2\/product_cat?post=3750"},{"taxonomy":"product_tag","embeddable":true,"href":"https:\/\/medposnonwoven.com\/fr\/wp-json\/wp\/v2\/product_tag?post=3750"}],"curies":[{"name":"wp","href":"https:\/\/api.w.org\/{rel}","templated":true}]}}