{"id":3751,"date":"2023-01-16T17:08:49","date_gmt":"2023-01-16T17:08:49","guid":{"rendered":"https:\/\/medposnonwoven.com\/product\/linge-de-pedicure-jetable\/"},"modified":"2023-04-16T08:09:33","modified_gmt":"2023-04-16T08:09:33","slug":"linge-de-pedicure-jetable","status":"publish","type":"product","link":"https:\/\/medposnonwoven.com\/fr\/produit\/linge-de-pedicure-jetable\/","title":{"rendered":"Linge de p\u00e9dicure jetable"},"content":{"rendered":"<p>Une m\u00e9thode rapide et efficace pour obtenir une p\u00e9dicure propre. Il n&rsquo;est pas n\u00e9cessaire de nettoyer ou de frotter gr\u00e2ce aux doublures jetables \u00e0 usage unique. Ces rev\u00eatements r\u00e9duisent le risque de sensibilit\u00e9 de la peau ou d&rsquo;\u00e9ruptions cutan\u00e9es provoqu\u00e9es par les produits chimiques utilis\u00e9s pour nettoyer les baignoires de p\u00e9dicure entre deux clients. Ils sont faciles \u00e0 conserver, \u00e0 jeter et pour nos clients soucieux de l&rsquo;environnement.<\/p>\n","protected":false},"excerpt":{"rendered":"<ul>\n<li>Les doublures de bain jetables sont compos\u00e9es d&rsquo;un mat\u00e9riau PE transparent, \u00e9pais et de premi\u00e8re qualit\u00e9, qui ne fuit pas et ne d\u00e9gage pas d&rsquo;odeurs, qui est extr\u00eamement durable pour les volumes importants et qui r\u00e9siste aux temp\u00e9ratures \u00e9lev\u00e9es.<\/li>\n<li>Largement utilis\u00e9 par les professionnels et les consommateurs pour la p\u00e9dicure spa et la p\u00e9dicure massage dans les salons, les spas, les voyages et \u00e0 la maison.<\/li>\n<\/ul>\n<h4>Caract\u00e9ristiques<\/h4>\n<p>Mat\u00e9riau : Poly\u00e9thyl\u00e8ne PE<\/p>\n<p>Taille : 122x122cm ou personnalis\u00e9e<\/p>\n<p>Couleur : transparent, bleu<\/p>\n<p>Type:Jetable, Durable, Sanitaire<\/p>\n<p>Emballage : 100 pi\u00e8ces\/sac, 10 sacs\/carton<\/p>\n<p>&nbsp;<\/p>\n","protected":false},"featured_media":3550,"template":"","meta":{"site-sidebar-layout":"default","site-content-layout":"default","ast-site-content-layout":"default","site-content-style":"default","site-sidebar-style":"default","ast-global-header-display":"","ast-banner-title-visibility":"","ast-main-header-display":"","ast-hfb-above-header-display":"","ast-hfb-below-header-display":"","ast-hfb-mobile-header-display":"","site-post-title":"","ast-breadcrumbs-content":"","ast-featured-img":"","footer-sml-layout":"","ast-disable-related-posts":"","theme-transparent-header-meta":"default","adv-header-id-meta":"","stick-header-meta":"","header-above-stick-meta":"","header-main-stick-meta":"","header-below-stick-meta":"","astra-migrate-meta-layouts":"default","ast-page-background-enabled":"default","ast-page-background-meta":{"desktop":{"background-color":"","background-image":"","background-repeat":"repeat","background-position":"center center","background-size":"auto","background-attachment":"scroll","background-type":"","background-media":"","overlay-type":"","overlay-color":"","overlay-opacity":"","overlay-gradient":""},"tablet":{"background-color":"","background-image":"","background-repeat":"repeat","background-position":"center center","background-size":"auto","background-attachment":"scroll","background-type":"","background-media":"","overlay-type":"","overlay-color":"","overlay-opacity":"","overlay-gradient":""},"mobile":{"background-color":"","background-image":"","background-repeat":"repeat","background-position":"center center","background-size":"auto","background-attachment":"scroll","background-type":"","background-media":"","overlay-type":"","overlay-color":"","overlay-opacity":"","overlay-gradient":""}},"ast-content-background-meta":{"desktop":{"background-color":"var(--ast-global-color-5)","background-image":"","background-repeat":"repeat","background-position":"center center","background-size":"auto","background-attachment":"scroll","background-type":"","background-media":"","overlay-type":"","overlay-color":"","overlay-opacity":"","overlay-gradient":""},"tablet":{"background-color":"var(--ast-global-color-5)","background-image":"","background-repeat":"repeat","background-position":"center center","background-size":"auto","background-attachment":"scroll","background-type":"","background-media":"","overlay-type":"","overlay-color":"","overlay-opacity":"","overlay-gradient":""},"mobile":{"background-color":"var(--ast-global-color-5)","background-image":"","background-repeat":"repeat","background-position":"center center","background-size":"auto","background-attachment":"scroll","background-type":"","background-media":"","overlay-type":"","overlay-color":"","overlay-opacity":"","overlay-gradient":""}}},"product_brand":[],"product_cat":[79],"product_tag":[],"class_list":{"0":"post-3751","1":"product","2":"type-product","3":"status-publish","4":"has-post-thumbnail","6":"product_cat-spa-et-produits-de-beaute-a-usage-unique","7":"desktop-align-center","8":"tablet-align-left","9":"mobile-align-left","11":"first","12":"instock","13":"shipping-taxable","14":"product-type-simple"},"_links":{"self":[{"href":"https:\/\/medposnonwoven.com\/fr\/wp-json\/wp\/v2\/product\/3751","targetHints":{"allow":["GET"]}}],"collection":[{"href":"https:\/\/medposnonwoven.com\/fr\/wp-json\/wp\/v2\/product"}],"about":[{"href":"https:\/\/medposnonwoven.com\/fr\/wp-json\/wp\/v2\/types\/product"}],"wp:featuredmedia":[{"embeddable":true,"href":"https:\/\/medposnonwoven.com\/fr\/wp-json\/wp\/v2\/media\/3550"}],"wp:attachment":[{"href":"https:\/\/medposnonwoven.com\/fr\/wp-json\/wp\/v2\/media?parent=3751"}],"wp:term":[{"taxonomy":"product_brand","embeddable":true,"href":"https:\/\/medposnonwoven.com\/fr\/wp-json\/wp\/v2\/product_brand?post=3751"},{"taxonomy":"product_cat","embeddable":true,"href":"https:\/\/medposnonwoven.com\/fr\/wp-json\/wp\/v2\/product_cat?post=3751"},{"taxonomy":"product_tag","embeddable":true,"href":"https:\/\/medposnonwoven.com\/fr\/wp-json\/wp\/v2\/product_tag?post=3751"}],"curies":[{"name":"wp","href":"https:\/\/api.w.org\/{rel}","templated":true}]}}