{"id":3752,"date":"2023-01-16T16:12:08","date_gmt":"2023-01-16T16:12:08","guid":{"rendered":"https:\/\/medposnonwoven.com\/product\/kimono-jetable\/"},"modified":"2023-04-16T08:13:08","modified_gmt":"2023-04-16T08:13:08","slug":"kimono-jetable","status":"publish","type":"product","link":"https:\/\/medposnonwoven.com\/fr\/produit\/kimono-jetable\/","title":{"rendered":"Kimono jetable"},"content":{"rendered":"<ul>\n<li>Les personnes \u00e0 la recherche d&rsquo;une tenue \u00e0 la fois confortable et \u00e0 la mode peuvent opter pour des kimonos jetables. Ils sont agr\u00e9ables \u00e0 porter car ils sont compos\u00e9s de mat\u00e9riaux l\u00e9gers et imperm\u00e9ables comme les tissus non tiss\u00e9s. La facilit\u00e9 avec laquelle les kimonos jetables peuvent \u00eatre jet\u00e9s apr\u00e8s usage en fait une option fantastique pour les h\u00f4tels, les spas et les instituts de beaut\u00e9. Ils peuvent \u00e9galement \u00eatre utilis\u00e9s pour apporter plus de chaleur et de couverture dans d&rsquo;autres lieux, tels que les cabinets m\u00e9dicaux. Les kimonos qui peuvent \u00eatre utilis\u00e9s une fois et jet\u00e9s ensuite constituent une solution pratique et hygi\u00e9nique. Ils constituent une excellente option pour les personnes \u00e0 la recherche d&rsquo;un choix bon march\u00e9 et pratique, car ils sont \u00e9galement peu co\u00fbteux et faciles \u00e0 stocker. En outre, <span data-offset-key=\"1c4j5-702-0\">jetable<\/span><span data-offset-key=\"1c4j5-703-0\"> k<\/span><span data-offset-key=\"1c4j5-704-0\">imon<\/span><span data-offset-key=\"1c4j5-705-0\">os<\/span><span data-offset-key=\"1c4j5-706-0\"> sont<\/span><span data-offset-key=\"1c4j5-707-0\"> a<\/span><span data-offset-key=\"1c4j5-708-0\"> grand<\/span><span data-offset-key=\"1c4j5-709-0\"> mani\u00e8re<\/span><span data-offset-key=\"1c4j5-710-0\"> \u00e0<\/span><span data-offset-key=\"1c4j5-711-0\"> garantir<\/span><span data-offset-key=\"1c4j5-712-0\"> que<\/span><span data-offset-key=\"1c4j5-713-0\"> chacun<\/span><span data-offset-key=\"1c4j5-714-0\"> client<\/span><span data-offset-key=\"1c4j5-715-0\"> est<\/span><span data-offset-key=\"1c4j5-716-0\"> pr\u00e9vu<\/span><span data-offset-key=\"1c4j5-717-0\"> avec<\/span><span data-offset-key=\"1c4j5-718-0\"> a<\/span><span data-offset-key=\"1c4j5-719-0\"> frais<\/span><span data-offset-key=\"1c4j5-720-0\">,<\/span><span data-offset-key=\"1c4j5-721-0\"> propre<\/span><span data-offset-key=\"1c4j5-722-0\"> v\u00eatement<\/span><span data-offset-key=\"1c4j5-723-0\"> apr\u00e8s<\/span><span data-offset-key=\"1c4j5-724-0\"> chacun<\/span><span data-offset-key=\"1c4j5-725-0\"> utiliser<\/span><span data-offset-key=\"1c4j5-726-0\">.<\/span><\/li>\n<li>Le tissu non tiss\u00e9 l\u00e9ger et de haute qualit\u00e9 utilis\u00e9 pour fabriquer ce peignoir jetable offre une durabilit\u00e9 et une utilisation \u00e0 long terme. Cette corde est agr\u00e9able au toucher et s\u00e8che rapidement. La taille polyvalente r\u00e9pondra aux besoins de la majorit\u00e9 des individus ; elle est confortable mais efficace en tant que serviette pour votre s\u00e9ance de SPA ou apr\u00e8s avoir utilis\u00e9 les toilettes, lorsque vous voulez avoir l&rsquo;air bien mais aussi vous sentir bien.<\/li>\n<\/ul>\n<p>&nbsp;<\/p>\n","protected":false},"excerpt":{"rendered":"<ul>\n<li>Doux au toucher, confortable et exempt d&rsquo;allergies cutan\u00e9es ; fabriqu\u00e9 en tissu non tiss\u00e9. En portant ce kimono, m\u00eame les personnes \u00e0 la peau d\u00e9licate se sentiront apais\u00e9es et douces.<\/li>\n<li>Largement utilis\u00e9 dans les SPA, les salles de sport, les piscines, les saunas, les voyages et autres loisirs.<\/li>\n<\/ul>\n<h4>Caract\u00e9ristiques<\/h4>\n<p>Mat\u00e9riau : Polypropyl\u00e8ne Spunbond<\/p>\n<p>Taille : S, M, L<\/p>\n<p>Couleur : noir, blanc, bleu fonc\u00e9<\/p>\n<p>Type:Avec une ceinture \u00e0 nouer<\/p>\n<p>Emballage : 1 pi\u00e8ce\/paquet, 10 paquets\/sac, 10 sacs\/carton<\/p>\n<p>&nbsp;<\/p>\n<p>&nbsp;<\/p>\n","protected":false},"featured_media":3545,"template":"","meta":{"site-sidebar-layout":"default","site-content-layout":"default","ast-site-content-layout":"default","site-content-style":"default","site-sidebar-style":"default","ast-global-header-display":"","ast-banner-title-visibility":"","ast-main-header-display":"","ast-hfb-above-header-display":"","ast-hfb-below-header-display":"","ast-hfb-mobile-header-display":"","site-post-title":"","ast-breadcrumbs-content":"","ast-featured-img":"","footer-sml-layout":"","ast-disable-related-posts":"","theme-transparent-header-meta":"default","adv-header-id-meta":"","stick-header-meta":"","header-above-stick-meta":"","header-main-stick-meta":"","header-below-stick-meta":"","astra-migrate-meta-layouts":"default","ast-page-background-enabled":"default","ast-page-background-meta":{"desktop":{"background-color":"","background-image":"","background-repeat":"repeat","background-position":"center center","background-size":"auto","background-attachment":"scroll","background-type":"","background-media":"","overlay-type":"","overlay-color":"","overlay-opacity":"","overlay-gradient":""},"tablet":{"background-color":"","background-image":"","background-repeat":"repeat","background-position":"center center","background-size":"auto","background-attachment":"scroll","background-type":"","background-media":"","overlay-type":"","overlay-color":"","overlay-opacity":"","overlay-gradient":""},"mobile":{"background-color":"","background-image":"","background-repeat":"repeat","background-position":"center center","background-size":"auto","background-attachment":"scroll","background-type":"","background-media":"","overlay-type":"","overlay-color":"","overlay-opacity":"","overlay-gradient":""}},"ast-content-background-meta":{"desktop":{"background-color":"var(--ast-global-color-5)","background-image":"","background-repeat":"repeat","background-position":"center center","background-size":"auto","background-attachment":"scroll","background-type":"","background-media":"","overlay-type":"","overlay-color":"","overlay-opacity":"","overlay-gradient":""},"tablet":{"background-color":"var(--ast-global-color-5)","background-image":"","background-repeat":"repeat","background-position":"center center","background-size":"auto","background-attachment":"scroll","background-type":"","background-media":"","overlay-type":"","overlay-color":"","overlay-opacity":"","overlay-gradient":""},"mobile":{"background-color":"var(--ast-global-color-5)","background-image":"","background-repeat":"repeat","background-position":"center center","background-size":"auto","background-attachment":"scroll","background-type":"","background-media":"","overlay-type":"","overlay-color":"","overlay-opacity":"","overlay-gradient":""}}},"product_brand":[],"product_cat":[79],"product_tag":[],"class_list":{"0":"post-3752","1":"product","2":"type-product","3":"status-publish","4":"has-post-thumbnail","6":"product_cat-spa-et-produits-de-beaute-a-usage-unique","7":"desktop-align-center","8":"tablet-align-left","9":"mobile-align-left","11":"first","12":"instock","13":"shipping-taxable","14":"product-type-simple"},"_links":{"self":[{"href":"https:\/\/medposnonwoven.com\/fr\/wp-json\/wp\/v2\/product\/3752","targetHints":{"allow":["GET"]}}],"collection":[{"href":"https:\/\/medposnonwoven.com\/fr\/wp-json\/wp\/v2\/product"}],"about":[{"href":"https:\/\/medposnonwoven.com\/fr\/wp-json\/wp\/v2\/types\/product"}],"wp:featuredmedia":[{"embeddable":true,"href":"https:\/\/medposnonwoven.com\/fr\/wp-json\/wp\/v2\/media\/3545"}],"wp:attachment":[{"href":"https:\/\/medposnonwoven.com\/fr\/wp-json\/wp\/v2\/media?parent=3752"}],"wp:term":[{"taxonomy":"product_brand","embeddable":true,"href":"https:\/\/medposnonwoven.com\/fr\/wp-json\/wp\/v2\/product_brand?post=3752"},{"taxonomy":"product_cat","embeddable":true,"href":"https:\/\/medposnonwoven.com\/fr\/wp-json\/wp\/v2\/product_cat?post=3752"},{"taxonomy":"product_tag","embeddable":true,"href":"https:\/\/medposnonwoven.com\/fr\/wp-json\/wp\/v2\/product_tag?post=3752"}],"curies":[{"name":"wp","href":"https:\/\/api.w.org\/{rel}","templated":true}]}}