{"id":3753,"date":"2023-01-16T15:13:41","date_gmt":"2023-01-16T15:13:41","guid":{"rendered":"https:\/\/medposnonwoven.com\/product\/calecons-jetables\/"},"modified":"2023-04-16T08:14:52","modified_gmt":"2023-04-16T08:14:52","slug":"calecons-jetables","status":"publish","type":"product","link":"https:\/\/medposnonwoven.com\/fr\/produit\/calecons-jetables\/","title":{"rendered":"Cale\u00e7ons jetables"},"content":{"rendered":"<p>Apr\u00e8s une douche ou un bain, les cale\u00e7ons jetables sont un choix pratique et unique pour s&rsquo;habiller. Ils sont agr\u00e9ables \u00e0 porter car ils sont compos\u00e9s de mat\u00e9riaux fins et imperm\u00e9ables comme le tissu non tiss\u00e9. De conception simple, ils sont dot\u00e9s d&rsquo;une fermeture \u00e0 la braguette et d&rsquo;une taille \u00e9lastique. En raison de leur facilit\u00e9 \u00e0 \u00eatre jet\u00e9s apr\u00e8s usage, les boxers jetables sont une option fantastique pour les h\u00f4tels, les spas et les instituts de beaut\u00e9. Ils peuvent \u00e9galement \u00eatre utilis\u00e9s pour apporter plus de chaleur et de couverture dans d&rsquo;autres lieux, tels que les cabinets m\u00e9dicaux. Pour les personnes qui pr\u00e9f\u00e8rent garder leur peau propre, les cale\u00e7ons jetables sont disponibles dans une vari\u00e9t\u00e9 de tailles et de teintes et offrent une solution hygi\u00e9nique. <span data-offset-key=\"758el-884-0\">Ils<\/span><span data-offset-key=\"758el-885-0\"> sont<\/span><span data-offset-key=\"758el-886-0\"> \u00e9galement<\/span><span data-offset-key=\"758el-887-0\"> abordable<\/span><span data-offset-key=\"758el-888-0\"> et<\/span><span data-offset-key=\"758el-889-0\"> facile<\/span><span data-offset-key=\"758el-890-0\"> \u00e0<\/span><span data-offset-key=\"758el-891-0\"> magasin<\/span><span data-offset-key=\"758el-892-0\">,<\/span><span data-offset-key=\"758el-893-0\"> r\u00e9alisation<\/span><span data-offset-key=\"758el-894-0\"> les<\/span><span data-offset-key=\"758el-895-0\"> a<\/span><span data-offset-key=\"758el-896-0\"> grand<\/span><span data-offset-key=\"758el-897-0\"> choix<\/span><span data-offset-key=\"758el-898-0\"> pour<\/span><span data-offset-key=\"758el-899-0\"> Ceux-ci<\/span><span data-offset-key=\"758el-900-0\"> \u00e0 la recherche<\/span><span data-offset-key=\"758el-901-0\"> pour<\/span><span data-offset-key=\"758el-902-0\"> un<\/span><span data-offset-key=\"758el-903-0\"> abordable<\/span><span data-offset-key=\"758el-904-0\"> et<\/span><span data-offset-key=\"758el-905-0\"> pratique<\/span><span data-offset-key=\"758el-906-0\"> option<\/span><span data-offset-key=\"758el-907-0\">.<\/span><\/p>\n<p>&nbsp;<\/p>\n<p>&nbsp;<\/p>\n","protected":false},"excerpt":{"rendered":"<ul>\n<li>Les cale\u00e7ons jetables sont compos\u00e9s d&rsquo;un tissu non tiss\u00e9 anti-d\u00e9chirure, agr\u00e9able \u00e0 la peau, doux, respirant, dot\u00e9 d&rsquo;une bonne perm\u00e9abilit\u00e9 \u00e0 l&rsquo;air et d&rsquo;une bonne durabilit\u00e9.<\/li>\n<li>Largement utilis\u00e9 pour le bronzage, les spas, les salons, les massages, les cliniques, les tatouages, les saunas, les h\u00f4pitaux, les h\u00f4tels, les voyages, l&rsquo;usage quotidien, etc.<\/li>\n<\/ul>\n<h4>Caract\u00e9ristiques<\/h4>\n<p>Mat\u00e9riau : Polypropyl\u00e8ne Spunbond<\/p>\n<p>Taille : S, M, L<\/p>\n<p>Couleur : noir, blanc, bleu fonc\u00e9<\/p>\n<p>Type : Avec taille \u00e9lastique<\/p>\n<p>Emballage : 6 pi\u00e8ces\/paquet, 100 paquets\/carton<\/p>\n<p>&nbsp;<\/p>\n<p>&nbsp;<\/p>\n","protected":false},"featured_media":3540,"template":"","meta":{"site-sidebar-layout":"default","site-content-layout":"default","ast-site-content-layout":"default","site-content-style":"default","site-sidebar-style":"default","ast-global-header-display":"","ast-banner-title-visibility":"","ast-main-header-display":"","ast-hfb-above-header-display":"","ast-hfb-below-header-display":"","ast-hfb-mobile-header-display":"","site-post-title":"","ast-breadcrumbs-content":"","ast-featured-img":"","footer-sml-layout":"","ast-disable-related-posts":"","theme-transparent-header-meta":"default","adv-header-id-meta":"","stick-header-meta":"","header-above-stick-meta":"","header-main-stick-meta":"","header-below-stick-meta":"","astra-migrate-meta-layouts":"default","ast-page-background-enabled":"default","ast-page-background-meta":{"desktop":{"background-color":"","background-image":"","background-repeat":"repeat","background-position":"center center","background-size":"auto","background-attachment":"scroll","background-type":"","background-media":"","overlay-type":"","overlay-color":"","overlay-opacity":"","overlay-gradient":""},"tablet":{"background-color":"","background-image":"","background-repeat":"repeat","background-position":"center center","background-size":"auto","background-attachment":"scroll","background-type":"","background-media":"","overlay-type":"","overlay-color":"","overlay-opacity":"","overlay-gradient":""},"mobile":{"background-color":"","background-image":"","background-repeat":"repeat","background-position":"center center","background-size":"auto","background-attachment":"scroll","background-type":"","background-media":"","overlay-type":"","overlay-color":"","overlay-opacity":"","overlay-gradient":""}},"ast-content-background-meta":{"desktop":{"background-color":"var(--ast-global-color-5)","background-image":"","background-repeat":"repeat","background-position":"center center","background-size":"auto","background-attachment":"scroll","background-type":"","background-media":"","overlay-type":"","overlay-color":"","overlay-opacity":"","overlay-gradient":""},"tablet":{"background-color":"var(--ast-global-color-5)","background-image":"","background-repeat":"repeat","background-position":"center center","background-size":"auto","background-attachment":"scroll","background-type":"","background-media":"","overlay-type":"","overlay-color":"","overlay-opacity":"","overlay-gradient":""},"mobile":{"background-color":"var(--ast-global-color-5)","background-image":"","background-repeat":"repeat","background-position":"center center","background-size":"auto","background-attachment":"scroll","background-type":"","background-media":"","overlay-type":"","overlay-color":"","overlay-opacity":"","overlay-gradient":""}}},"product_brand":[],"product_cat":[79],"product_tag":[],"class_list":{"0":"post-3753","1":"product","2":"type-product","3":"status-publish","4":"has-post-thumbnail","6":"product_cat-spa-et-produits-de-beaute-a-usage-unique","7":"desktop-align-center","8":"tablet-align-left","9":"mobile-align-left","11":"first","12":"instock","13":"shipping-taxable","14":"product-type-simple"},"_links":{"self":[{"href":"https:\/\/medposnonwoven.com\/fr\/wp-json\/wp\/v2\/product\/3753","targetHints":{"allow":["GET"]}}],"collection":[{"href":"https:\/\/medposnonwoven.com\/fr\/wp-json\/wp\/v2\/product"}],"about":[{"href":"https:\/\/medposnonwoven.com\/fr\/wp-json\/wp\/v2\/types\/product"}],"wp:featuredmedia":[{"embeddable":true,"href":"https:\/\/medposnonwoven.com\/fr\/wp-json\/wp\/v2\/media\/3540"}],"wp:attachment":[{"href":"https:\/\/medposnonwoven.com\/fr\/wp-json\/wp\/v2\/media?parent=3753"}],"wp:term":[{"taxonomy":"product_brand","embeddable":true,"href":"https:\/\/medposnonwoven.com\/fr\/wp-json\/wp\/v2\/product_brand?post=3753"},{"taxonomy":"product_cat","embeddable":true,"href":"https:\/\/medposnonwoven.com\/fr\/wp-json\/wp\/v2\/product_cat?post=3753"},{"taxonomy":"product_tag","embeddable":true,"href":"https:\/\/medposnonwoven.com\/fr\/wp-json\/wp\/v2\/product_tag?post=3753"}],"curies":[{"name":"wp","href":"https:\/\/api.w.org\/{rel}","templated":true}]}}