{"id":3754,"date":"2023-01-15T16:41:06","date_gmt":"2023-01-15T16:41:06","guid":{"rendered":"https:\/\/medposnonwoven.com\/product\/rouleaux-de-papier-dexamen-jetable\/"},"modified":"2023-04-16T08:22:28","modified_gmt":"2023-04-16T08:22:28","slug":"rouleaux-de-papier-dexamen-jetable","status":"publish","type":"product","link":"https:\/\/medposnonwoven.com\/fr\/produit\/rouleaux-de-papier-dexamen-jetable\/","title":{"rendered":"Rouleaux de papier d&rsquo;examen jetable"},"content":{"rendered":"<ul>\n<li>Nos rouleaux de draps de lit lamin\u00e9s en papier et en film PE sont lamin\u00e9s ensemble par pression physique, sans collage, s\u00fbrs et non toxiques, et le papier et le film peuvent \u00eatre compl\u00e8tement s\u00e9par\u00e9s. Le composite papier + film augmente les performances d&rsquo;imperm\u00e9abilit\u00e9 et d&rsquo;\u00e9tanch\u00e9it\u00e9 de la serviette, ce qui la rend plus propre et plus hygi\u00e9nique. La perforation peut \u00eatre pli\u00e9e en une seule feuille avec une ligne courte pour faciliter le d\u00e9chirement, c&rsquo;est-\u00e0-dire la feuille qui peut \u00eatre pli\u00e9e \u00e0 la taille requise. La couleur, la taille et le motif peuvent \u00eatre personnalis\u00e9s.<\/li>\n<\/ul>\n<p>&nbsp;<\/p>\n","protected":false},"excerpt":{"rendered":"<ul>\n<li>Les rouleaux de papier sont r\u00e9sistants et absorbants, ils contribuent \u00e0 assurer un environnement sanitaire dans la salle d&rsquo;examen pour des soins s\u00fbrs aux patients.<\/li>\n<li>Largement utilis\u00e9 par les professionnels, tables de massage, lits d&rsquo;examen facial, tables d&rsquo;examen hospitalier, tables de chiropracteur et de kin\u00e9sith\u00e9rapie, chaises d&rsquo;esth\u00e9ticienne, de cil, de cire, de tatouage.<\/li>\n<\/ul>\n<h4>Caract\u00e9ristiques<\/h4>\n<p>Mat\u00e9riau : Tissu en p\u00e2te de bois ou PE+papier<\/p>\n<p>Taille : 50cm*50m, 50cm*100m ou sur mesure<\/p>\n<p>Couleur : bleu, blanc, rose<\/p>\n<p>Type : Texture lisse ou cr\u00eape<\/p>\n<p>Emballage : 1 pc\/rouleau, 10 rouleaux\/carton<\/p>\n<p>&nbsp;<\/p>\n<p>&nbsp;<\/p>\n","protected":false},"featured_media":3522,"template":"","meta":{"site-sidebar-layout":"default","site-content-layout":"default","ast-site-content-layout":"default","site-content-style":"default","site-sidebar-style":"default","ast-global-header-display":"","ast-banner-title-visibility":"","ast-main-header-display":"","ast-hfb-above-header-display":"","ast-hfb-below-header-display":"","ast-hfb-mobile-header-display":"","site-post-title":"","ast-breadcrumbs-content":"","ast-featured-img":"","footer-sml-layout":"","ast-disable-related-posts":"","theme-transparent-header-meta":"default","adv-header-id-meta":"","stick-header-meta":"","header-above-stick-meta":"","header-main-stick-meta":"","header-below-stick-meta":"","astra-migrate-meta-layouts":"default","ast-page-background-enabled":"default","ast-page-background-meta":{"desktop":{"background-color":"","background-image":"","background-repeat":"repeat","background-position":"center center","background-size":"auto","background-attachment":"scroll","background-type":"","background-media":"","overlay-type":"","overlay-color":"","overlay-opacity":"","overlay-gradient":""},"tablet":{"background-color":"","background-image":"","background-repeat":"repeat","background-position":"center center","background-size":"auto","background-attachment":"scroll","background-type":"","background-media":"","overlay-type":"","overlay-color":"","overlay-opacity":"","overlay-gradient":""},"mobile":{"background-color":"","background-image":"","background-repeat":"repeat","background-position":"center center","background-size":"auto","background-attachment":"scroll","background-type":"","background-media":"","overlay-type":"","overlay-color":"","overlay-opacity":"","overlay-gradient":""}},"ast-content-background-meta":{"desktop":{"background-color":"var(--ast-global-color-5)","background-image":"","background-repeat":"repeat","background-position":"center center","background-size":"auto","background-attachment":"scroll","background-type":"","background-media":"","overlay-type":"","overlay-color":"","overlay-opacity":"","overlay-gradient":""},"tablet":{"background-color":"var(--ast-global-color-5)","background-image":"","background-repeat":"repeat","background-position":"center center","background-size":"auto","background-attachment":"scroll","background-type":"","background-media":"","overlay-type":"","overlay-color":"","overlay-opacity":"","overlay-gradient":""},"mobile":{"background-color":"var(--ast-global-color-5)","background-image":"","background-repeat":"repeat","background-position":"center center","background-size":"auto","background-attachment":"scroll","background-type":"","background-media":"","overlay-type":"","overlay-color":"","overlay-opacity":"","overlay-gradient":""}}},"product_brand":[],"product_cat":[83],"product_tag":[],"class_list":{"0":"post-3754","1":"product","2":"type-product","3":"status-publish","4":"has-post-thumbnail","6":"product_cat-rouleaux-et-housses-de-lit-jetables","7":"desktop-align-center","8":"tablet-align-left","9":"mobile-align-left","11":"first","12":"instock","13":"shipping-taxable","14":"product-type-simple"},"_links":{"self":[{"href":"https:\/\/medposnonwoven.com\/fr\/wp-json\/wp\/v2\/product\/3754","targetHints":{"allow":["GET"]}}],"collection":[{"href":"https:\/\/medposnonwoven.com\/fr\/wp-json\/wp\/v2\/product"}],"about":[{"href":"https:\/\/medposnonwoven.com\/fr\/wp-json\/wp\/v2\/types\/product"}],"wp:featuredmedia":[{"embeddable":true,"href":"https:\/\/medposnonwoven.com\/fr\/wp-json\/wp\/v2\/media\/3522"}],"wp:attachment":[{"href":"https:\/\/medposnonwoven.com\/fr\/wp-json\/wp\/v2\/media?parent=3754"}],"wp:term":[{"taxonomy":"product_brand","embeddable":true,"href":"https:\/\/medposnonwoven.com\/fr\/wp-json\/wp\/v2\/product_brand?post=3754"},{"taxonomy":"product_cat","embeddable":true,"href":"https:\/\/medposnonwoven.com\/fr\/wp-json\/wp\/v2\/product_cat?post=3754"},{"taxonomy":"product_tag","embeddable":true,"href":"https:\/\/medposnonwoven.com\/fr\/wp-json\/wp\/v2\/product_tag?post=3754"}],"curies":[{"name":"wp","href":"https:\/\/api.w.org\/{rel}","templated":true}]}}