{"id":3756,"date":"2023-01-14T15:06:28","date_gmt":"2023-01-14T15:06:28","guid":{"rendered":"https:\/\/medposnonwoven.com\/product\/serviettes-hygieniques-jetables-pour-bebe\/"},"modified":"2023-04-16T08:28:25","modified_gmt":"2023-04-16T08:28:25","slug":"serviettes-hygieniques-jetables-pour-bebe","status":"publish","type":"product","link":"https:\/\/medposnonwoven.com\/fr\/produit\/serviettes-hygieniques-jetables-pour-bebe\/","title":{"rendered":"Serviettes hygi\u00e9niques jetables pour b\u00e9b\u00e9"},"content":{"rendered":"<ul>\n<li>Les coussinets Chux utilisent une surface en maille imperm\u00e9able au coton, qui est faite de tissus non tiss\u00e9s plus doux que la peau. Il a une forte p\u00e9n\u00e9tration et une absorption rapide. Le liquide est rassembl\u00e9 en un seul endroit, et il n&rsquo;y aura pas de ph\u00e9nom\u00e8ne de d\u00e9trempe, de fesses rouges du nourrisson, d&rsquo;allergies, etc. Le fond de la couche \u00e9tanche en PE ne laisse pas p\u00e9n\u00e9trer le liquide dans le lit, ce qui a une puissante fonction de r\u00e9tr\u00e9cissement.<\/li>\n<li>Il convient principalement aux patients souffrant d&rsquo;incontinence, de paralysie, aux b\u00e9b\u00e9s, aux nuits menstruelles des femmes et aux rapports sexuels des hommes et des femmes. Les al\u00e8ses sont \u00e9galement tr\u00e8s pratiques \u00e0 utiliser en une seule fois. Tant que les al\u00e8ses jetables sont aplaties par le lit ou la voiture du b\u00e9b\u00e9, il faut veiller \u00e0 ce que la peau reste propre et s\u00e8che lors de leur utilisation. Vous devez remplacer les nouvelles al\u00e8ses \u00e0 temps pour \u00e9viter l&rsquo;ecz\u00e9ma et d&rsquo;autres maladies apr\u00e8s l&rsquo;utilisation. Si les patients restent longtemps allong\u00e9s sur le lit, il faut les aider \u00e0 se frotter le corps, \u00e0 se retourner, etc. pour \u00e9viter que la peau ne s&rsquo;endommage.<\/li>\n<\/ul>\n<p>&nbsp;<\/p>\n<p>&nbsp;<\/p>\n<p>&nbsp;<\/p>\n","protected":false},"excerpt":{"rendered":"<ul>\n<li>Les al\u00e8ses pour b\u00e9b\u00e9s sont fabriqu\u00e9es \u00e0 partir d&rsquo;un excellent tissu non tiss\u00e9 et de p\u00e2te \u00e0 papier, elles sont douces et respectueuses de la peau, exemptes de substances irritantes telles que les produits chimiques et les colorants. C&rsquo;est le produit id\u00e9al pour les peaux d\u00e9licates et la peau sensible des nourrissons.<\/li>\n<li>Largement utilis\u00e9 dans les h\u00f4pitaux, les maisons de retraite, les soins aux b\u00e9b\u00e9s, les m\u00e9nages, le dressage des chiens et la protection des meubles.<\/li>\n<\/ul>\n<h4>Caract\u00e9ristiques<\/h4>\n<p>Mat\u00e9riau : non tiss\u00e9+papier+fluff+SAP+film PE<\/p>\n<p>Taille : 60x60cm, 60x90cm ou sur mesure<\/p>\n<p>Couleur : bleu, blanc, vert<\/p>\n<p>Type : Avec ou sans motif gaufr\u00e9<\/p>\n<p>Emballage : 20 pi\u00e8ces\/sac, 15 sacs\/carton<\/p>\n<p>&nbsp;<\/p>\n<p>&nbsp;<\/p>\n","protected":false},"featured_media":3510,"template":"","meta":{"site-sidebar-layout":"default","site-content-layout":"default","ast-site-content-layout":"default","site-content-style":"default","site-sidebar-style":"default","ast-global-header-display":"","ast-banner-title-visibility":"","ast-main-header-display":"","ast-hfb-above-header-display":"","ast-hfb-below-header-display":"","ast-hfb-mobile-header-display":"","site-post-title":"","ast-breadcrumbs-content":"","ast-featured-img":"","footer-sml-layout":"","ast-disable-related-posts":"","theme-transparent-header-meta":"default","adv-header-id-meta":"","stick-header-meta":"","header-above-stick-meta":"","header-main-stick-meta":"","header-below-stick-meta":"","astra-migrate-meta-layouts":"default","ast-page-background-enabled":"default","ast-page-background-meta":{"desktop":{"background-color":"","background-image":"","background-repeat":"repeat","background-position":"center center","background-size":"auto","background-attachment":"scroll","background-type":"","background-media":"","overlay-type":"","overlay-color":"","overlay-opacity":"","overlay-gradient":""},"tablet":{"background-color":"","background-image":"","background-repeat":"repeat","background-position":"center center","background-size":"auto","background-attachment":"scroll","background-type":"","background-media":"","overlay-type":"","overlay-color":"","overlay-opacity":"","overlay-gradient":""},"mobile":{"background-color":"","background-image":"","background-repeat":"repeat","background-position":"center center","background-size":"auto","background-attachment":"scroll","background-type":"","background-media":"","overlay-type":"","overlay-color":"","overlay-opacity":"","overlay-gradient":""}},"ast-content-background-meta":{"desktop":{"background-color":"var(--ast-global-color-5)","background-image":"","background-repeat":"repeat","background-position":"center center","background-size":"auto","background-attachment":"scroll","background-type":"","background-media":"","overlay-type":"","overlay-color":"","overlay-opacity":"","overlay-gradient":""},"tablet":{"background-color":"var(--ast-global-color-5)","background-image":"","background-repeat":"repeat","background-position":"center center","background-size":"auto","background-attachment":"scroll","background-type":"","background-media":"","overlay-type":"","overlay-color":"","overlay-opacity":"","overlay-gradient":""},"mobile":{"background-color":"var(--ast-global-color-5)","background-image":"","background-repeat":"repeat","background-position":"center center","background-size":"auto","background-attachment":"scroll","background-type":"","background-media":"","overlay-type":"","overlay-color":"","overlay-opacity":"","overlay-gradient":""}}},"product_brand":[],"product_cat":[82],"product_tag":[],"class_list":{"0":"post-3756","1":"product","2":"type-product","3":"status-publish","4":"has-post-thumbnail","6":"product_cat-serviettes-hygieniques-jetables","7":"desktop-align-center","8":"tablet-align-left","9":"mobile-align-left","11":"first","12":"instock","13":"shipping-taxable","14":"product-type-simple"},"_links":{"self":[{"href":"https:\/\/medposnonwoven.com\/fr\/wp-json\/wp\/v2\/product\/3756","targetHints":{"allow":["GET"]}}],"collection":[{"href":"https:\/\/medposnonwoven.com\/fr\/wp-json\/wp\/v2\/product"}],"about":[{"href":"https:\/\/medposnonwoven.com\/fr\/wp-json\/wp\/v2\/types\/product"}],"wp:featuredmedia":[{"embeddable":true,"href":"https:\/\/medposnonwoven.com\/fr\/wp-json\/wp\/v2\/media\/3510"}],"wp:attachment":[{"href":"https:\/\/medposnonwoven.com\/fr\/wp-json\/wp\/v2\/media?parent=3756"}],"wp:term":[{"taxonomy":"product_brand","embeddable":true,"href":"https:\/\/medposnonwoven.com\/fr\/wp-json\/wp\/v2\/product_brand?post=3756"},{"taxonomy":"product_cat","embeddable":true,"href":"https:\/\/medposnonwoven.com\/fr\/wp-json\/wp\/v2\/product_cat?post=3756"},{"taxonomy":"product_tag","embeddable":true,"href":"https:\/\/medposnonwoven.com\/fr\/wp-json\/wp\/v2\/product_tag?post=3756"}],"curies":[{"name":"wp","href":"https:\/\/api.w.org\/{rel}","templated":true}]}}