{"id":3757,"date":"2023-01-13T15:23:09","date_gmt":"2023-01-13T15:23:09","guid":{"rendered":"https:\/\/medposnonwoven.com\/product\/manchettes-de-bras-jetables-en-pe-bleu\/"},"modified":"2023-04-16T08:35:00","modified_gmt":"2023-04-16T08:35:00","slug":"manchettes-de-bras-jetables-en-pe-bleu","status":"publish","type":"product","link":"https:\/\/medposnonwoven.com\/fr\/produit\/manchettes-de-bras-jetables-en-pe-bleu\/","title":{"rendered":"Manchettes de bras jetables en PE bleu"},"content":{"rendered":"<ul>\n<li>Comme couche de d\u00e9fense suppl\u00e9mentaire, ces housses jetables peuvent \u00eatre port\u00e9es par-dessus les v\u00eatements pour prot\u00e9ger votre avant-bras des d\u00e9bris, des d\u00e9versements, de la salet\u00e9, des polluants pulv\u00e9rulents et des barri\u00e8res de particules. tout en offrant un grand confort apr\u00e8s des heures d&rsquo;utilisation. Ils sont fabriqu\u00e9s en plastique souple et durable, l\u00e9ger et agr\u00e9able \u00e0 porter. Ces housses jetables peuvent \u00eatre r\u00e9utilis\u00e9es de nombreuses fois car elles ne sont pas du tout fragiles. Deux anneaux en ruban se trouvent aux extr\u00e9mit\u00e9s pour emp\u00eacher l&rsquo;eau de mouiller vos manches et pour maintenir la housse en place. La taille unique convient \u00e0 tout le monde et permet un ajustement facile et confortable.<\/li>\n<\/ul>\n<p>&nbsp;<\/p>\n","protected":false},"excerpt":{"rendered":"<ul>\n<li>Les manchettes jetables ne sont utilis\u00e9es qu&rsquo;une seule fois et sont fabriqu\u00e9es en poly\u00e9thyl\u00e8ne de haute qualit\u00e9. Pendant le port, les housses de bras et de manche sont vraiment confortables et stables. l\u00e9ger et s\u00fbr avec des manches \u00e9lastiques confortables.<\/li>\n<li>Largement utilis\u00e9 dans la manipulation des aliments et les t\u00e2ches humides, les salles de nettoyage, les zones de production \u00e9lectronique, l&rsquo;industrie de l&#8217;emballage, par les nettoyeurs, les d\u00e9corateurs et les artisans.<\/li>\n<\/ul>\n<h4>Caract\u00e9ristiques<\/h4>\n<p>Mat\u00e9riau : Poly\u00e9thyl\u00e8ne (LDPE)<\/p>\n<p>Taille : 16\u2033(40 x 20cm) , 18\u2033 (45 x 22cm)<\/p>\n<p>Couleur : bleu, blanc<\/p>\n<p>Type : Surface gaufr\u00e9e ou lisse, extr\u00e9mit\u00e9s \u00e9lastiques<\/p>\n<p>Emballage : 100 pi\u00e8ces\/sac, 20 sacs\/carton<\/p>\n<p>&nbsp;<\/p>\n<p>&nbsp;<\/p>\n<p>&nbsp;<\/p>\n","protected":false},"featured_media":3497,"template":"","meta":{"site-sidebar-layout":"default","site-content-layout":"default","ast-site-content-layout":"default","site-content-style":"default","site-sidebar-style":"default","ast-global-header-display":"","ast-banner-title-visibility":"","ast-main-header-display":"","ast-hfb-above-header-display":"","ast-hfb-below-header-display":"","ast-hfb-mobile-header-display":"","site-post-title":"","ast-breadcrumbs-content":"","ast-featured-img":"","footer-sml-layout":"","ast-disable-related-posts":"","theme-transparent-header-meta":"default","adv-header-id-meta":"","stick-header-meta":"","header-above-stick-meta":"","header-main-stick-meta":"","header-below-stick-meta":"","astra-migrate-meta-layouts":"default","ast-page-background-enabled":"default","ast-page-background-meta":{"desktop":{"background-color":"","background-image":"","background-repeat":"repeat","background-position":"center center","background-size":"auto","background-attachment":"scroll","background-type":"","background-media":"","overlay-type":"","overlay-color":"","overlay-opacity":"","overlay-gradient":""},"tablet":{"background-color":"","background-image":"","background-repeat":"repeat","background-position":"center center","background-size":"auto","background-attachment":"scroll","background-type":"","background-media":"","overlay-type":"","overlay-color":"","overlay-opacity":"","overlay-gradient":""},"mobile":{"background-color":"","background-image":"","background-repeat":"repeat","background-position":"center center","background-size":"auto","background-attachment":"scroll","background-type":"","background-media":"","overlay-type":"","overlay-color":"","overlay-opacity":"","overlay-gradient":""}},"ast-content-background-meta":{"desktop":{"background-color":"var(--ast-global-color-5)","background-image":"","background-repeat":"repeat","background-position":"center center","background-size":"auto","background-attachment":"scroll","background-type":"","background-media":"","overlay-type":"","overlay-color":"","overlay-opacity":"","overlay-gradient":""},"tablet":{"background-color":"var(--ast-global-color-5)","background-image":"","background-repeat":"repeat","background-position":"center center","background-size":"auto","background-attachment":"scroll","background-type":"","background-media":"","overlay-type":"","overlay-color":"","overlay-opacity":"","overlay-gradient":""},"mobile":{"background-color":"var(--ast-global-color-5)","background-image":"","background-repeat":"repeat","background-position":"center center","background-size":"auto","background-attachment":"scroll","background-type":"","background-media":"","overlay-type":"","overlay-color":"","overlay-opacity":"","overlay-gradient":""}}},"product_brand":[],"product_cat":[84],"product_tag":[],"class_list":{"0":"post-3757","1":"product","2":"type-product","3":"status-publish","4":"has-post-thumbnail","6":"product_cat-couvertures-de-manchons-jetables","7":"desktop-align-center","8":"tablet-align-left","9":"mobile-align-left","11":"first","12":"instock","13":"shipping-taxable","14":"product-type-simple"},"_links":{"self":[{"href":"https:\/\/medposnonwoven.com\/fr\/wp-json\/wp\/v2\/product\/3757","targetHints":{"allow":["GET"]}}],"collection":[{"href":"https:\/\/medposnonwoven.com\/fr\/wp-json\/wp\/v2\/product"}],"about":[{"href":"https:\/\/medposnonwoven.com\/fr\/wp-json\/wp\/v2\/types\/product"}],"wp:featuredmedia":[{"embeddable":true,"href":"https:\/\/medposnonwoven.com\/fr\/wp-json\/wp\/v2\/media\/3497"}],"wp:attachment":[{"href":"https:\/\/medposnonwoven.com\/fr\/wp-json\/wp\/v2\/media?parent=3757"}],"wp:term":[{"taxonomy":"product_brand","embeddable":true,"href":"https:\/\/medposnonwoven.com\/fr\/wp-json\/wp\/v2\/product_brand?post=3757"},{"taxonomy":"product_cat","embeddable":true,"href":"https:\/\/medposnonwoven.com\/fr\/wp-json\/wp\/v2\/product_cat?post=3757"},{"taxonomy":"product_tag","embeddable":true,"href":"https:\/\/medposnonwoven.com\/fr\/wp-json\/wp\/v2\/product_tag?post=3757"}],"curies":[{"name":"wp","href":"https:\/\/api.w.org\/{rel}","templated":true}]}}