{"id":3758,"date":"2023-01-16T13:57:27","date_gmt":"2023-01-16T13:57:27","guid":{"rendered":"https:\/\/medposnonwoven.com\/product\/slips-jetables\/"},"modified":"2023-04-16T08:18:46","modified_gmt":"2023-04-16T08:18:46","slug":"slips-jetables","status":"publish","type":"product","link":"https:\/\/medposnonwoven.com\/fr\/produit\/slips-jetables\/","title":{"rendered":"Slips jetables"},"content":{"rendered":"<p>Les sous-v\u00eatements jetables sont des sous-v\u00eatements que l&rsquo;on porte une fois et que l&rsquo;on jette ensuite. Ces sous-v\u00eatements peuvent \u00eatre fabriqu\u00e9s \u00e0 partir de divers mat\u00e9riaux, mais les plus courants sont les mat\u00e9riaux l\u00e9gers et absorbants tels que les textiles non tiss\u00e9s, la cellulose ou un m\u00e9lange des deux. Ils sont principalement destin\u00e9s \u00e0 \u00eatre port\u00e9s pendant une courte p\u00e9riode, souvent quelques heures seulement, puis \u00e0 \u00eatre retir\u00e9s et jet\u00e9s. Certains sous-v\u00eatements jetables peuvent \u00eatre pr\u00e9-humidifi\u00e9s pour un meilleur confort et sont souvent conditionn\u00e9s dans des emballages individuels pour faciliter leur transport et leur utilisation. Ils sont fr\u00e9quemment utilis\u00e9s dans des situations o\u00f9 les sous-v\u00eatements traditionnels ne sont pas pratiques, par exemple en cas de voyage, d&rsquo;incontinence ou de convalescence apr\u00e8s une intervention chirurgicale.<\/p>\n","protected":false},"excerpt":{"rendered":"<ul>\n<li>Les culottes jetables sont compos\u00e9es d&rsquo;un tissu non tiss\u00e9 anti-d\u00e9chirure, agr\u00e9able \u00e0 la peau, doux, respirant, dot\u00e9 d&rsquo;une bonne perm\u00e9abilit\u00e9 \u00e0 l&rsquo;air et d&rsquo;une bonne durabilit\u00e9.<\/li>\n<li>Largement utilis\u00e9 pour le bronzage, les spas, les salons, les massages, les cliniques, les tatouages, les saunas, les h\u00f4pitaux, les h\u00f4tels, les voyages, l&rsquo;usage quotidien, etc.<\/li>\n<\/ul>\n<h4>Caract\u00e9ristiques<\/h4>\n<p>Mat\u00e9riau : Polypropyl\u00e8ne Spunbond<\/p>\n<p>Taille : S, M, L<\/p>\n<p>Couleur : noir, blanc, bleu fonc\u00e9<\/p>\n<p>Type : Avec cordes \u00e9lastiques<\/p>\n<p>Emballage : 6 pi\u00e8ces\/paquet, 100 paquets\/carton<\/p>\n<p>&nbsp;<\/p>\n","protected":false},"featured_media":3534,"template":"","meta":{"site-sidebar-layout":"default","site-content-layout":"default","ast-site-content-layout":"default","site-content-style":"default","site-sidebar-style":"default","ast-global-header-display":"","ast-banner-title-visibility":"","ast-main-header-display":"","ast-hfb-above-header-display":"","ast-hfb-below-header-display":"","ast-hfb-mobile-header-display":"","site-post-title":"","ast-breadcrumbs-content":"","ast-featured-img":"","footer-sml-layout":"","ast-disable-related-posts":"","theme-transparent-header-meta":"default","adv-header-id-meta":"","stick-header-meta":"","header-above-stick-meta":"","header-main-stick-meta":"","header-below-stick-meta":"","astra-migrate-meta-layouts":"default","ast-page-background-enabled":"default","ast-page-background-meta":{"desktop":{"background-color":"","background-image":"","background-repeat":"repeat","background-position":"center center","background-size":"auto","background-attachment":"scroll","background-type":"","background-media":"","overlay-type":"","overlay-color":"","overlay-opacity":"","overlay-gradient":""},"tablet":{"background-color":"","background-image":"","background-repeat":"repeat","background-position":"center center","background-size":"auto","background-attachment":"scroll","background-type":"","background-media":"","overlay-type":"","overlay-color":"","overlay-opacity":"","overlay-gradient":""},"mobile":{"background-color":"","background-image":"","background-repeat":"repeat","background-position":"center center","background-size":"auto","background-attachment":"scroll","background-type":"","background-media":"","overlay-type":"","overlay-color":"","overlay-opacity":"","overlay-gradient":""}},"ast-content-background-meta":{"desktop":{"background-color":"var(--ast-global-color-5)","background-image":"","background-repeat":"repeat","background-position":"center center","background-size":"auto","background-attachment":"scroll","background-type":"","background-media":"","overlay-type":"","overlay-color":"","overlay-opacity":"","overlay-gradient":""},"tablet":{"background-color":"var(--ast-global-color-5)","background-image":"","background-repeat":"repeat","background-position":"center center","background-size":"auto","background-attachment":"scroll","background-type":"","background-media":"","overlay-type":"","overlay-color":"","overlay-opacity":"","overlay-gradient":""},"mobile":{"background-color":"var(--ast-global-color-5)","background-image":"","background-repeat":"repeat","background-position":"center center","background-size":"auto","background-attachment":"scroll","background-type":"","background-media":"","overlay-type":"","overlay-color":"","overlay-opacity":"","overlay-gradient":""}}},"product_brand":[],"product_cat":[79],"product_tag":[],"class_list":{"0":"post-3758","1":"product","2":"type-product","3":"status-publish","4":"has-post-thumbnail","6":"product_cat-spa-et-produits-de-beaute-a-usage-unique","7":"desktop-align-center","8":"tablet-align-left","9":"mobile-align-left","11":"first","12":"instock","13":"shipping-taxable","14":"product-type-simple"},"_links":{"self":[{"href":"https:\/\/medposnonwoven.com\/fr\/wp-json\/wp\/v2\/product\/3758","targetHints":{"allow":["GET"]}}],"collection":[{"href":"https:\/\/medposnonwoven.com\/fr\/wp-json\/wp\/v2\/product"}],"about":[{"href":"https:\/\/medposnonwoven.com\/fr\/wp-json\/wp\/v2\/types\/product"}],"wp:featuredmedia":[{"embeddable":true,"href":"https:\/\/medposnonwoven.com\/fr\/wp-json\/wp\/v2\/media\/3534"}],"wp:attachment":[{"href":"https:\/\/medposnonwoven.com\/fr\/wp-json\/wp\/v2\/media?parent=3758"}],"wp:term":[{"taxonomy":"product_brand","embeddable":true,"href":"https:\/\/medposnonwoven.com\/fr\/wp-json\/wp\/v2\/product_brand?post=3758"},{"taxonomy":"product_cat","embeddable":true,"href":"https:\/\/medposnonwoven.com\/fr\/wp-json\/wp\/v2\/product_cat?post=3758"},{"taxonomy":"product_tag","embeddable":true,"href":"https:\/\/medposnonwoven.com\/fr\/wp-json\/wp\/v2\/product_tag?post=3758"}],"curies":[{"name":"wp","href":"https:\/\/api.w.org\/{rel}","templated":true}]}}