{"id":3759,"date":"2023-01-14T14:13:06","date_gmt":"2023-01-14T14:13:06","guid":{"rendered":"https:\/\/medposnonwoven.com\/product\/serviettes-hygieniques-jetables-pour-adultes\/"},"modified":"2023-04-16T08:29:01","modified_gmt":"2023-04-16T08:29:01","slug":"serviettes-hygieniques-jetables-pour-adultes","status":"publish","type":"product","link":"https:\/\/medposnonwoven.com\/fr\/produit\/serviettes-hygieniques-jetables-pour-adultes\/","title":{"rendered":"Serviettes hygi\u00e9niques jetables pour adultes"},"content":{"rendered":"<ul>\n<li>Les serviettes hygi\u00e9niques jetables, parfois appel\u00e9es serviettes pour incontinence, sont des serviettes incroyablement absorbantes qui sont g\u00e9n\u00e9ralement utilis\u00e9es pour prot\u00e9ger les matelas contre les dommages caus\u00e9s par l&rsquo;urine. Le tampon est plac\u00e9 au-dessus ou au-dessous des draps, selon les besoins, et sert \u00e0 recueillir les fuites. Afin d&rsquo;\u00e9viter que l&rsquo;urine n&rsquo;endommage les lits et les meubles et de minimiser le lavage du linge, les al\u00e8ses sont devenues la norme dans les h\u00f4pitaux et les \u00e9tablissements de soins de longue dur\u00e9e. Les al\u00e8ses ont d&rsquo;abord \u00e9t\u00e9 cr\u00e9\u00e9es pour prot\u00e9ger les matelas des accidents dus \u00e0 l&rsquo;incontinence des adultes, mais des personnes cr\u00e9atives ont d\u00e9couvert d&rsquo;autres applications pour ces superbes al\u00e8ses.<\/li>\n<li>Protection des meubles &#8211; Les al\u00e8ses peuvent \u00eatre appliqu\u00e9es facilement sur les chaises, les canap\u00e9s, les fauteuils roulants et d&rsquo;autres objets pour prot\u00e9ger les meubles. Quatre bandes adh\u00e9sives sont incluses dans la serviette Tranquility Peach Sheet pour l&rsquo;aider \u00e0 adh\u00e9rer \u00e0 diff\u00e9rentes surfaces.<\/li>\n<li>Sous une chaise perc\u00e9e &#8211; Les toilettes perc\u00e9es sont de petites toilettes portables \u00e0 utiliser au chevet des malades. Les al\u00e8ses sont id\u00e9ales pour prot\u00e9ger le sol sous les toilettes.<\/li>\n<li>Postes \u00e0 langer &#8211; Beaucoup de nos employ\u00e9s ont sugg\u00e9r\u00e9 d&rsquo;utiliser une al\u00e8se comme couverture portable, hygi\u00e9nique et simple pour les postes \u00e0 langer. Comme il est st\u00e9rile, doux et lisse, vous n&rsquo;avez pas \u00e0 craindre que l&rsquo;enfant touche des surfaces non nettoy\u00e9es.<\/li>\n<\/ul>\n","protected":false},"excerpt":{"rendered":"<ul>\n<li>La confiance et le sommeil des hommes, des femmes, des enfants et des personnes \u00e2g\u00e9es peuvent \u00eatre am\u00e9lior\u00e9s gr\u00e2ce \u00e0 l&rsquo;utilisation de ces protections \u00e9paisses contre l&rsquo;incontinence, qui prot\u00e8gent la literie et le linge de maison contre les troubles v\u00e9sicaux ou urinaires incontr\u00f4l\u00e9s.<\/li>\n<li>Largement utilis\u00e9 dans les h\u00f4pitaux, les maisons de retraite, les soins aux b\u00e9b\u00e9s, les m\u00e9nages, le dressage des chiens et la protection des meubles.<\/li>\n<\/ul>\n<h4>Caract\u00e9ristiques<\/h4>\n<p>Mat\u00e9riau : non tiss\u00e9+papier+fluff+SAP+film PE<\/p>\n<p>Taille : 60x60cm, 60x90cm ou sur mesure<\/p>\n<p>Couleur : bleu, blanc, vert<\/p>\n<p>Type : Avec ou sans motif gaufr\u00e9<\/p>\n<p>Emballage : 20 pi\u00e8ces\/sac, 15 sacs\/carton<\/p>\n<p>&nbsp;<\/p>\n","protected":false},"featured_media":3507,"template":"","meta":{"site-sidebar-layout":"default","site-content-layout":"default","ast-site-content-layout":"default","site-content-style":"default","site-sidebar-style":"default","ast-global-header-display":"","ast-banner-title-visibility":"","ast-main-header-display":"","ast-hfb-above-header-display":"","ast-hfb-below-header-display":"","ast-hfb-mobile-header-display":"","site-post-title":"","ast-breadcrumbs-content":"","ast-featured-img":"","footer-sml-layout":"","ast-disable-related-posts":"","theme-transparent-header-meta":"default","adv-header-id-meta":"","stick-header-meta":"","header-above-stick-meta":"","header-main-stick-meta":"","header-below-stick-meta":"","astra-migrate-meta-layouts":"default","ast-page-background-enabled":"default","ast-page-background-meta":{"desktop":{"background-color":"","background-image":"","background-repeat":"repeat","background-position":"center center","background-size":"auto","background-attachment":"scroll","background-type":"","background-media":"","overlay-type":"","overlay-color":"","overlay-opacity":"","overlay-gradient":""},"tablet":{"background-color":"","background-image":"","background-repeat":"repeat","background-position":"center center","background-size":"auto","background-attachment":"scroll","background-type":"","background-media":"","overlay-type":"","overlay-color":"","overlay-opacity":"","overlay-gradient":""},"mobile":{"background-color":"","background-image":"","background-repeat":"repeat","background-position":"center center","background-size":"auto","background-attachment":"scroll","background-type":"","background-media":"","overlay-type":"","overlay-color":"","overlay-opacity":"","overlay-gradient":""}},"ast-content-background-meta":{"desktop":{"background-color":"var(--ast-global-color-5)","background-image":"","background-repeat":"repeat","background-position":"center center","background-size":"auto","background-attachment":"scroll","background-type":"","background-media":"","overlay-type":"","overlay-color":"","overlay-opacity":"","overlay-gradient":""},"tablet":{"background-color":"var(--ast-global-color-5)","background-image":"","background-repeat":"repeat","background-position":"center center","background-size":"auto","background-attachment":"scroll","background-type":"","background-media":"","overlay-type":"","overlay-color":"","overlay-opacity":"","overlay-gradient":""},"mobile":{"background-color":"var(--ast-global-color-5)","background-image":"","background-repeat":"repeat","background-position":"center center","background-size":"auto","background-attachment":"scroll","background-type":"","background-media":"","overlay-type":"","overlay-color":"","overlay-opacity":"","overlay-gradient":""}}},"product_brand":[],"product_cat":[82],"product_tag":[],"class_list":{"0":"post-3759","1":"product","2":"type-product","3":"status-publish","4":"has-post-thumbnail","6":"product_cat-serviettes-hygieniques-jetables","7":"desktop-align-center","8":"tablet-align-left","9":"mobile-align-left","11":"first","12":"instock","13":"shipping-taxable","14":"product-type-simple"},"_links":{"self":[{"href":"https:\/\/medposnonwoven.com\/fr\/wp-json\/wp\/v2\/product\/3759","targetHints":{"allow":["GET"]}}],"collection":[{"href":"https:\/\/medposnonwoven.com\/fr\/wp-json\/wp\/v2\/product"}],"about":[{"href":"https:\/\/medposnonwoven.com\/fr\/wp-json\/wp\/v2\/types\/product"}],"wp:featuredmedia":[{"embeddable":true,"href":"https:\/\/medposnonwoven.com\/fr\/wp-json\/wp\/v2\/media\/3507"}],"wp:attachment":[{"href":"https:\/\/medposnonwoven.com\/fr\/wp-json\/wp\/v2\/media?parent=3759"}],"wp:term":[{"taxonomy":"product_brand","embeddable":true,"href":"https:\/\/medposnonwoven.com\/fr\/wp-json\/wp\/v2\/product_brand?post=3759"},{"taxonomy":"product_cat","embeddable":true,"href":"https:\/\/medposnonwoven.com\/fr\/wp-json\/wp\/v2\/product_cat?post=3759"},{"taxonomy":"product_tag","embeddable":true,"href":"https:\/\/medposnonwoven.com\/fr\/wp-json\/wp\/v2\/product_tag?post=3759"}],"curies":[{"name":"wp","href":"https:\/\/api.w.org\/{rel}","templated":true}]}}